{"id":4771,"date":"2021-03-19T12:34:44","date_gmt":"2021-03-19T12:34:44","guid":{"rendered":"https:\/\/desarrollo5.capazita.com\/?page_id=4771"},"modified":"2024-10-30T10:43:35","modified_gmt":"2024-10-30T10:43:35","slug":"politica-cookies","status":"publish","type":"page","link":"https:\/\/www.decolor.com\/de\/politica-cookies\/","title":{"rendered":"Cookie-Richtlinie"},"content":{"rendered":"<div data-elementor-type=\"wp-page\" data-elementor-id=\"4771\" class=\"elementor elementor-4771\" data-elementor-post-type=\"page\">\n\t\t\t\t\t\t<section data-particle_enable=\"false\" data-particle-mobile-disabled=\"false\" class=\"elementor-section elementor-top-section elementor-element elementor-element-525ac15 elementor-section-boxed elementor-section-height-default elementor-section-height-default\" data-id=\"525ac15\" data-element_type=\"section\">\n\t\t\t\t\t\t\t<div class=\"elementor-background-overlay\"><\/div>\n\t\t\t\t\t\t\t<div class=\"elementor-container elementor-column-gap-default\">\n\t\t\t\t\t<div class=\"elementor-column elementor-col-100 elementor-top-column elementor-element elementor-element-6d7f690\" data-id=\"6d7f690\" data-element_type=\"column\">\n\t\t\t<div class=\"elementor-widget-wrap elementor-element-populated\">\n\t\t\t\t\t\t<div class=\"elementor-element elementor-element-9d723b4 elementor-widget elementor-widget-heading\" data-id=\"9d723b4\" data-element_type=\"widget\" data-widget_type=\"heading.default\">\n\t\t\t\t<div class=\"elementor-widget-container\">\n\t\t\t<h2 class=\"elementor-heading-title elementor-size-default\">COOKIES-RICHTLINIE<\/h2>\t\t<\/div>\n\t\t\t\t<\/div>\n\t\t\t\t\t<\/div>\n\t\t<\/div>\n\t\t\t\t\t<\/div>\n\t\t<\/section>\n\t\t\t\t<section data-particle_enable=\"false\" data-particle-mobile-disabled=\"false\" class=\"elementor-section elementor-top-section elementor-element elementor-element-ef710dc txt-content elementor-section-boxed elementor-section-height-default elementor-section-height-default\" data-id=\"ef710dc\" data-element_type=\"section\">\n\t\t\t\t\t\t<div class=\"elementor-container elementor-column-gap-default\">\n\t\t\t\t\t<div class=\"elementor-column elementor-col-100 elementor-top-column elementor-element elementor-element-e0e3317\" data-id=\"e0e3317\" data-element_type=\"column\">\n\t\t\t<div class=\"elementor-widget-wrap elementor-element-populated\">\n\t\t\t\t\t\t<div class=\"elementor-element elementor-element-06ace34 elementor-widget elementor-widget-text-editor\" data-id=\"06ace34\" data-element_type=\"widget\" data-widget_type=\"text-editor.default\">\n\t\t\t\t<div class=\"elementor-widget-container\">\n\t\t\t\t\t\t\t<p>Willkommen zu <strong>COOKIES-RICHTLINIE<\/strong> auf der Website des Unternehmens PINTURAS DECOLOR, SL mit der NIF-Nummer B02021459, auf der wir Ihnen in klarer und einfacher Sprache alle notwendigen Themen erl\u00e4utern, damit Sie auf der Grundlage Ihrer pers\u00f6nlichen Entscheidungen die Kontrolle dar\u00fcber haben.<\/p>\t\t\t\t\t\t<\/div>\n\t\t\t\t<\/div>\n\t\t\t\t<div class=\"elementor-element elementor-element-98e0a38 elementor-widget elementor-widget-accordion\" data-id=\"98e0a38\" data-element_type=\"widget\" data-widget_type=\"accordion.default\">\n\t\t\t\t<div class=\"elementor-widget-container\">\n\t\t\t\t\t<div class=\"elementor-accordion\">\n\t\t\t\t\t\t\t<div class=\"elementor-accordion-item\">\n\t\t\t\t\t<div id=\"elementor-tab-title-1601\" class=\"elementor-tab-title\" data-tab=\"1\" role=\"button\" aria-controls=\"elementor-tab-content-1601\" aria-expanded=\"false\">\n\t\t\t\t\t\t\t\t\t\t\t\t\t<span class=\"elementor-accordion-icon elementor-accordion-icon-left\" aria-hidden=\"true\">\n\t\t\t\t\t\t\t\t\t\t\t\t\t\t\t<span class=\"elementor-accordion-icon-closed\"><i class=\"fas fa-plus\"><\/i><\/span>\n\t\t\t\t\t\t\t\t<span class=\"elementor-accordion-icon-opened\"><i class=\"fas fa-minus\"><\/i><\/span>\n\t\t\t\t\t\t\t\t\t\t\t\t\t\t<\/span>\n\t\t\t\t\t\t\t\t\t\t\t\t<a class=\"elementor-accordion-title\" tabindex=\"0\">1. WAS SIND COOKIES UND WOF\u00dcR VERWENDEN WIR SIE?<\/a>\n\t\t\t\t\t<\/div>\n\t\t\t\t\t<div id=\"elementor-tab-content-1601\" class=\"elementor-tab-content elementor-clearfix\" data-tab=\"1\" role=\"region\" aria-labelledby=\"elementor-tab-title-1601\"><p>Ein Cookie oder Computer-Cookie ist eine kleine Informationsdatei, die bei jedem Besuch unserer Website auf Ihrem Computer, Smartphone oder Tablet gespeichert wird.<\/p><p>Grunds\u00e4tzlich ist ein Cookie harmlos: Es enth\u00e4lt keine Viren, Trojaner, W\u00fcrmer etc. Dies kann zu Sch\u00e4den an Ihrem Endger\u00e4t f\u00fchren, wirkt sich jedoch in gewisser Weise auf Ihr Recht auf den Schutz Ihrer pers\u00f6nlichen Daten aus, da bestimmte Informationen \u00fcber Sie (Surfgewohnheiten, Identit\u00e4t, Vorlieben usw.) erfasst werden.<\/p><p>Aus diesem Grund erfordert die Aktivierung bestimmter Arten von Cookies auf der Grundlage der geltenden Vorschriften (LSSI und aktuelle Vorschriften zum Schutz personenbezogener Daten) Ihre vorherige Genehmigung.<\/p><p>Zuvor geben wir Ihnen einige zus\u00e4tzliche Informationen, die Ihnen dabei helfen, diesbez\u00fcglich bessere Entscheidungen zu treffen:<\/p><ol><li>Cookies k\u00f6nnen je nach Zweck unterschiedlicher Art sein:<br \/>\u2013 Technische Cookies sind f\u00fcr das Funktionieren unserer Website erforderlich. Sie erfordern keine Genehmigung durch Sie und sind die einzigen, die wir standardm\u00e4\u00dfig aktiviert haben.<br \/>\u2013 Die \u00fcbrigen Cookies werden verwendet, um unsere Seite zu verbessern, sie entsprechend Ihren Pr\u00e4ferenzen zu personalisieren oder um Ihnen Werbung zeigen zu k\u00f6nnen, die auf Ihre Suchanfragen, Vorlieben und pers\u00f6nlichen Interessen zugeschnitten ist. Sie k\u00f6nnen alle diese Cookies akzeptieren, indem Sie auf die Schaltfl\u00e4che klicken <strong>AKZEPTIEREN<\/strong>, lehnen Sie sie ab, indem Sie die Taste dr\u00fccken <strong>ABFALL<\/strong> oder konfigurieren Sie sie, indem Sie auf den Abschnitt klicken <strong>COOKIE-EINSTELLUNGEN<\/strong>.<\/li><li>Einige Cookies geh\u00f6ren uns (wir nennen sie <strong>eigene Cookies<\/strong>) und andere geh\u00f6ren externen Unternehmen, die Dienste f\u00fcr unsere Website bereitstellen (wir nennen sie). <strong>Cookies von Drittanbietern<\/strong>: Ein Beispiel k\u00f6nnten Cookies von externen Anbietern wie Google sein). In diesem Sinne ist es wichtig, dass Sie wissen, dass einige dieser externen Anbieter m\u00f6glicherweise au\u00dferhalb Spaniens ans\u00e4ssig sind.<br \/><br \/>Weltweit verf\u00fcgen nicht alle L\u00e4nder \u00fcber das gleiche Datenschutzniveau, wobei einige L\u00e4nder sicherer sind als andere (beispielsweise ist die Europ\u00e4ische Union eine sichere Umgebung f\u00fcr Ihre Daten). Unser Grundsatz besteht darin, zuverl\u00e4ssige Anbieter zu nutzen, die unabh\u00e4ngig davon, ob sie in der Europ\u00e4ischen Union ans\u00e4ssig sind oder nicht, angemessene Sicherheitsvorkehrungen zum Schutz Ihrer personenbezogenen Daten getroffen haben. Im Abschnitt namens <strong>WELCHE ART VON COOKIES WERDEN DERZEIT AUF UNSERER WEBSITE VERWENDET?<\/strong>k\u00f6nnen Sie die unterschiedlichen Datenschutzrichtlinien der oben genannten externen Anbieter konsultieren, um eine bewusste Entscheidung \u00fcber die Aktivierung zu treffen <strong>Cookies von Drittanbietern<\/strong> wer unsere Website nutzt. <\/li><li>\u00a0Abschlie\u00dfend m\u00f6chten wir Sie dar\u00fcber informieren, dass es je nach der Dauer ihrer Aktivit\u00e4t zwei Arten von Cookies geben kann:<br \/>\u2013 <strong>Sitzungscookies<\/strong>: Sie verfallen automatisch, wenn Sie die Sitzung auf Ihrem Computer, Smartphone oder Tablet beenden. Sie werden in der Regel verwendet, um notwendige Informationen w\u00e4hrend der Erbringung einer Dienstleistung f\u00fcr Sie bei einer einzelnen Gelegenheit aufzubewahren.<br \/>\u2013 <strong>Dauerhafte Cookies<\/strong>: Sie bleiben f\u00fcr einen bestimmten Zeitraum auf Ihrem Computer, Smartphone oder Tablet gespeichert, der zwischen einigen Minuten und mehreren Jahren variieren kann.<\/li><\/ol><\/div>\n\t\t\t\t<\/div>\n\t\t\t\t\t\t\t<div class=\"elementor-accordion-item\">\n\t\t\t\t\t<div id=\"elementor-tab-title-1602\" class=\"elementor-tab-title\" data-tab=\"2\" role=\"button\" aria-controls=\"elementor-tab-content-1602\" aria-expanded=\"false\">\n\t\t\t\t\t\t\t\t\t\t\t\t\t<span class=\"elementor-accordion-icon elementor-accordion-icon-left\" aria-hidden=\"true\">\n\t\t\t\t\t\t\t\t\t\t\t\t\t\t\t<span class=\"elementor-accordion-icon-closed\"><i class=\"fas fa-plus\"><\/i><\/span>\n\t\t\t\t\t\t\t\t<span class=\"elementor-accordion-icon-opened\"><i class=\"fas fa-minus\"><\/i><\/span>\n\t\t\t\t\t\t\t\t\t\t\t\t\t\t<\/span>\n\t\t\t\t\t\t\t\t\t\t\t\t<a class=\"elementor-accordion-title\" tabindex=\"0\">2. Welche Art von Cookies k\u00f6nnen wir auf unserer Website verwenden?<\/a>\n\t\t\t\t\t<\/div>\n\t\t\t\t\t<div id=\"elementor-tab-content-1602\" class=\"elementor-tab-content elementor-clearfix\" data-tab=\"2\" role=\"region\" aria-labelledby=\"elementor-tab-title-1602\"><p><strong>Technische Cookies:<\/strong><br \/>Technische Cookies sind unbedingt erforderlich, damit unsere Website funktioniert und Sie darauf navigieren k\u00f6nnen. Bei diesen Arten von Cookies handelt es sich beispielsweise um solche, die es uns erm\u00f6glichen, Sie zu identifizieren, Ihnen bei Bedarf Zugang zu bestimmten eingeschr\u00e4nkten Teilen der Seite zu gew\u00e4hren oder sich an verschiedene Optionen oder Dienste zu erinnern, die Sie bereits ausgew\u00e4hlt haben, wie etwa Ihre Datenschutzeinstellungen. Daher sind sie standardm\u00e4\u00dfig aktiviert und Ihre Genehmigung ist diesbez\u00fcglich nicht erforderlich.<br \/>\u00dcber Ihre Browsereinstellungen k\u00f6nnen Sie diese Art von Cookies blockieren oder Sie auf das Vorhandensein dieser Cookies aufmerksam machen. Diese Blockierung beeintr\u00e4chtigt jedoch die korrekte Funktion der verschiedenen Funktionen unserer Website.<\/p><p><strong>Analyse-Cookies:<\/strong><br \/>Analyse-Cookies erm\u00f6glichen es uns, die Navigation der Benutzer auf unserer Website im Allgemeinen zu untersuchen (z. B. welche Abschnitte der Seite am h\u00e4ufigsten besucht werden, welche Dienste am h\u00e4ufigsten genutzt werden und ob sie ordnungsgem\u00e4\u00df funktionieren usw.).<\/p><p>Mithilfe statistischer Informationen \u00fcber die Navigation auf unserer Website k\u00f6nnen wir sowohl den Betrieb der Website als auch die verschiedenen angebotenen Dienste verbessern. Daher dienen diese Cookies nicht zu Werbezwecken, sondern dienen lediglich dazu, die Funktionsweise unserer Website zu verbessern und sich allgemein an unsere Benutzer anzupassen.<\/p><p>Indem Sie sie aktivieren, tragen Sie zu dieser kontinuierlichen Verbesserung bei.<br \/>Sie k\u00f6nnen diese Cookies aktivieren oder deaktivieren, indem Sie das entsprechende K\u00e4stchen ankreuzen, da diese standardm\u00e4\u00dfig deaktiviert sind.<\/p><p><strong>Funktionalit\u00e4ts- und Personalisierungs-Cookies:<\/strong><br \/>Funktionalit\u00e4tscookies erm\u00f6glichen es uns, Ihre Pr\u00e4ferenzen zu speichern und bestimmte allgemeine Funktionen und Optionen unserer Website bei jedem Zugriff an Ihre Bed\u00fcrfnisse zu personalisieren (z. B. die Sprache, in der Ihnen die Informationen pr\u00e4sentiert werden, die als Favoriten markierten Abschnitte, Ihre Art des Browsers usw.).<\/p><p>Daher haben diese Arten von Cookies keinen Werbezweck, aber durch ihre Aktivierung verbessern Sie die Funktionalit\u00e4t der Website (z. B. Anpassung an Ihren Browsertyp) und personalisieren sie entsprechend Ihren Pr\u00e4ferenzen (z. B. Darstellung der Informationen). in der Sprache, die Sie bei fr\u00fcheren Gelegenheiten gew\u00e4hlt haben), was zur Benutzerfreundlichkeit, Benutzerfreundlichkeit und dem Komfort unserer Seite w\u00e4hrend Ihrer Navigation beitr\u00e4gt.<\/p><p>Sie k\u00f6nnen diese Cookies aktivieren oder deaktivieren, indem Sie das entsprechende K\u00e4stchen ankreuzen, da diese standardm\u00e4\u00dfig deaktiviert sind.<\/p><p><strong>Werbe-Cookies:<\/strong><br \/>Mithilfe von Werbe-Cookies k\u00f6nnen wir die auf unserer Website enthaltenen Werbefl\u00e4chen anhand von Kriterien wie dem angezeigten Inhalt oder der H\u00e4ufigkeit, mit der die Anzeigen angezeigt werden, verwalten.<\/p><p>Wenn Ihnen beispielsweise dieselbe Anzeige mehrmals auf unserer Website angezeigt wurde und Sie durch Anklicken kein pers\u00f6nliches Interesse gezeigt haben, wird sie nicht erneut angezeigt. Zusammenfassend l\u00e4sst sich sagen, dass durch die Aktivierung dieser Art von Cookies die auf unserer Website angezeigte Werbung n\u00fctzlicher und vielf\u00e4ltiger ist und sich weniger wiederholt. <br \/>Sie k\u00f6nnen diese Cookies aktivieren oder deaktivieren, indem Sie das entsprechende K\u00e4stchen ankreuzen, da diese standardm\u00e4\u00dfig deaktiviert sind.<\/p><p><strong>Verhaltensbezogene Werbe-Cookies:<\/strong><br \/>Verhaltensbezogene Werbecookies erm\u00f6glichen es uns, Informationen auf der Grundlage der Beobachtung Ihrer Surfgewohnheiten und Ihres Verhaltens im Internet zu erhalten, um Ihnen Werbeinhalte zeigen zu k\u00f6nnen, die Ihren pers\u00f6nlichen Vorlieben und Interessen am besten entsprechen.<\/p><p>Damit Sie es ganz einfach verstehen, geben wir Ihnen ein fiktives Beispiel: Wenn sich Ihre letzten Suchanfragen im Web auf Krimis-Literatur bezogen, w\u00fcrden wir Ihnen Werbung f\u00fcr Krimis-B\u00fccher zeigen.<\/p><p>Durch die Aktivierung dieser Art von Cookies ist die Werbung, die wir Ihnen auf unserer Website zeigen, nicht generisch, sondern orientiert sich an Ihren Suchanfragen, Vorlieben und Interessen und passt sich somit ausschlie\u00dflich Ihnen an.<\/p><p>Sie k\u00f6nnen diese Cookies aktivieren oder deaktivieren, indem Sie das entsprechende K\u00e4stchen ankreuzen, da diese standardm\u00e4\u00dfig deaktiviert sind.<\/p><\/div>\n\t\t\t\t<\/div>\n\t\t\t\t\t\t\t<div class=\"elementor-accordion-item\">\n\t\t\t\t\t<div id=\"elementor-tab-title-1603\" class=\"elementor-tab-title\" data-tab=\"3\" role=\"button\" aria-controls=\"elementor-tab-content-1603\" aria-expanded=\"false\">\n\t\t\t\t\t\t\t\t\t\t\t\t\t<span class=\"elementor-accordion-icon elementor-accordion-icon-left\" aria-hidden=\"true\">\n\t\t\t\t\t\t\t\t\t\t\t\t\t\t\t<span class=\"elementor-accordion-icon-closed\"><i class=\"fas fa-plus\"><\/i><\/span>\n\t\t\t\t\t\t\t\t<span class=\"elementor-accordion-icon-opened\"><i class=\"fas fa-minus\"><\/i><\/span>\n\t\t\t\t\t\t\t\t\t\t\t\t\t\t<\/span>\n\t\t\t\t\t\t\t\t\t\t\t\t<a class=\"elementor-accordion-title\" tabindex=\"0\">3. Welche Art von Cookies werden derzeit auf unserer Website verwendet?<\/a>\n\t\t\t\t\t<\/div>\n\t\t\t\t\t<div id=\"elementor-tab-content-1603\" class=\"elementor-tab-content elementor-clearfix\" data-tab=\"3\" role=\"region\" aria-labelledby=\"elementor-tab-title-1603\">Als N\u00e4chstes informieren wir Sie \u00fcber alle Arten von Cookies, die derzeit auf unserer Website verwendet werden, und den Zweck jedes einzelnen von ihnen:\n\n<div class=\"cky-audit-table-element\"><\/div><\/div>\n\t\t\t\t<\/div>\n\t\t\t\t\t\t\t<div class=\"elementor-accordion-item\">\n\t\t\t\t\t<div id=\"elementor-tab-title-1604\" class=\"elementor-tab-title\" data-tab=\"4\" role=\"button\" aria-controls=\"elementor-tab-content-1604\" aria-expanded=\"false\">\n\t\t\t\t\t\t\t\t\t\t\t\t\t<span class=\"elementor-accordion-icon elementor-accordion-icon-left\" aria-hidden=\"true\">\n\t\t\t\t\t\t\t\t\t\t\t\t\t\t\t<span class=\"elementor-accordion-icon-closed\"><i class=\"fas fa-plus\"><\/i><\/span>\n\t\t\t\t\t\t\t\t<span class=\"elementor-accordion-icon-opened\"><i class=\"fas fa-minus\"><\/i><\/span>\n\t\t\t\t\t\t\t\t\t\t\t\t\t\t<\/span>\n\t\t\t\t\t\t\t\t\t\t\t\t<a class=\"elementor-accordion-title\" tabindex=\"0\">4. WAS K\u00d6NNEN SIE MIT COOKIES MACHEN?<\/a>\n\t\t\t\t\t<\/div>\n\t\t\t\t\t<div id=\"elementor-tab-content-1604\" class=\"elementor-tab-content elementor-clearfix\" data-tab=\"4\" role=\"region\" aria-labelledby=\"elementor-tab-title-1604\"><p>Wenn Sie unsere Website zum ersten Mal aufrufen, wird Ihnen ein Fenster angezeigt, in dem wir Sie dar\u00fcber informieren, dass es sich um verschiedene Arten von Cookies handeln kann:<\/p><ul><li>Technische Cookies sind f\u00fcr das Funktionieren unserer Website notwendig, erfordern keine Genehmigung durch Sie und sind die einzigen, die wir standardm\u00e4\u00dfig aktiviert haben.<\/li><li>Die \u00fcbrigen Cookies dienen dazu, unsere Seite zu verbessern, sie entsprechend Ihren Vorlieben zu personalisieren oder Ihnen Werbung anzuzeigen, die auf Ihre Suchanfragen, Ihren Geschmack und Ihre pers\u00f6nlichen Interessen zugeschnitten ist. Sie k\u00f6nnen alle diese Cookies akzeptieren, indem Sie auf die Schaltfl\u00e4che klicken <strong>AKZEPTIEREN<\/strong>, lehnen Sie sie ab, indem Sie die Taste dr\u00fccken <strong>ABFALL<\/strong> oder konfigurieren Sie sie, indem Sie auf den Abschnitt klicken <strong>COOKIE-EINSTELLUNGEN<\/strong>.<\/li><\/ul><p>Informieren Sie Sie auch dar\u00fcber, dass Sie, sobald Sie Cookies jeglicher Art aktiviert haben, jederzeit die M\u00f6glichkeit haben, diese zu deaktivieren, indem Sie einfach das entsprechende Kontrollk\u00e4stchen im Abschnitt deaktivieren <strong>COOKIE-EINSTELLUNGEN<\/strong> unserer Website. Es wird f\u00fcr Sie immer genauso einfach sein, unsere eigenen Cookies zu aktivieren wie sie zu deaktivieren.<\/p><p>Bitte beachten Sie auch, dass Sie durch die Konfiguration Ihres Browsers die M\u00f6glichkeit haben, Cookies zu blockieren oder Sie auf das Vorhandensein von Cookies aufmerksam zu machen. Diese Blockierung kann jedoch im Falle notwendiger technischer Cookies die ordnungsgem\u00e4\u00dfe Funktion der verschiedenen Funktionen unserer Website beeintr\u00e4chtigen.<\/p><p>Sagen Sie das abschlie\u00dfend, wenn Sie es aktivieren <strong>Cookies von Drittanbietern<\/strong> (externe Unternehmen, die Dienstleistungen f\u00fcr unsere Website erbringen) und diese anschlie\u00dfend deaktivieren m\u00f6chten, k\u00f6nnen Sie dies auf zwei Arten tun: \u00fcber die Cookie-Deaktivierungstools in Ihrem Browser oder \u00fcber die von diesen externen Anbietern aktivierten Systeme.<\/p><p>Um es Ihnen deutlich einfacher zu machen, listen wir nachfolgend eine Reihe von Links zu den Cookie-Deaktivierungsrichtlinien f\u00fcr g\u00e4ngige Browser auf:<\/p><p>Chrome, seitdem<br \/>http:\/\/support.google.com\/chrome\/bin\/answer.py?hl=es&amp;answer=95647<\/p><p>Explorer, von<br \/>http:\/\/windows.microsoft.com\/es-es\/windows7\/how-to-manage-cookies-in-internet-explorer-9<\/p><p>Seitdem Firefox<br \/>http:\/\/support.mozilla.org\/es\/kb\/habilitar-y-deshabilitar-cookies-que-los-sitios-we<\/p><p>Safari, von<br \/>http:\/\/support.apple.com\/kb\/ph5042<\/p><p>Ebenso stellen wir Links zu den eigenen Systemen zur Verf\u00fcgung, die es jedem der oben genannten externen Anbieter erm\u00f6glichen, ihre Cookies zu deaktivieren:<\/p><p>\u00a0<\/p><\/div>\n\t\t\t\t<\/div>\n\t\t\t\t\t\t\t\t<\/div>\n\t\t\t\t<\/div>\n\t\t\t\t<\/div>\n\t\t\t\t\t<\/div>\n\t\t<\/div>\n\t\t\t\t\t<\/div>\n\t\t<\/section>\n\t\t\t\t<\/div>","protected":false},"excerpt":{"rendered":"<p>COOKIE-RICHTLINIE Willkommen bei der COOKIE-RICHTLINIE der Website von PINTURAS DECOLOR, SL, mit NIF B02021459, wo wir in klarer und einfacher Sprache alle notwendigen Fragen erkl\u00e4ren, damit Sie diese auf der Grundlage Ihrer pers\u00f6nlichen Entscheidungen kontrollieren k\u00f6nnen. 1. WAS SIND COOKIES\u2026 <a class=\"more-link\" href=\"https:\/\/www.decolor.com\/de\/politica-cookies\/\"><span class=\"screen-reader-text\">Cookie-Richtlinie<\/span> weitersen<\/a><\/p>","protected":false},"author":1,"featured_media":0,"parent":0,"menu_order":0,"comment_status":"closed","ping_status":"closed","template":"elementor_header_footer","meta":{"_acf_changed":false,"footnotes":""},"class_list":["post-4771","page","type-page","status-publish","hentry","entry"],"acf":[],"yoast_head":"<!-- This site is optimized with the Yoast SEO plugin v23.4 - https:\/\/yoast.com\/wordpress\/plugins\/seo\/ -->\n<title>Pol\u00edtica de cookies - Decolor<\/title>\n<meta name=\"robots\" content=\"index, follow, max-snippet:-1, max-image-preview:large, max-video-preview:-1\" \/>\n<link rel=\"canonical\" href=\"https:\/\/www.decolor.com\/de\/politica-cookies\/\" \/>\n<meta property=\"og:locale\" content=\"de_DE\" \/>\n<meta property=\"og:type\" content=\"article\" \/>\n<meta property=\"og:title\" content=\"Pol\u00edtica de cookies - Decolor\" \/>\n<meta property=\"og:description\" content=\"POL\u00cdTICA DE COOKIES Bienvenida\/o a la POL\u00cdTICA DE COOKIES de la p\u00e1gina web de la entidad PINTURAS DECOLOR, S.L., provista de NIF B02021459, donde te explicaremos en un lenguaje claro y sencillo todas las cuestiones necesarias para que puedas tener el control sobre ellas en base a tus decisiones personales. 1. \u00bfQU\u00c9 SON LAS COOKIES&hellip; Pol\u00edtica de cookies weiterlesen\" \/>\n<meta property=\"og:url\" content=\"https:\/\/www.decolor.com\/de\/politica-cookies\/\" \/>\n<meta property=\"og:site_name\" content=\"Decolor\" \/>\n<meta property=\"article:modified_time\" content=\"2024-10-30T10:43:35+00:00\" \/>\n<meta name=\"twitter:card\" content=\"summary_large_image\" \/>\n<meta name=\"twitter:label1\" content=\"Gesch\u00e4tzte Lesezeit\" \/>\n\t<meta name=\"twitter:data1\" content=\"7\u00a0Minuten\" \/>\n<script type=\"application\/ld+json\" class=\"yoast-schema-graph\">{\"@context\":\"https:\/\/schema.org\",\"@graph\":[{\"@type\":\"WebPage\",\"@id\":\"https:\/\/www.decolor.com\/fr\/politica-cookies\/\",\"url\":\"https:\/\/www.decolor.com\/fr\/politica-cookies\/\",\"name\":\"Pol\u00edtica de cookies - Decolor\",\"isPartOf\":{\"@id\":\"https:\/\/www.decolor.com\/it\/#website\"},\"datePublished\":\"2021-03-19T12:34:44+00:00\",\"dateModified\":\"2024-10-30T10:43:35+00:00\",\"breadcrumb\":{\"@id\":\"https:\/\/www.decolor.com\/fr\/politica-cookies\/#breadcrumb\"},\"inLanguage\":\"de\",\"potentialAction\":[{\"@type\":\"ReadAction\",\"target\":[\"https:\/\/www.decolor.com\/fr\/politica-cookies\/\"]}]},{\"@type\":\"BreadcrumbList\",\"@id\":\"https:\/\/www.decolor.com\/fr\/politica-cookies\/#breadcrumb\",\"itemListElement\":[{\"@type\":\"ListItem\",\"position\":1,\"name\":\"Home\",\"item\":\"https:\/\/www.decolor.com\/\"},{\"@type\":\"ListItem\",\"position\":2,\"name\":\"Pol\u00edtica de cookies\"}]},{\"@type\":\"WebSite\",\"@id\":\"https:\/\/www.decolor.com\/it\/#website\",\"url\":\"https:\/\/www.decolor.com\/it\/\",\"name\":\"Decolor\",\"description\":\"Web Decolor\",\"publisher\":{\"@id\":\"https:\/\/www.decolor.com\/it\/#organization\"},\"potentialAction\":[{\"@type\":\"SearchAction\",\"target\":{\"@type\":\"EntryPoint\",\"urlTemplate\":\"https:\/\/www.decolor.com\/it\/?s={search_term_string}\"},\"query-input\":{\"@type\":\"PropertyValueSpecification\",\"valueRequired\":true,\"valueName\":\"search_term_string\"}}],\"inLanguage\":\"de\"},{\"@type\":\"Organization\",\"@id\":\"https:\/\/www.decolor.com\/it\/#organization\",\"name\":\"Decolor\",\"url\":\"https:\/\/www.decolor.com\/it\/\",\"logo\":{\"@type\":\"ImageObject\",\"inLanguage\":\"de\",\"@id\":\"https:\/\/www.decolor.com\/it\/#\/schema\/logo\/image\/\",\"url\":\"https:\/\/www.decolor.com\/wp-content\/uploads\/2021\/02\/marca_principal_pinturas_decolor_color.png\",\"contentUrl\":\"https:\/\/www.decolor.com\/wp-content\/uploads\/2021\/02\/marca_principal_pinturas_decolor_color.png\",\"width\":1588,\"height\":421,\"caption\":\"Decolor\"},\"image\":{\"@id\":\"https:\/\/www.decolor.com\/it\/#\/schema\/logo\/image\/\"}}]}<\/script>\n<!-- \/ Yoast SEO plugin. -->","yoast_head_json":{"title":"Pol\u00edtica de cookies - Decolor","robots":{"index":"index","follow":"follow","max-snippet":"max-snippet:-1","max-image-preview":"max-image-preview:large","max-video-preview":"max-video-preview:-1"},"canonical":"https:\/\/www.decolor.com\/de\/politica-cookies\/","og_locale":"de_DE","og_type":"article","og_title":"Pol\u00edtica de cookies - Decolor","og_description":"POL\u00cdTICA DE COOKIES Bienvenida\/o a la POL\u00cdTICA DE COOKIES de la p\u00e1gina web de la entidad PINTURAS DECOLOR, S.L., provista de NIF B02021459, donde te explicaremos en un lenguaje claro y sencillo todas las cuestiones necesarias para que puedas tener el control sobre ellas en base a tus decisiones personales. 1. \u00bfQU\u00c9 SON LAS COOKIES&hellip; Pol\u00edtica de cookies weiterlesen","og_url":"https:\/\/www.decolor.com\/de\/politica-cookies\/","og_site_name":"Decolor","article_modified_time":"2024-10-30T10:43:35+00:00","twitter_card":"summary_large_image","twitter_misc":{"Gesch\u00e4tzte Lesezeit":"7\u00a0Minuten"},"schema":{"@context":"https:\/\/schema.org","@graph":[{"@type":"WebPage","@id":"https:\/\/www.decolor.com\/fr\/politica-cookies\/","url":"https:\/\/www.decolor.com\/fr\/politica-cookies\/","name":"Pol\u00edtica de cookies - Decolor","isPartOf":{"@id":"https:\/\/www.decolor.com\/it\/#website"},"datePublished":"2021-03-19T12:34:44+00:00","dateModified":"2024-10-30T10:43:35+00:00","breadcrumb":{"@id":"https:\/\/www.decolor.com\/fr\/politica-cookies\/#breadcrumb"},"inLanguage":"de","potentialAction":[{"@type":"ReadAction","target":["https:\/\/www.decolor.com\/fr\/politica-cookies\/"]}]},{"@type":"BreadcrumbList","@id":"https:\/\/www.decolor.com\/fr\/politica-cookies\/#breadcrumb","itemListElement":[{"@type":"ListItem","position":1,"name":"Home","item":"https:\/\/www.decolor.com\/"},{"@type":"ListItem","position":2,"name":"Pol\u00edtica de cookies"}]},{"@type":"WebSite","@id":"https:\/\/www.decolor.com\/it\/#website","url":"https:\/\/www.decolor.com\/it\/","name":"Farbe","description":"Web-Entf\u00e4rbung","publisher":{"@id":"https:\/\/www.decolor.com\/it\/#organization"},"potentialAction":[{"@type":"SearchAction","target":{"@type":"EntryPoint","urlTemplate":"https:\/\/www.decolor.com\/it\/?s={search_term_string}"},"query-input":{"@type":"PropertyValueSpecification","valueRequired":true,"valueName":"search_term_string"}}],"inLanguage":"de"},{"@type":"Organization","@id":"https:\/\/www.decolor.com\/it\/#organization","name":"Farbe","url":"https:\/\/www.decolor.com\/it\/","logo":{"@type":"ImageObject","inLanguage":"de","@id":"https:\/\/www.decolor.com\/it\/#\/schema\/logo\/image\/","url":"https:\/\/www.decolor.com\/wp-content\/uploads\/2021\/02\/marca_principal_pinturas_decolor_color.png","contentUrl":"https:\/\/www.decolor.com\/wp-content\/uploads\/2021\/02\/marca_principal_pinturas_decolor_color.png","width":1588,"height":421,"caption":"Decolor"},"image":{"@id":"https:\/\/www.decolor.com\/it\/#\/schema\/logo\/image\/"}}]}},"_links":{"self":[{"href":"https:\/\/www.decolor.com\/de\/wp-json\/wp\/v2\/pages\/4771"}],"collection":[{"href":"https:\/\/www.decolor.com\/de\/wp-json\/wp\/v2\/pages"}],"about":[{"href":"https:\/\/www.decolor.com\/de\/wp-json\/wp\/v2\/types\/page"}],"author":[{"embeddable":true,"href":"https:\/\/www.decolor.com\/de\/wp-json\/wp\/v2\/users\/1"}],"replies":[{"embeddable":true,"href":"https:\/\/www.decolor.com\/de\/wp-json\/wp\/v2\/comments?post=4771"}],"version-history":[{"count":18,"href":"https:\/\/www.decolor.com\/de\/wp-json\/wp\/v2\/pages\/4771\/revisions"}],"predecessor-version":[{"id":149383,"href":"https:\/\/www.decolor.com\/de\/wp-json\/wp\/v2\/pages\/4771\/revisions\/149383"}],"wp:attachment":[{"href":"https:\/\/www.decolor.com\/de\/wp-json\/wp\/v2\/media?parent=4771"}],"curies":[{"name":"wp","href":"https:\/\/api.w.org\/{rel}","templated":true}]}}