{"id":12823,"date":"2021-04-22T15:30:05","date_gmt":"2021-04-22T15:30:05","guid":{"rendered":"https:\/\/desarrollo5.capazita.com\/?page_id=12823"},"modified":"2021-09-03T06:19:30","modified_gmt":"2021-09-03T06:19:30","slug":"envios-devoluciones","status":"publish","type":"page","link":"https:\/\/www.decolor.com\/en\/envios-devoluciones\/","title":{"rendered":"Shipping &amp; Returns"},"content":{"rendered":"<div data-elementor-type=\"wp-page\" data-elementor-id=\"12823\" class=\"elementor elementor-12823\" data-elementor-post-type=\"page\">\n\t\t\t\t\t\t<section data-particle_enable=\"false\" data-particle-mobile-disabled=\"false\" class=\"elementor-section elementor-top-section elementor-element elementor-element-766232a elementor-section-boxed elementor-section-height-default elementor-section-height-default\" data-id=\"766232a\" data-element_type=\"section\">\n\t\t\t\t\t\t<div class=\"elementor-container elementor-column-gap-default\">\n\t\t\t\t\t<div class=\"elementor-column elementor-col-100 elementor-top-column elementor-element elementor-element-f4975f3\" data-id=\"f4975f3\" data-element_type=\"column\">\n\t\t\t<div class=\"elementor-widget-wrap elementor-element-populated\">\n\t\t\t\t\t\t<div class=\"elementor-element elementor-element-34c8839 elementor-widget elementor-widget-spacer\" data-id=\"34c8839\" data-element_type=\"widget\" data-widget_type=\"spacer.default\">\n\t\t\t\t<div class=\"elementor-widget-container\">\n\t\t\t\t\t<div class=\"elementor-spacer\">\n\t\t\t<div class=\"elementor-spacer-inner\"><\/div>\n\t\t<\/div>\n\t\t\t\t<\/div>\n\t\t\t\t<\/div>\n\t\t\t\t<div class=\"elementor-element elementor-element-4b54fe0 elementor-widget elementor-widget-heading\" data-id=\"4b54fe0\" data-element_type=\"widget\" data-widget_type=\"heading.default\">\n\t\t\t\t<div class=\"elementor-widget-container\">\n\t\t\t<h2 class=\"elementor-heading-title elementor-size-default\">Shipping<\/h2>\t\t<\/div>\n\t\t\t\t<\/div>\n\t\t\t\t<div class=\"elementor-element elementor-element-b446bbb elementor-widget elementor-widget-text-editor\" data-id=\"b446bbb\" data-element_type=\"widget\" data-widget_type=\"text-editor.default\">\n\t\t\t\t<div class=\"elementor-widget-container\">\n\t\t\t\t\t\t\t<p>We make shipments to the entire Peninsula through an agency. We also deliver in the Community of Madrid and its surroundings using our own transport.<\/p>\n<p><strong>How much is the shipping?<\/strong><\/p>\n<p>The shipping cost depends on each product, (due to its weight and volume). To calculate the shipping cost, add the products to the cart and then enter your province.<\/p>\n<p><b>How many<\/b><strong>&nbsp;does the shipment take?<\/strong><\/p>\n<p>TIPSA Urgent Shipping in less than 48 hours.<\/p>\n<p>Bulky goods within 48 to 72 hours.<\/p>\n<p><b style=\"color: var( --e-global-color-text );\">Where<\/b><strong style=\"color: var( --e-global-color-text );\">&nbsp;will they leave my merchandise when it is delivered?<\/strong><\/p>\n<p>The small and manageable packages delivered by TIPSA express transport are delivered to any plant or floor in a conventional manner.<\/p>\n<p>For orders of merchandise that is palletized or very bulky delivered by agency, they will always be delivered at street level and will not be accessed until the interior of the homes.<\/p>\t\t\t\t\t\t<\/div>\n\t\t\t\t<\/div>\n\t\t\t\t\t<\/div>\n\t\t<\/div>\n\t\t\t\t\t<\/div>\n\t\t<\/section>\n\t\t\t\t<section data-particle_enable=\"false\" data-particle-mobile-disabled=\"false\" class=\"elementor-section elementor-top-section elementor-element elementor-element-a453624 elementor-section-boxed elementor-section-height-default elementor-section-height-default\" data-id=\"a453624\" data-element_type=\"section\">\n\t\t\t\t\t\t<div class=\"elementor-container elementor-column-gap-default\">\n\t\t\t\t\t<div class=\"elementor-column elementor-col-100 elementor-top-column elementor-element elementor-element-d553c28\" data-id=\"d553c28\" data-element_type=\"column\">\n\t\t\t<div class=\"elementor-widget-wrap elementor-element-populated\">\n\t\t\t\t\t\t<div class=\"elementor-element elementor-element-41a9128 elementor-widget elementor-widget-spacer\" data-id=\"41a9128\" data-element_type=\"widget\" data-widget_type=\"spacer.default\">\n\t\t\t\t<div class=\"elementor-widget-container\">\n\t\t\t\t\t<div class=\"elementor-spacer\">\n\t\t\t<div class=\"elementor-spacer-inner\"><\/div>\n\t\t<\/div>\n\t\t\t\t<\/div>\n\t\t\t\t<\/div>\n\t\t\t\t<div class=\"elementor-element elementor-element-a5ead86 elementor-widget elementor-widget-heading\" data-id=\"a5ead86\" data-element_type=\"widget\" data-widget_type=\"heading.default\">\n\t\t\t\t<div class=\"elementor-widget-container\">\n\t\t\t<h2 class=\"elementor-heading-title elementor-size-default\">Returns<\/h2>\t\t<\/div>\n\t\t\t\t<\/div>\n\t\t\t\t<div class=\"elementor-element elementor-element-25536f8 elementor-widget elementor-widget-text-editor\" data-id=\"25536f8\" data-element_type=\"widget\" data-widget_type=\"text-editor.default\">\n\t\t\t\t<div class=\"elementor-widget-container\">\n\t\t\t\t\t\t\t<strong>Can I return an order?<\/strong>\n\nYes, as long as the item has not been handled or cut especially for shipping (for example: sandwich panels, trims, ceramic cardboard, polycarbonate...). To return a product, it and its packaging must be in perfect condition.\n\n<strong style=\"color: var( --e-global-color-text );\">How many days do I have to return an order?<\/strong>\n\n14 days from receipt of order.\n\n<strong style=\"color: var( --e-global-color-text );\">How is the money returned?<\/strong>\n\nOnce received and verified the status of the product, we proceed to its payment. The payment is made through the same channel you used for payment (transfer, card or PayPal) and can take up to 48 hours to appear in your account, although it is usually instant.\t\t\t\t\t\t<\/div>\n\t\t\t\t<\/div>\n\t\t\t\t<div class=\"elementor-element elementor-element-b78ae6e elementor-widget elementor-widget-spacer\" data-id=\"b78ae6e\" data-element_type=\"widget\" data-widget_type=\"spacer.default\">\n\t\t\t\t<div class=\"elementor-widget-container\">\n\t\t\t\t\t<div class=\"elementor-spacer\">\n\t\t\t<div class=\"elementor-spacer-inner\"><\/div>\n\t\t<\/div>\n\t\t\t\t<\/div>\n\t\t\t\t<\/div>\n\t\t\t\t\t<\/div>\n\t\t<\/div>\n\t\t\t\t\t<\/div>\n\t\t<\/section>\n\t\t\t\t<\/div>","protected":false},"excerpt":{"rendered":"<p>Shipments We ship to the entire Peninsula through an agency. We also deliver in the Community of Madrid and its surroundings using our own transport. How much is the shipping? The shipping cost depends on each product, (due to its weight and volume). To calculate the shipping cost, add the products to the cart and then enter your\u2026 <a class=\"more-link\" href=\"https:\/\/www.decolor.com\/en\/envios-devoluciones\/\">Continue reading <span class=\"screen-reader-text\">Shipping &amp; Returns<\/span><\/a><\/p>","protected":false},"author":1,"featured_media":0,"parent":0,"menu_order":0,"comment_status":"closed","ping_status":"closed","template":"elementor_header_footer","meta":{"_acf_changed":false,"footnotes":""},"class_list":["post-12823","page","type-page","status-publish","hentry","entry"],"acf":[],"yoast_head":"<!-- This site is optimized with the Yoast SEO plugin v23.4 - https:\/\/yoast.com\/wordpress\/plugins\/seo\/ -->\n<title>Env\u00edos y devoluciones - Decolor<\/title>\n<meta name=\"robots\" content=\"index, follow, max-snippet:-1, max-image-preview:large, max-video-preview:-1\" \/>\n<link rel=\"canonical\" href=\"https:\/\/www.decolor.com\/en\/envios-devoluciones\/\" \/>\n<meta property=\"og:locale\" content=\"en_GB\" \/>\n<meta property=\"og:type\" content=\"article\" \/>\n<meta property=\"og:title\" content=\"Env\u00edos y devoluciones - Decolor\" \/>\n<meta property=\"og:description\" content=\"Env\u00edos Realizamos env\u00edos a toda la Pen\u00ednsula a trav\u00e9s de agencia. Tambi\u00e9n entregamos en la Comunidad de Madrid y proximidades mediante transporte propio. \u00bfCu\u00e1nto cuesta el env\u00edo? El coste del env\u00edo depende de cada producto, (por su peso y volumen). Para calcular el coste del env\u00edo, a\u00f1ade los productos al carrito y despu\u00e9s introduce tu&hellip; Continue reading Env\u00edos y devoluciones\" \/>\n<meta property=\"og:url\" content=\"https:\/\/www.decolor.com\/en\/envios-devoluciones\/\" \/>\n<meta property=\"og:site_name\" content=\"Decolor\" \/>\n<meta property=\"article:modified_time\" content=\"2021-09-03T06:19:30+00:00\" \/>\n<meta name=\"twitter:card\" content=\"summary_large_image\" \/>\n<meta name=\"twitter:label1\" content=\"Estimated reading time\" \/>\n\t<meta name=\"twitter:data1\" content=\"2 minutes\" \/>\n<script type=\"application\/ld+json\" class=\"yoast-schema-graph\">{\"@context\":\"https:\/\/schema.org\",\"@graph\":[{\"@type\":\"WebPage\",\"@id\":\"https:\/\/www.decolor.com\/de\/envios-devoluciones\/\",\"url\":\"https:\/\/www.decolor.com\/de\/envios-devoluciones\/\",\"name\":\"Env\u00edos y devoluciones - Decolor\",\"isPartOf\":{\"@id\":\"https:\/\/www.decolor.com\/it\/#website\"},\"datePublished\":\"2021-04-22T15:30:05+00:00\",\"dateModified\":\"2021-09-03T06:19:30+00:00\",\"breadcrumb\":{\"@id\":\"https:\/\/www.decolor.com\/de\/envios-devoluciones\/#breadcrumb\"},\"inLanguage\":\"en-GB\",\"potentialAction\":[{\"@type\":\"ReadAction\",\"target\":[\"https:\/\/www.decolor.com\/de\/envios-devoluciones\/\"]}]},{\"@type\":\"BreadcrumbList\",\"@id\":\"https:\/\/www.decolor.com\/de\/envios-devoluciones\/#breadcrumb\",\"itemListElement\":[{\"@type\":\"ListItem\",\"position\":1,\"name\":\"Home\",\"item\":\"https:\/\/www.decolor.com\/\"},{\"@type\":\"ListItem\",\"position\":2,\"name\":\"Env\u00edos y devoluciones\"}]},{\"@type\":\"WebSite\",\"@id\":\"https:\/\/www.decolor.com\/it\/#website\",\"url\":\"https:\/\/www.decolor.com\/it\/\",\"name\":\"Decolor\",\"description\":\"Web Decolor\",\"publisher\":{\"@id\":\"https:\/\/www.decolor.com\/it\/#organization\"},\"potentialAction\":[{\"@type\":\"SearchAction\",\"target\":{\"@type\":\"EntryPoint\",\"urlTemplate\":\"https:\/\/www.decolor.com\/it\/?s={search_term_string}\"},\"query-input\":{\"@type\":\"PropertyValueSpecification\",\"valueRequired\":true,\"valueName\":\"search_term_string\"}}],\"inLanguage\":\"en-GB\"},{\"@type\":\"Organization\",\"@id\":\"https:\/\/www.decolor.com\/it\/#organization\",\"name\":\"Decolor\",\"url\":\"https:\/\/www.decolor.com\/it\/\",\"logo\":{\"@type\":\"ImageObject\",\"inLanguage\":\"en-GB\",\"@id\":\"https:\/\/www.decolor.com\/it\/#\/schema\/logo\/image\/\",\"url\":\"https:\/\/www.decolor.com\/wp-content\/uploads\/2021\/02\/marca_principal_pinturas_decolor_color.png\",\"contentUrl\":\"https:\/\/www.decolor.com\/wp-content\/uploads\/2021\/02\/marca_principal_pinturas_decolor_color.png\",\"width\":1588,\"height\":421,\"caption\":\"Decolor\"},\"image\":{\"@id\":\"https:\/\/www.decolor.com\/it\/#\/schema\/logo\/image\/\"}}]}<\/script>\n<!-- \/ Yoast SEO plugin. -->","yoast_head_json":{"title":"Env\u00edos y devoluciones - Decolor","robots":{"index":"index","follow":"follow","max-snippet":"max-snippet:-1","max-image-preview":"max-image-preview:large","max-video-preview":"max-video-preview:-1"},"canonical":"https:\/\/www.decolor.com\/en\/envios-devoluciones\/","og_locale":"en_GB","og_type":"article","og_title":"Env\u00edos y devoluciones - Decolor","og_description":"Env\u00edos Realizamos env\u00edos a toda la Pen\u00ednsula a trav\u00e9s de agencia. Tambi\u00e9n entregamos en la Comunidad de Madrid y proximidades mediante transporte propio. \u00bfCu\u00e1nto cuesta el env\u00edo? El coste del env\u00edo depende de cada producto, (por su peso y volumen). Para calcular el coste del env\u00edo, a\u00f1ade los productos al carrito y despu\u00e9s introduce tu&hellip; Continue reading Env\u00edos y devoluciones","og_url":"https:\/\/www.decolor.com\/en\/envios-devoluciones\/","og_site_name":"Decolor","article_modified_time":"2021-09-03T06:19:30+00:00","twitter_card":"summary_large_image","twitter_misc":{"Estimated reading time":"2 minutes"},"schema":{"@context":"https:\/\/schema.org","@graph":[{"@type":"WebPage","@id":"https:\/\/www.decolor.com\/de\/envios-devoluciones\/","url":"https:\/\/www.decolor.com\/de\/envios-devoluciones\/","name":"Env\u00edos y devoluciones - Decolor","isPartOf":{"@id":"https:\/\/www.decolor.com\/it\/#website"},"datePublished":"2021-04-22T15:30:05+00:00","dateModified":"2021-09-03T06:19:30+00:00","breadcrumb":{"@id":"https:\/\/www.decolor.com\/de\/envios-devoluciones\/#breadcrumb"},"inLanguage":"en-GB","potentialAction":[{"@type":"ReadAction","target":["https:\/\/www.decolor.com\/de\/envios-devoluciones\/"]}]},{"@type":"BreadcrumbList","@id":"https:\/\/www.decolor.com\/de\/envios-devoluciones\/#breadcrumb","itemListElement":[{"@type":"ListItem","position":1,"name":"Home","item":"https:\/\/www.decolor.com\/"},{"@type":"ListItem","position":2,"name":"Env\u00edos y devoluciones"}]},{"@type":"WebSite","@id":"https:\/\/www.decolor.com\/it\/#website","url":"https:\/\/www.decolor.com\/it\/","name":"Decolor","description":"Web Decolor","publisher":{"@id":"https:\/\/www.decolor.com\/it\/#organization"},"potentialAction":[{"@type":"SearchAction","target":{"@type":"EntryPoint","urlTemplate":"https:\/\/www.decolor.com\/it\/?s={search_term_string}"},"query-input":{"@type":"PropertyValueSpecification","valueRequired":true,"valueName":"search_term_string"}}],"inLanguage":"en-GB"},{"@type":"Organization","@id":"https:\/\/www.decolor.com\/it\/#organization","name":"Decolor","url":"https:\/\/www.decolor.com\/it\/","logo":{"@type":"ImageObject","inLanguage":"en-GB","@id":"https:\/\/www.decolor.com\/it\/#\/schema\/logo\/image\/","url":"https:\/\/www.decolor.com\/wp-content\/uploads\/2021\/02\/marca_principal_pinturas_decolor_color.png","contentUrl":"https:\/\/www.decolor.com\/wp-content\/uploads\/2021\/02\/marca_principal_pinturas_decolor_color.png","width":1588,"height":421,"caption":"Decolor"},"image":{"@id":"https:\/\/www.decolor.com\/it\/#\/schema\/logo\/image\/"}}]}},"_links":{"self":[{"href":"https:\/\/www.decolor.com\/en\/wp-json\/wp\/v2\/pages\/12823"}],"collection":[{"href":"https:\/\/www.decolor.com\/en\/wp-json\/wp\/v2\/pages"}],"about":[{"href":"https:\/\/www.decolor.com\/en\/wp-json\/wp\/v2\/types\/page"}],"author":[{"embeddable":true,"href":"https:\/\/www.decolor.com\/en\/wp-json\/wp\/v2\/users\/1"}],"replies":[{"embeddable":true,"href":"https:\/\/www.decolor.com\/en\/wp-json\/wp\/v2\/comments?post=12823"}],"version-history":[{"count":0,"href":"https:\/\/www.decolor.com\/en\/wp-json\/wp\/v2\/pages\/12823\/revisions"}],"wp:attachment":[{"href":"https:\/\/www.decolor.com\/en\/wp-json\/wp\/v2\/media?parent=12823"}],"curies":[{"name":"wp","href":"https:\/\/api.w.org\/{rel}","templated":true}]}}