{"id":12823,"date":"2021-04-22T15:30:05","date_gmt":"2021-04-22T15:30:05","guid":{"rendered":"https:\/\/desarrollo5.capazita.com\/?page_id=12823"},"modified":"2021-09-03T06:19:30","modified_gmt":"2021-09-03T06:19:30","slug":"envios-devoluciones","status":"publish","type":"page","link":"https:\/\/www.decolor.com\/es\/envios-devoluciones\/","title":{"rendered":"Env\u00edos y devoluciones"},"content":{"rendered":"\t\t<div data-elementor-type=\"wp-page\" data-elementor-id=\"12823\" class=\"elementor elementor-12823\" data-elementor-post-type=\"page\">\n\t\t\t\t\t\t<section data-particle_enable=\"false\" data-particle-mobile-disabled=\"false\" class=\"elementor-section elementor-top-section elementor-element elementor-element-766232a elementor-section-boxed elementor-section-height-default elementor-section-height-default\" data-id=\"766232a\" data-element_type=\"section\">\n\t\t\t\t\t\t<div class=\"elementor-container elementor-column-gap-default\">\n\t\t\t\t\t<div class=\"elementor-column elementor-col-100 elementor-top-column elementor-element elementor-element-f4975f3\" data-id=\"f4975f3\" data-element_type=\"column\">\n\t\t\t<div class=\"elementor-widget-wrap elementor-element-populated\">\n\t\t\t\t\t\t<div class=\"elementor-element elementor-element-34c8839 elementor-widget elementor-widget-spacer\" data-id=\"34c8839\" data-element_type=\"widget\" data-widget_type=\"spacer.default\">\n\t\t\t\t<div class=\"elementor-widget-container\">\n\t\t\t\t\t<div class=\"elementor-spacer\">\n\t\t\t<div class=\"elementor-spacer-inner\"><\/div>\n\t\t<\/div>\n\t\t\t\t<\/div>\n\t\t\t\t<\/div>\n\t\t\t\t<div class=\"elementor-element elementor-element-4b54fe0 elementor-widget elementor-widget-heading\" data-id=\"4b54fe0\" data-element_type=\"widget\" data-widget_type=\"heading.default\">\n\t\t\t\t<div class=\"elementor-widget-container\">\n\t\t\t<h2 class=\"elementor-heading-title elementor-size-default\">Env\u00edos<\/h2>\t\t<\/div>\n\t\t\t\t<\/div>\n\t\t\t\t<div class=\"elementor-element elementor-element-b446bbb elementor-widget elementor-widget-text-editor\" data-id=\"b446bbb\" data-element_type=\"widget\" data-widget_type=\"text-editor.default\">\n\t\t\t\t<div class=\"elementor-widget-container\">\n\t\t\t\t\t\t\t<p>Realizamos env\u00edos a toda la Pen\u00ednsula a trav\u00e9s de agencia. Tambi\u00e9n entregamos en la Comunidad de Madrid y proximidades mediante transporte propio.<\/p>\n<p><strong>\u00bfCu\u00e1nto cuesta el env\u00edo?<\/strong><\/p>\n<p>El coste del env\u00edo depende de cada producto, (por su peso y volumen). Para calcular el coste del env\u00edo, a\u00f1ade los productos al carrito y despu\u00e9s introduce tu provincia.<\/p>\n<p><b>\u00bfCu\u00e1nto<\/b><strong>&nbsp;tarda el env\u00edo?<\/strong><\/p>\n<p>Env\u00edo Urgente TIPSA en menos de 48 horas.<\/p>\n<p>Mercanc\u00edas voluminosas en un plazo de entre 48 y 72 horas.<\/p>\n<p><b style=\"color: var( --e-global-color-text );\">\u00bfD\u00f3nde<\/b><strong style=\"color: var( --e-global-color-text );\">&nbsp;dejar\u00e1n mi mercanc\u00eda cuando la entreguen?<\/strong><\/p>\n<p>Los paquetes peque\u00f1os y manejables entregados por transporte urgente TIPSA se entregan en cualquier planta o piso de manera convencional.<\/p>\n<p>Para los pedidos de mercanc\u00eda va paletizada o muy voluminosa entregados por agencia, siempre se entregar\u00e1n a pie de calle y no se acceder\u00e1n hasta el interior de las viviendas.<\/p>\t\t\t\t\t\t<\/div>\n\t\t\t\t<\/div>\n\t\t\t\t\t<\/div>\n\t\t<\/div>\n\t\t\t\t\t<\/div>\n\t\t<\/section>\n\t\t\t\t<section data-particle_enable=\"false\" data-particle-mobile-disabled=\"false\" class=\"elementor-section elementor-top-section elementor-element elementor-element-a453624 elementor-section-boxed elementor-section-height-default elementor-section-height-default\" data-id=\"a453624\" data-element_type=\"section\">\n\t\t\t\t\t\t<div class=\"elementor-container elementor-column-gap-default\">\n\t\t\t\t\t<div class=\"elementor-column elementor-col-100 elementor-top-column elementor-element elementor-element-d553c28\" data-id=\"d553c28\" data-element_type=\"column\">\n\t\t\t<div class=\"elementor-widget-wrap elementor-element-populated\">\n\t\t\t\t\t\t<div class=\"elementor-element elementor-element-41a9128 elementor-widget elementor-widget-spacer\" data-id=\"41a9128\" data-element_type=\"widget\" data-widget_type=\"spacer.default\">\n\t\t\t\t<div class=\"elementor-widget-container\">\n\t\t\t\t\t<div class=\"elementor-spacer\">\n\t\t\t<div class=\"elementor-spacer-inner\"><\/div>\n\t\t<\/div>\n\t\t\t\t<\/div>\n\t\t\t\t<\/div>\n\t\t\t\t<div class=\"elementor-element elementor-element-a5ead86 elementor-widget elementor-widget-heading\" data-id=\"a5ead86\" data-element_type=\"widget\" data-widget_type=\"heading.default\">\n\t\t\t\t<div class=\"elementor-widget-container\">\n\t\t\t<h2 class=\"elementor-heading-title elementor-size-default\">Devoluciones<\/h2>\t\t<\/div>\n\t\t\t\t<\/div>\n\t\t\t\t<div class=\"elementor-element elementor-element-25536f8 elementor-widget elementor-widget-text-editor\" data-id=\"25536f8\" data-element_type=\"widget\" data-widget_type=\"text-editor.default\">\n\t\t\t\t<div class=\"elementor-widget-container\">\n\t\t\t\t\t\t\t<strong>\u00bfPuedo devolver un pedido?<\/strong>\n\nS\u00ed, siempre que el art\u00edculo no haya sido manipulado o cortado especialmente para el env\u00edo (por ejemplo: paneles s\u00e1ndwich, remates, cart\u00f3n cer\u00e1mico, policarbonato&#8230;). Para devolver un producto, este y su embalaje tienen que estar en perfectas condiciones.\n\n<strong style=\"color: var( --e-global-color-text );\">\u00bfCu\u00e1ntos d\u00edas tengo para devolver un pedido?<\/strong>\n\n14 d\u00edas desde la recepci\u00f3n del pedido.\n\n<strong style=\"color: var( --e-global-color-text );\">\u00bfC\u00f3mo se devuelve el dinero?<\/strong>\n\nUna vez recibido y comprobado el estado del producto, procedemos a su abono. El abono se realiza a trav\u00e9s del mismo canal que hayas usado para el pago (transferencia, tarjeta o PayPal) y puede tardar hasta 48 horas en aparecer en tu cuenta, aunque generalmente es instant\u00e1neo.\t\t\t\t\t\t<\/div>\n\t\t\t\t<\/div>\n\t\t\t\t<div class=\"elementor-element elementor-element-b78ae6e elementor-widget elementor-widget-spacer\" data-id=\"b78ae6e\" data-element_type=\"widget\" data-widget_type=\"spacer.default\">\n\t\t\t\t<div class=\"elementor-widget-container\">\n\t\t\t\t\t<div class=\"elementor-spacer\">\n\t\t\t<div class=\"elementor-spacer-inner\"><\/div>\n\t\t<\/div>\n\t\t\t\t<\/div>\n\t\t\t\t<\/div>\n\t\t\t\t\t<\/div>\n\t\t<\/div>\n\t\t\t\t\t<\/div>\n\t\t<\/section>\n\t\t\t\t<\/div>\n\t\t","protected":false},"excerpt":{"rendered":"<p>Env\u00edos Realizamos env\u00edos a toda la Pen\u00ednsula a trav\u00e9s de agencia. Tambi\u00e9n entregamos en la Comunidad de Madrid y proximidades mediante transporte propio. \u00bfCu\u00e1nto cuesta el env\u00edo? El coste del env\u00edo depende de cada producto, (por su peso y volumen). Para calcular el coste del env\u00edo, a\u00f1ade los productos al carrito y despu\u00e9s introduce tu&hellip; <a class=\"more-link\" href=\"https:\/\/www.decolor.com\/es\/envios-devoluciones\/\">Seguir leyendo <span class=\"screen-reader-text\">Env\u00edos y devoluciones<\/span><\/a><\/p>\n","protected":false},"author":1,"featured_media":0,"parent":0,"menu_order":0,"comment_status":"closed","ping_status":"closed","template":"elementor_header_footer","meta":{"_acf_changed":false,"footnotes":""},"class_list":["post-12823","page","type-page","status-publish","hentry","entry"],"acf":[],"yoast_head":"<!-- This site is optimized with the Yoast SEO plugin v23.4 - https:\/\/yoast.com\/wordpress\/plugins\/seo\/ -->\n<title>Env\u00edos y devoluciones - Decolor<\/title>\n<meta name=\"robots\" content=\"index, follow, max-snippet:-1, max-image-preview:large, max-video-preview:-1\" \/>\n<link rel=\"canonical\" href=\"https:\/\/www.decolor.com\/es\/envios-devoluciones\/\" \/>\n<meta property=\"og:locale\" content=\"es_ES\" \/>\n<meta property=\"og:type\" content=\"article\" \/>\n<meta property=\"og:title\" content=\"Env\u00edos y devoluciones - Decolor\" \/>\n<meta property=\"og:description\" content=\"Env\u00edos Realizamos env\u00edos a toda la Pen\u00ednsula a trav\u00e9s de agencia. Tambi\u00e9n entregamos en la Comunidad de Madrid y proximidades mediante transporte propio. \u00bfCu\u00e1nto cuesta el env\u00edo? El coste del env\u00edo depende de cada producto, (por su peso y volumen). Para calcular el coste del env\u00edo, a\u00f1ade los productos al carrito y despu\u00e9s introduce tu&hellip; Seguir leyendo Env\u00edos y devoluciones\" \/>\n<meta property=\"og:url\" content=\"https:\/\/www.decolor.com\/es\/envios-devoluciones\/\" \/>\n<meta property=\"og:site_name\" content=\"Decolor\" \/>\n<meta property=\"article:modified_time\" content=\"2021-09-03T06:19:30+00:00\" \/>\n<meta name=\"twitter:card\" content=\"summary_large_image\" \/>\n<meta name=\"twitter:label1\" content=\"Tiempo de lectura\" \/>\n\t<meta name=\"twitter:data1\" content=\"2 minutos\" \/>\n<script type=\"application\/ld+json\" class=\"yoast-schema-graph\">{\"@context\":\"https:\/\/schema.org\",\"@graph\":[{\"@type\":\"WebPage\",\"@id\":\"https:\/\/www.decolor.com\/de\/envios-devoluciones\/\",\"url\":\"https:\/\/www.decolor.com\/de\/envios-devoluciones\/\",\"name\":\"Env\u00edos y devoluciones - Decolor\",\"isPartOf\":{\"@id\":\"https:\/\/www.decolor.com\/it\/#website\"},\"datePublished\":\"2021-04-22T15:30:05+00:00\",\"dateModified\":\"2021-09-03T06:19:30+00:00\",\"breadcrumb\":{\"@id\":\"https:\/\/www.decolor.com\/de\/envios-devoluciones\/#breadcrumb\"},\"inLanguage\":\"es\",\"potentialAction\":[{\"@type\":\"ReadAction\",\"target\":[\"https:\/\/www.decolor.com\/de\/envios-devoluciones\/\"]}]},{\"@type\":\"BreadcrumbList\",\"@id\":\"https:\/\/www.decolor.com\/de\/envios-devoluciones\/#breadcrumb\",\"itemListElement\":[{\"@type\":\"ListItem\",\"position\":1,\"name\":\"Home\",\"item\":\"https:\/\/www.decolor.com\/\"},{\"@type\":\"ListItem\",\"position\":2,\"name\":\"Env\u00edos y devoluciones\"}]},{\"@type\":\"WebSite\",\"@id\":\"https:\/\/www.decolor.com\/it\/#website\",\"url\":\"https:\/\/www.decolor.com\/it\/\",\"name\":\"Decolor\",\"description\":\"Web Decolor\",\"publisher\":{\"@id\":\"https:\/\/www.decolor.com\/it\/#organization\"},\"potentialAction\":[{\"@type\":\"SearchAction\",\"target\":{\"@type\":\"EntryPoint\",\"urlTemplate\":\"https:\/\/www.decolor.com\/it\/?s={search_term_string}\"},\"query-input\":{\"@type\":\"PropertyValueSpecification\",\"valueRequired\":true,\"valueName\":\"search_term_string\"}}],\"inLanguage\":\"es\"},{\"@type\":\"Organization\",\"@id\":\"https:\/\/www.decolor.com\/it\/#organization\",\"name\":\"Decolor\",\"url\":\"https:\/\/www.decolor.com\/it\/\",\"logo\":{\"@type\":\"ImageObject\",\"inLanguage\":\"es\",\"@id\":\"https:\/\/www.decolor.com\/it\/#\/schema\/logo\/image\/\",\"url\":\"https:\/\/www.decolor.com\/wp-content\/uploads\/2021\/02\/marca_principal_pinturas_decolor_color.png\",\"contentUrl\":\"https:\/\/www.decolor.com\/wp-content\/uploads\/2021\/02\/marca_principal_pinturas_decolor_color.png\",\"width\":1588,\"height\":421,\"caption\":\"Decolor\"},\"image\":{\"@id\":\"https:\/\/www.decolor.com\/it\/#\/schema\/logo\/image\/\"}}]}<\/script>\n<!-- \/ Yoast SEO plugin. -->","yoast_head_json":{"title":"Env\u00edos y devoluciones - Decolor","robots":{"index":"index","follow":"follow","max-snippet":"max-snippet:-1","max-image-preview":"max-image-preview:large","max-video-preview":"max-video-preview:-1"},"canonical":"https:\/\/www.decolor.com\/es\/envios-devoluciones\/","og_locale":"es_ES","og_type":"article","og_title":"Env\u00edos y devoluciones - Decolor","og_description":"Env\u00edos Realizamos env\u00edos a toda la Pen\u00ednsula a trav\u00e9s de agencia. Tambi\u00e9n entregamos en la Comunidad de Madrid y proximidades mediante transporte propio. \u00bfCu\u00e1nto cuesta el env\u00edo? El coste del env\u00edo depende de cada producto, (por su peso y volumen). Para calcular el coste del env\u00edo, a\u00f1ade los productos al carrito y despu\u00e9s introduce tu&hellip; Seguir leyendo Env\u00edos y devoluciones","og_url":"https:\/\/www.decolor.com\/es\/envios-devoluciones\/","og_site_name":"Decolor","article_modified_time":"2021-09-03T06:19:30+00:00","twitter_card":"summary_large_image","twitter_misc":{"Tiempo de lectura":"2 minutos"},"schema":{"@context":"https:\/\/schema.org","@graph":[{"@type":"WebPage","@id":"https:\/\/www.decolor.com\/de\/envios-devoluciones\/","url":"https:\/\/www.decolor.com\/de\/envios-devoluciones\/","name":"Env\u00edos y devoluciones - Decolor","isPartOf":{"@id":"https:\/\/www.decolor.com\/it\/#website"},"datePublished":"2021-04-22T15:30:05+00:00","dateModified":"2021-09-03T06:19:30+00:00","breadcrumb":{"@id":"https:\/\/www.decolor.com\/de\/envios-devoluciones\/#breadcrumb"},"inLanguage":"es","potentialAction":[{"@type":"ReadAction","target":["https:\/\/www.decolor.com\/de\/envios-devoluciones\/"]}]},{"@type":"BreadcrumbList","@id":"https:\/\/www.decolor.com\/de\/envios-devoluciones\/#breadcrumb","itemListElement":[{"@type":"ListItem","position":1,"name":"Home","item":"https:\/\/www.decolor.com\/"},{"@type":"ListItem","position":2,"name":"Env\u00edos y devoluciones"}]},{"@type":"WebSite","@id":"https:\/\/www.decolor.com\/it\/#website","url":"https:\/\/www.decolor.com\/it\/","name":"Decolor","description":"Web Decolor","publisher":{"@id":"https:\/\/www.decolor.com\/it\/#organization"},"potentialAction":[{"@type":"SearchAction","target":{"@type":"EntryPoint","urlTemplate":"https:\/\/www.decolor.com\/it\/?s={search_term_string}"},"query-input":{"@type":"PropertyValueSpecification","valueRequired":true,"valueName":"search_term_string"}}],"inLanguage":"es"},{"@type":"Organization","@id":"https:\/\/www.decolor.com\/it\/#organization","name":"Decolor","url":"https:\/\/www.decolor.com\/it\/","logo":{"@type":"ImageObject","inLanguage":"es","@id":"https:\/\/www.decolor.com\/it\/#\/schema\/logo\/image\/","url":"https:\/\/www.decolor.com\/wp-content\/uploads\/2021\/02\/marca_principal_pinturas_decolor_color.png","contentUrl":"https:\/\/www.decolor.com\/wp-content\/uploads\/2021\/02\/marca_principal_pinturas_decolor_color.png","width":1588,"height":421,"caption":"Decolor"},"image":{"@id":"https:\/\/www.decolor.com\/it\/#\/schema\/logo\/image\/"}}]}},"_links":{"self":[{"href":"https:\/\/www.decolor.com\/es\/wp-json\/wp\/v2\/pages\/12823"}],"collection":[{"href":"https:\/\/www.decolor.com\/es\/wp-json\/wp\/v2\/pages"}],"about":[{"href":"https:\/\/www.decolor.com\/es\/wp-json\/wp\/v2\/types\/page"}],"author":[{"embeddable":true,"href":"https:\/\/www.decolor.com\/es\/wp-json\/wp\/v2\/users\/1"}],"replies":[{"embeddable":true,"href":"https:\/\/www.decolor.com\/es\/wp-json\/wp\/v2\/comments?post=12823"}],"version-history":[{"count":0,"href":"https:\/\/www.decolor.com\/es\/wp-json\/wp\/v2\/pages\/12823\/revisions"}],"wp:attachment":[{"href":"https:\/\/www.decolor.com\/es\/wp-json\/wp\/v2\/media?parent=12823"}],"curies":[{"name":"wp","href":"https:\/\/api.w.org\/{rel}","templated":true}]}}