{"id":136038,"date":"2022-02-18T10:25:16","date_gmt":"2022-02-18T10:25:16","guid":{"rendered":"https:\/\/www.decolor.com\/?page_id=136038"},"modified":"2026-02-24T07:51:58","modified_gmt":"2026-02-24T07:51:58","slug":"politica-de-calidad-y-gestion-ambiental","status":"publish","type":"page","link":"https:\/\/www.decolor.com\/es\/politica-de-calidad-y-gestion-ambiental\/","title":{"rendered":"POLITICA DE CALIDAD Y GESTION AMBIENTAL"},"content":{"rendered":"\t\t<div data-elementor-type=\"wp-page\" data-elementor-id=\"136038\" class=\"elementor elementor-136038\" data-elementor-post-type=\"page\">\n\t\t\t\t\t\t<section data-particle_enable=\"false\" data-particle-mobile-disabled=\"false\" class=\"elementor-section elementor-top-section elementor-element elementor-element-525ac15 elementor-section-boxed elementor-section-height-default elementor-section-height-default\" data-id=\"525ac15\" data-element_type=\"section\">\n\t\t\t\t\t\t\t<div class=\"elementor-background-overlay\"><\/div>\n\t\t\t\t\t\t\t<div class=\"elementor-container elementor-column-gap-default\">\n\t\t\t\t\t<div class=\"elementor-column elementor-col-100 elementor-top-column elementor-element elementor-element-6d7f690\" data-id=\"6d7f690\" data-element_type=\"column\">\n\t\t\t<div class=\"elementor-widget-wrap elementor-element-populated\">\n\t\t\t\t\t\t<div class=\"elementor-element elementor-element-9d723b4 elementor-widget elementor-widget-heading\" data-id=\"9d723b4\" data-element_type=\"widget\" data-widget_type=\"heading.default\">\n\t\t\t\t<div class=\"elementor-widget-container\">\n\t\t\t<h2 class=\"elementor-heading-title elementor-size-default\">POLITICA DE CALIDAD Y GESTION AMBIENTAL<\/h2>\t\t<\/div>\n\t\t\t\t<\/div>\n\t\t\t\t\t<\/div>\n\t\t<\/div>\n\t\t\t\t\t<\/div>\n\t\t<\/section>\n\t\t\t\t<section data-particle_enable=\"false\" data-particle-mobile-disabled=\"false\" class=\"elementor-section elementor-top-section elementor-element elementor-element-ef710dc elementor-section-boxed elementor-section-height-default elementor-section-height-default\" data-id=\"ef710dc\" data-element_type=\"section\">\n\t\t\t\t\t\t<div class=\"elementor-container elementor-column-gap-default\">\n\t\t\t\t\t<div class=\"elementor-column elementor-col-100 elementor-top-column elementor-element elementor-element-e0e3317\" data-id=\"e0e3317\" data-element_type=\"column\">\n\t\t\t<div class=\"elementor-widget-wrap elementor-element-populated\">\n\t\t\t\t\t\t<div class=\"elementor-element elementor-element-a5f2b87 elementor-widget elementor-widget-text-editor\" data-id=\"a5f2b87\" data-element_type=\"widget\" data-widget_type=\"text-editor.default\">\n\t\t\t\t<div class=\"elementor-widget-container\">\n\t\t\t\t\t\t\t<p data-olk-copy-source=\"MessageBody\">La Direcci\u00f3n General de\u00a0<b>PINTURAS<\/b>\u00a0<b>DECOLOR<\/b>\u00a0consciente de la creciente importancia de la sensibilidad social relacionada con la salud y de la calidad de los productos a consumir en los mercados actuales y, a su vez, \u00a0la correcta gesti\u00f3n medioambiental, est\u00e1 plenamente comprometida con la implantaci\u00f3n y mejora continua de su G.I.S.C.A. \u00a0(Sistema Integral y Sistem\u00e1tico de Calidad y Ambiental) seg\u00fan las normas UNE-EN ISO 9001:2015 y UNE- EN ISO 14001: 2015, para su actividad como FABRICANTE DE PINTURAS, BARNICES, REVESTIMIENTOS Y TRATAMIENTOS ESPECIALES.<\/p><p aria-hidden=\"true\">\u00a0<\/p><p>Este compromiso se explicita como\u00a0<b>Calidad y buena Gesti\u00f3n Ambiental<\/b>\u00a0en todas aquellas actuaciones destinadas a lograr:<\/p><p aria-hidden=\"true\">\u00a0<\/p><ul type=\"disc\"><li>Una mejora continua en nuestros productos y servicios.<\/li><li>Cumplir con los requisitos legales que afectan a nuestra organizaci\u00f3n y con otros requisitos que la organizaci\u00f3n suscriba relacionados con sus aspectos ambientales, los requisitos de nuestros clientes, de las dem\u00e1s partes interesadas, y con los nuestros propios.<\/li><li>Una adecuada comunicaci\u00f3n y formaci\u00f3n del personal de la empresa, as\u00ed como su completa colaboraci\u00f3n.<\/li><li>Empe\u00f1o en el objetivo cero errores analizando, aprendiendo y superando las causas que los generan.<\/li><li>Desarrollo sostenible, respeto por el medio ambiente y prevenci\u00f3n de la contaminaci\u00f3n<\/li><li>Que cada persona sea responsable de la calidad de su trabajo y de la protecci\u00f3n del Medio Ambiente, as\u00ed como de su verificaci\u00f3n seg\u00fan los planes establecidos.<\/li><\/ul><p aria-hidden=\"true\">\u00a0<\/p><p>En la medida que seamos capaces de mejorar estos aspectos estaremos m\u00e1s cerca de nuestro objetivo fundamental \u201c<b>satisfacer plenamente los requerimientos y expectativas de nuestros clientes<\/b>\u201d.<\/p><p aria-hidden=\"true\">\u00a0<\/p><p>La Direcci\u00f3n General de\u00a0<b>PINTURAS<\/b>\u00a0<b>DECOLOR<\/b>\u00a0manifiesta el firme compromiso de llevar a cabo su pol\u00edtica de calidad y de gesti\u00f3n ambiental, as\u00ed como de realizar las oportunas revisiones y actualizaciones.<\/p><p>\u00a0 \u00a0 \u00a0 \u00a0 \u00a0<\/p><p>La Roda, 07 de enero de 2021<\/p>\t\t\t\t\t\t<\/div>\n\t\t\t\t<\/div>\n\t\t\t\t\t<\/div>\n\t\t<\/div>\n\t\t\t\t\t<\/div>\n\t\t<\/section>\n\t\t\t\t<\/div>\n\t\t","protected":false},"excerpt":{"rendered":"<p>POLITICA DE CALIDAD Y GESTION AMBIENTAL La Direcci\u00f3n General de\u00a0PINTURAS\u00a0DECOLOR\u00a0consciente de la creciente importancia de la sensibilidad social relacionada con la salud y de la calidad de los productos a consumir en los mercados actuales y, a su vez, \u00a0la correcta gesti\u00f3n medioambiental, est\u00e1 plenamente comprometida con la implantaci\u00f3n y mejora continua de su G.I.S.C.A.&hellip; <a class=\"more-link\" href=\"https:\/\/www.decolor.com\/es\/politica-de-calidad-y-gestion-ambiental\/\">Seguir leyendo <span class=\"screen-reader-text\">POLITICA DE CALIDAD Y GESTION AMBIENTAL<\/span><\/a><\/p>\n","protected":false},"author":1,"featured_media":0,"parent":0,"menu_order":0,"comment_status":"closed","ping_status":"closed","template":"elementor_header_footer","meta":{"_acf_changed":false,"footnotes":""},"class_list":["post-136038","page","type-page","status-publish","hentry","entry"],"acf":[],"yoast_head":"<!-- This site is optimized with the Yoast SEO plugin v23.4 - https:\/\/yoast.com\/wordpress\/plugins\/seo\/ -->\n<title>POLITICA DE CALIDAD Y GESTION AMBIENTAL - Decolor<\/title>\n<meta name=\"robots\" content=\"index, follow, max-snippet:-1, max-image-preview:large, max-video-preview:-1\" \/>\n<link rel=\"canonical\" href=\"https:\/\/www.decolor.com\/es\/politica-de-calidad-y-gestion-ambiental\/\" \/>\n<meta property=\"og:locale\" content=\"es_ES\" \/>\n<meta property=\"og:type\" content=\"article\" \/>\n<meta property=\"og:title\" content=\"POLITICA DE CALIDAD Y GESTION AMBIENTAL - Decolor\" \/>\n<meta property=\"og:description\" content=\"POLITICA DE CALIDAD Y GESTION AMBIENTAL La Direcci\u00f3n General de\u00a0PINTURAS\u00a0DECOLOR\u00a0consciente de la creciente importancia de la sensibilidad social relacionada con la salud y de la calidad de los productos a consumir en los mercados actuales y, a su vez, \u00a0la correcta gesti\u00f3n medioambiental, est\u00e1 plenamente comprometida con la implantaci\u00f3n y mejora continua de su G.I.S.C.A.&hellip; Seguir leyendo POLITICA DE CALIDAD Y GESTION AMBIENTAL\" \/>\n<meta property=\"og:url\" content=\"https:\/\/www.decolor.com\/es\/politica-de-calidad-y-gestion-ambiental\/\" \/>\n<meta property=\"og:site_name\" content=\"Decolor\" \/>\n<meta property=\"article:modified_time\" content=\"2026-02-24T07:51:58+00:00\" \/>\n<meta name=\"twitter:card\" content=\"summary_large_image\" \/>\n<meta name=\"twitter:label1\" content=\"Tiempo de lectura\" \/>\n\t<meta name=\"twitter:data1\" content=\"2 minutos\" \/>\n<script type=\"application\/ld+json\" class=\"yoast-schema-graph\">{\"@context\":\"https:\/\/schema.org\",\"@graph\":[{\"@type\":\"WebPage\",\"@id\":\"https:\/\/www.decolor.com\/es\/politica-de-calidad-y-gestion-ambiental\/\",\"url\":\"https:\/\/www.decolor.com\/es\/politica-de-calidad-y-gestion-ambiental\/\",\"name\":\"POLITICA DE CALIDAD Y GESTION AMBIENTAL - Decolor\",\"isPartOf\":{\"@id\":\"https:\/\/www.decolor.com\/it\/#website\"},\"datePublished\":\"2022-02-18T10:25:16+00:00\",\"dateModified\":\"2026-02-24T07:51:58+00:00\",\"breadcrumb\":{\"@id\":\"https:\/\/www.decolor.com\/es\/politica-de-calidad-y-gestion-ambiental\/#breadcrumb\"},\"inLanguage\":\"es\",\"potentialAction\":[{\"@type\":\"ReadAction\",\"target\":[\"https:\/\/www.decolor.com\/es\/politica-de-calidad-y-gestion-ambiental\/\"]}]},{\"@type\":\"BreadcrumbList\",\"@id\":\"https:\/\/www.decolor.com\/es\/politica-de-calidad-y-gestion-ambiental\/#breadcrumb\",\"itemListElement\":[{\"@type\":\"ListItem\",\"position\":1,\"name\":\"Home\",\"item\":\"https:\/\/www.decolor.com\/\"},{\"@type\":\"ListItem\",\"position\":2,\"name\":\"POLITICA DE CALIDAD Y GESTION AMBIENTAL\"}]},{\"@type\":\"WebSite\",\"@id\":\"https:\/\/www.decolor.com\/it\/#website\",\"url\":\"https:\/\/www.decolor.com\/it\/\",\"name\":\"Decolor\",\"description\":\"Web Decolor\",\"publisher\":{\"@id\":\"https:\/\/www.decolor.com\/it\/#organization\"},\"potentialAction\":[{\"@type\":\"SearchAction\",\"target\":{\"@type\":\"EntryPoint\",\"urlTemplate\":\"https:\/\/www.decolor.com\/it\/?s={search_term_string}\"},\"query-input\":{\"@type\":\"PropertyValueSpecification\",\"valueRequired\":true,\"valueName\":\"search_term_string\"}}],\"inLanguage\":\"es\"},{\"@type\":\"Organization\",\"@id\":\"https:\/\/www.decolor.com\/it\/#organization\",\"name\":\"Decolor\",\"url\":\"https:\/\/www.decolor.com\/it\/\",\"logo\":{\"@type\":\"ImageObject\",\"inLanguage\":\"es\",\"@id\":\"https:\/\/www.decolor.com\/it\/#\/schema\/logo\/image\/\",\"url\":\"https:\/\/www.decolor.com\/wp-content\/uploads\/2021\/02\/marca_principal_pinturas_decolor_color.png\",\"contentUrl\":\"https:\/\/www.decolor.com\/wp-content\/uploads\/2021\/02\/marca_principal_pinturas_decolor_color.png\",\"width\":1588,\"height\":421,\"caption\":\"Decolor\"},\"image\":{\"@id\":\"https:\/\/www.decolor.com\/it\/#\/schema\/logo\/image\/\"}}]}<\/script>\n<!-- \/ Yoast SEO plugin. -->","yoast_head_json":{"title":"POLITICA DE CALIDAD Y GESTION AMBIENTAL - Decolor","robots":{"index":"index","follow":"follow","max-snippet":"max-snippet:-1","max-image-preview":"max-image-preview:large","max-video-preview":"max-video-preview:-1"},"canonical":"https:\/\/www.decolor.com\/es\/politica-de-calidad-y-gestion-ambiental\/","og_locale":"es_ES","og_type":"article","og_title":"POLITICA DE CALIDAD Y GESTION AMBIENTAL - Decolor","og_description":"POLITICA DE CALIDAD Y GESTION AMBIENTAL La Direcci\u00f3n General de\u00a0PINTURAS\u00a0DECOLOR\u00a0consciente de la creciente importancia de la sensibilidad social relacionada con la salud y de la calidad de los productos a consumir en los mercados actuales y, a su vez, \u00a0la correcta gesti\u00f3n medioambiental, est\u00e1 plenamente comprometida con la implantaci\u00f3n y mejora continua de su G.I.S.C.A.&hellip; Seguir leyendo POLITICA DE CALIDAD Y GESTION AMBIENTAL","og_url":"https:\/\/www.decolor.com\/es\/politica-de-calidad-y-gestion-ambiental\/","og_site_name":"Decolor","article_modified_time":"2026-02-24T07:51:58+00:00","twitter_card":"summary_large_image","twitter_misc":{"Tiempo de lectura":"2 minutos"},"schema":{"@context":"https:\/\/schema.org","@graph":[{"@type":"WebPage","@id":"https:\/\/www.decolor.com\/es\/politica-de-calidad-y-gestion-ambiental\/","url":"https:\/\/www.decolor.com\/es\/politica-de-calidad-y-gestion-ambiental\/","name":"POLITICA DE CALIDAD Y GESTION AMBIENTAL - Decolor","isPartOf":{"@id":"https:\/\/www.decolor.com\/it\/#website"},"datePublished":"2022-02-18T10:25:16+00:00","dateModified":"2026-02-24T07:51:58+00:00","breadcrumb":{"@id":"https:\/\/www.decolor.com\/es\/politica-de-calidad-y-gestion-ambiental\/#breadcrumb"},"inLanguage":"es","potentialAction":[{"@type":"ReadAction","target":["https:\/\/www.decolor.com\/es\/politica-de-calidad-y-gestion-ambiental\/"]}]},{"@type":"BreadcrumbList","@id":"https:\/\/www.decolor.com\/es\/politica-de-calidad-y-gestion-ambiental\/#breadcrumb","itemListElement":[{"@type":"ListItem","position":1,"name":"Home","item":"https:\/\/www.decolor.com\/"},{"@type":"ListItem","position":2,"name":"POLITICA DE CALIDAD Y GESTION AMBIENTAL"}]},{"@type":"WebSite","@id":"https:\/\/www.decolor.com\/it\/#website","url":"https:\/\/www.decolor.com\/it\/","name":"Decolor","description":"Web Decolor","publisher":{"@id":"https:\/\/www.decolor.com\/it\/#organization"},"potentialAction":[{"@type":"SearchAction","target":{"@type":"EntryPoint","urlTemplate":"https:\/\/www.decolor.com\/it\/?s={search_term_string}"},"query-input":{"@type":"PropertyValueSpecification","valueRequired":true,"valueName":"search_term_string"}}],"inLanguage":"es"},{"@type":"Organization","@id":"https:\/\/www.decolor.com\/it\/#organization","name":"Decolor","url":"https:\/\/www.decolor.com\/it\/","logo":{"@type":"ImageObject","inLanguage":"es","@id":"https:\/\/www.decolor.com\/it\/#\/schema\/logo\/image\/","url":"https:\/\/www.decolor.com\/wp-content\/uploads\/2021\/02\/marca_principal_pinturas_decolor_color.png","contentUrl":"https:\/\/www.decolor.com\/wp-content\/uploads\/2021\/02\/marca_principal_pinturas_decolor_color.png","width":1588,"height":421,"caption":"Decolor"},"image":{"@id":"https:\/\/www.decolor.com\/it\/#\/schema\/logo\/image\/"}}]}},"_links":{"self":[{"href":"https:\/\/www.decolor.com\/es\/wp-json\/wp\/v2\/pages\/136038"}],"collection":[{"href":"https:\/\/www.decolor.com\/es\/wp-json\/wp\/v2\/pages"}],"about":[{"href":"https:\/\/www.decolor.com\/es\/wp-json\/wp\/v2\/types\/page"}],"author":[{"embeddable":true,"href":"https:\/\/www.decolor.com\/es\/wp-json\/wp\/v2\/users\/1"}],"replies":[{"embeddable":true,"href":"https:\/\/www.decolor.com\/es\/wp-json\/wp\/v2\/comments?post=136038"}],"version-history":[{"count":3,"href":"https:\/\/www.decolor.com\/es\/wp-json\/wp\/v2\/pages\/136038\/revisions"}],"predecessor-version":[{"id":151674,"href":"https:\/\/www.decolor.com\/es\/wp-json\/wp\/v2\/pages\/136038\/revisions\/151674"}],"wp:attachment":[{"href":"https:\/\/www.decolor.com\/es\/wp-json\/wp\/v2\/media?parent=136038"}],"curies":[{"name":"wp","href":"https:\/\/api.w.org\/{rel}","templated":true}]}}