{"id":11539,"date":"2021-04-22T10:50:26","date_gmt":"2021-04-22T10:50:26","guid":{"rendered":"https:\/\/desarrollo5.capazita.com\/?page_id=11539"},"modified":"2025-05-30T06:24:40","modified_gmt":"2025-05-30T06:24:40","slug":"recomendaciones-tecnicas","status":"publish","type":"page","link":"https:\/\/www.decolor.com\/fr\/recomendaciones-tecnicas\/","title":{"rendered":"Recommandations techniques"},"content":{"rendered":"<div data-elementor-type=\"wp-page\" data-elementor-id=\"11539\" class=\"elementor elementor-11539\" data-elementor-post-type=\"page\">\n\t\t\t\t\t\t<section data-particle_enable=\"false\" data-particle-mobile-disabled=\"false\" class=\"elementor-section elementor-top-section elementor-element elementor-element-4663bb7 elementor-section-boxed elementor-section-height-default elementor-section-height-default\" data-id=\"4663bb7\" data-element_type=\"section\">\n\t\t\t\t\t\t<div class=\"elementor-container elementor-column-gap-default\">\n\t\t\t\t\t<div class=\"elementor-column elementor-col-100 elementor-top-column elementor-element elementor-element-4e36565\" data-id=\"4e36565\" data-element_type=\"column\">\n\t\t\t<div class=\"elementor-widget-wrap elementor-element-populated\">\n\t\t\t\t\t\t<div class=\"elementor-element elementor-element-87c2d71 elementor-widget elementor-widget-heading\" data-id=\"87c2d71\" data-element_type=\"widget\" data-widget_type=\"heading.default\">\n\t\t\t\t<div class=\"elementor-widget-container\">\n\t\t\t<h2 class=\"elementor-heading-title elementor-size-default\">Recommandations techniques<\/h2>\t\t<\/div>\n\t\t\t\t<\/div>\n\t\t\t\t\t<\/div>\n\t\t<\/div>\n\t\t\t\t\t<\/div>\n\t\t<\/section>\n\t\t\t\t<section data-particle_enable=\"false\" data-particle-mobile-disabled=\"false\" class=\"elementor-section elementor-top-section elementor-element elementor-element-73d15d7 elementor-section-boxed elementor-section-height-default elementor-section-height-default\" data-id=\"73d15d7\" data-element_type=\"section\">\n\t\t\t\t\t\t<div class=\"elementor-container elementor-column-gap-default\">\n\t\t\t\t\t<div class=\"elementor-column elementor-col-25 elementor-top-column elementor-element elementor-element-a15782a\" data-id=\"a15782a\" data-element_type=\"column\">\n\t\t\t<div class=\"elementor-widget-wrap elementor-element-populated\">\n\t\t\t\t\t\t<div class=\"elementor-element elementor-element-042529d elementor-cta--layout-image-above elementor-cta--skin-classic elementor-animated-content elementor-bg-transform elementor-bg-transform-zoom-in elementor-widget elementor-widget-call-to-action\" data-id=\"042529d\" data-element_type=\"widget\" data-widget_type=\"call-to-action.default\">\n\t\t\t\t<div class=\"elementor-widget-container\">\n\t\t\t\t\t<div class=\"elementor-cta\">\n\t\t\t\t\t<div class=\"elementor-cta__bg-wrapper\">\n\t\t\t\t<div class=\"elementor-cta__bg elementor-bg\" style=\"background-image: url(https:\/\/www.decolor.com\/wp-content\/uploads\/2021\/10\/RT-arquitectura-mini.jpg);\" role=\"img\" aria-label=\"RT-architecture-mini\"><\/div>\n\t\t\t\t<div class=\"elementor-cta__bg-overlay\"><\/div>\n\t\t\t<\/div>\n\t\t\t\t\t\t\t<div class=\"elementor-cta__content\">\n\t\t\t\t\n\t\t\t\t\t\t\t\t\t<h2 class=\"elementor-cta__title elementor-cta__content-item elementor-content-item\">\n\t\t\t\t\t\tCatalogue de rev\u00eatements architecturaux\t\t\t\t\t<\/h2>\n\t\t\t\t\n\t\t\t\t\n\t\t\t\t\t\t\t\t\t<div class=\"elementor-cta__button-wrapper elementor-cta__content-item elementor-content-item\">\n\t\t\t\t\t<a class=\"elementor-cta__button elementor-button elementor-size-xs\" href=\"\/wp-content\/uploads\/catalogo\/DECOLOR_ARQUITECTURA_2025_FR.pdf\" target=\"_blank\">\n\t\t\t\t\t\tT\u00e9l\u00e9charger PDF\t\t\t\t\t<\/a>\n\t\t\t\t\t<\/div>\n\t\t\t\t\t\t\t<\/div>\n\t\t\t\t\t\t<\/div>\n\t\t\t\t<\/div>\n\t\t\t\t<\/div>\n\t\t\t\t\t<\/div>\n\t\t<\/div>\n\t\t\t\t<div class=\"elementor-column elementor-col-25 elementor-top-column elementor-element elementor-element-1372157\" data-id=\"1372157\" data-element_type=\"column\">\n\t\t\t<div class=\"elementor-widget-wrap elementor-element-populated\">\n\t\t\t\t\t\t<div class=\"elementor-element elementor-element-8cbcf12 elementor-cta--layout-image-above elementor-cta--skin-classic elementor-animated-content elementor-bg-transform elementor-bg-transform-zoom-in elementor-widget elementor-widget-call-to-action\" data-id=\"8cbcf12\" data-element_type=\"widget\" data-widget_type=\"call-to-action.default\">\n\t\t\t\t<div class=\"elementor-widget-container\">\n\t\t\t\t\t<div class=\"elementor-cta\">\n\t\t\t\t\t<div class=\"elementor-cta__bg-wrapper\">\n\t\t\t\t<div class=\"elementor-cta__bg elementor-bg\" style=\"background-image: url(https:\/\/www.decolor.com\/wp-content\/uploads\/2021\/10\/RT-fachadas-mini.jpg);\" role=\"img\" aria-label=\"RT-fa\u00e7ades-mini\"><\/div>\n\t\t\t\t<div class=\"elementor-cta__bg-overlay\"><\/div>\n\t\t\t<\/div>\n\t\t\t\t\t\t\t<div class=\"elementor-cta__content\">\n\t\t\t\t\n\t\t\t\t\t\t\t\t\t<h2 class=\"elementor-cta__title elementor-cta__content-item elementor-content-item\">\n\t\t\t\t\t\tCatalogue de rev\u00eatements pour fa\u00e7ades\t\t\t\t\t<\/h2>\n\t\t\t\t\n\t\t\t\t\n\t\t\t\t\t\t\t\t\t<div class=\"elementor-cta__button-wrapper elementor-cta__content-item elementor-content-item\">\n\t\t\t\t\t<a class=\"elementor-cta__button elementor-button elementor-size-xs\" href=\"\/wp-content\/uploads\/catalogo\/DECOLOR_FACHADAS_2025_FR.pdf\" target=\"_blank\">\n\t\t\t\t\t\tT\u00e9l\u00e9charger PDF\t\t\t\t\t<\/a>\n\t\t\t\t\t<\/div>\n\t\t\t\t\t\t\t<\/div>\n\t\t\t\t\t\t<\/div>\n\t\t\t\t<\/div>\n\t\t\t\t<\/div>\n\t\t\t\t\t<\/div>\n\t\t<\/div>\n\t\t\t\t<div class=\"elementor-column elementor-col-25 elementor-top-column elementor-element elementor-element-ec0f29a\" data-id=\"ec0f29a\" data-element_type=\"column\">\n\t\t\t<div class=\"elementor-widget-wrap elementor-element-populated\">\n\t\t\t\t\t\t<div class=\"elementor-element elementor-element-8af3b10 elementor-cta--layout-image-above elementor-cta--skin-classic elementor-animated-content elementor-bg-transform elementor-bg-transform-zoom-in elementor-widget elementor-widget-call-to-action\" data-id=\"8af3b10\" data-element_type=\"widget\" data-widget_type=\"call-to-action.default\">\n\t\t\t\t<div class=\"elementor-widget-container\">\n\t\t\t\t\t<div class=\"elementor-cta\">\n\t\t\t\t\t<div class=\"elementor-cta__bg-wrapper\">\n\t\t\t\t<div class=\"elementor-cta__bg elementor-bg\" style=\"background-image: url(https:\/\/www.decolor.com\/wp-content\/uploads\/2021\/10\/RT-impermeabilizantes-mini.jpg);\" role=\"img\" aria-label=\"RT-\u00e9tanche-mini\"><\/div>\n\t\t\t\t<div class=\"elementor-cta__bg-overlay\"><\/div>\n\t\t\t<\/div>\n\t\t\t\t\t\t\t<div class=\"elementor-cta__content\">\n\t\t\t\t\n\t\t\t\t\t\t\t\t\t<h2 class=\"elementor-cta__title elementor-cta__content-item elementor-content-item\">\n\t\t\t\t\t\tCatalogue de rev\u00eatements imperm\u00e9abilisants\t\t\t\t\t<\/h2>\n\t\t\t\t\n\t\t\t\t\n\t\t\t\t\t\t\t\t\t<div class=\"elementor-cta__button-wrapper elementor-cta__content-item elementor-content-item\">\n\t\t\t\t\t<a class=\"elementor-cta__button elementor-button elementor-size-xs\" href=\"\/wp-content\/uploads\/catalogo\/DECOLOR_IMPERMEABILIZANTES_2025_FR.pdf\" target=\"_blank\">\n\t\t\t\t\t\tT\u00e9l\u00e9charger PDF\t\t\t\t\t<\/a>\n\t\t\t\t\t<\/div>\n\t\t\t\t\t\t\t<\/div>\n\t\t\t\t\t\t<\/div>\n\t\t\t\t<\/div>\n\t\t\t\t<\/div>\n\t\t\t\t\t<\/div>\n\t\t<\/div>\n\t\t\t\t<div class=\"elementor-column elementor-col-25 elementor-top-column elementor-element elementor-element-08b42cb\" data-id=\"08b42cb\" data-element_type=\"column\">\n\t\t\t<div class=\"elementor-widget-wrap elementor-element-populated\">\n\t\t\t\t\t\t<div class=\"elementor-element elementor-element-ec434ec elementor-cta--layout-image-above elementor-cta--skin-classic elementor-animated-content elementor-bg-transform elementor-bg-transform-zoom-in elementor-widget elementor-widget-call-to-action\" data-id=\"ec434ec\" data-element_type=\"widget\" data-widget_type=\"call-to-action.default\">\n\t\t\t\t<div class=\"elementor-widget-container\">\n\t\t\t\t\t<div class=\"elementor-cta\">\n\t\t\t\t\t<div class=\"elementor-cta__bg-wrapper\">\n\t\t\t\t<div class=\"elementor-cta__bg elementor-bg\" style=\"background-image: url(https:\/\/www.decolor.com\/wp-content\/uploads\/2021\/10\/RT-madera-mini.jpg);\" role=\"img\" aria-label=\"RT-bois-mini\"><\/div>\n\t\t\t\t<div class=\"elementor-cta__bg-overlay\"><\/div>\n\t\t\t<\/div>\n\t\t\t\t\t\t\t<div class=\"elementor-cta__content\">\n\t\t\t\t\n\t\t\t\t\t\t\t\t\t<h2 class=\"elementor-cta__title elementor-cta__content-item elementor-content-item\">\n\t\t\t\t\t\tCatalogue de rev\u00eatements pour bois\t\t\t\t\t<\/h2>\n\t\t\t\t\n\t\t\t\t\n\t\t\t\t\t\t\t\t\t<div class=\"elementor-cta__button-wrapper elementor-cta__content-item elementor-content-item\">\n\t\t\t\t\t<a class=\"elementor-cta__button elementor-button elementor-size-xs\" href=\"\/wp-content\/uploads\/catalogo\/DECOLOR_MADERA_2025_FR.pdf\" target=\"_blank\">\n\t\t\t\t\t\tT\u00e9l\u00e9charger PDF\t\t\t\t\t<\/a>\n\t\t\t\t\t<\/div>\n\t\t\t\t\t\t\t<\/div>\n\t\t\t\t\t\t<\/div>\n\t\t\t\t<\/div>\n\t\t\t\t<\/div>\n\t\t\t\t\t<\/div>\n\t\t<\/div>\n\t\t\t\t\t<\/div>\n\t\t<\/section>\n\t\t\t\t<section data-particle_enable=\"false\" data-particle-mobile-disabled=\"false\" class=\"elementor-section elementor-top-section elementor-element elementor-element-0eb1025 elementor-section-boxed elementor-section-height-default elementor-section-height-default\" data-id=\"0eb1025\" data-element_type=\"section\">\n\t\t\t\t\t\t<div class=\"elementor-container elementor-column-gap-default\">\n\t\t\t\t\t<div class=\"elementor-column elementor-col-25 elementor-top-column elementor-element elementor-element-8697403\" data-id=\"8697403\" data-element_type=\"column\">\n\t\t\t<div class=\"elementor-widget-wrap elementor-element-populated\">\n\t\t\t\t\t\t<div class=\"elementor-element elementor-element-42cc67f elementor-cta--layout-image-above elementor-cta--skin-classic elementor-animated-content elementor-bg-transform elementor-bg-transform-zoom-in elementor-widget elementor-widget-call-to-action\" data-id=\"42cc67f\" data-element_type=\"widget\" data-widget_type=\"call-to-action.default\">\n\t\t\t\t<div class=\"elementor-widget-container\">\n\t\t\t\t\t<div class=\"elementor-cta\">\n\t\t\t\t\t<div class=\"elementor-cta__bg-wrapper\">\n\t\t\t\t<div class=\"elementor-cta__bg elementor-bg\" style=\"background-image: url(https:\/\/www.decolor.com\/wp-content\/uploads\/2021\/10\/RT-suelos-mini.jpg);\" role=\"img\" aria-label=\"RT-floors-mini\"><\/div>\n\t\t\t\t<div class=\"elementor-cta__bg-overlay\"><\/div>\n\t\t\t<\/div>\n\t\t\t\t\t\t\t<div class=\"elementor-cta__content\">\n\t\t\t\t\n\t\t\t\t\t\t\t\t\t<h2 class=\"elementor-cta__title elementor-cta__content-item elementor-content-item\">\n\t\t\t\t\t\tCatalogue de rev\u00eatements pour sols\t\t\t\t\t<\/h2>\n\t\t\t\t\n\t\t\t\t\n\t\t\t\t\t\t\t\t\t<div class=\"elementor-cta__button-wrapper elementor-cta__content-item elementor-content-item\">\n\t\t\t\t\t<a class=\"elementor-cta__button elementor-button elementor-size-xs\" href=\"\/wp-content\/uploads\/catalogo\/DECOLOR_SUELOS_2025_FR.pdf\" target=\"_blank\">\n\t\t\t\t\t\tT\u00e9l\u00e9charger PDF\t\t\t\t\t<\/a>\n\t\t\t\t\t<\/div>\n\t\t\t\t\t\t\t<\/div>\n\t\t\t\t\t\t<\/div>\n\t\t\t\t<\/div>\n\t\t\t\t<\/div>\n\t\t\t\t\t<\/div>\n\t\t<\/div>\n\t\t\t\t<div class=\"elementor-column elementor-col-25 elementor-top-column elementor-element elementor-element-1daca66\" data-id=\"1daca66\" data-element_type=\"column\">\n\t\t\t<div class=\"elementor-widget-wrap elementor-element-populated\">\n\t\t\t\t\t\t<div class=\"elementor-element elementor-element-638f9ff elementor-cta--layout-image-above elementor-cta--skin-classic elementor-animated-content elementor-bg-transform elementor-bg-transform-zoom-in elementor-widget elementor-widget-call-to-action\" data-id=\"638f9ff\" data-element_type=\"widget\" data-widget_type=\"call-to-action.default\">\n\t\t\t\t<div class=\"elementor-widget-container\">\n\t\t\t\t\t<div class=\"elementor-cta\">\n\t\t\t\t\t<div class=\"elementor-cta__bg-wrapper\">\n\t\t\t\t<div class=\"elementor-cta__bg elementor-bg\" style=\"background-image: url(https:\/\/www.decolor.com\/wp-content\/uploads\/2021\/10\/RT-metal-mini.jpg);\" role=\"img\" aria-label=\"RT-m\u00e9tal-mini\"><\/div>\n\t\t\t\t<div class=\"elementor-cta__bg-overlay\"><\/div>\n\t\t\t<\/div>\n\t\t\t\t\t\t\t<div class=\"elementor-cta__content\">\n\t\t\t\t\n\t\t\t\t\t\t\t\t\t<h2 class=\"elementor-cta__title elementor-cta__content-item elementor-content-item\">\n\t\t\t\t\t\tCatalogue de rev\u00eatements pour m\u00e9tal\t\t\t\t\t<\/h2>\n\t\t\t\t\n\t\t\t\t\n\t\t\t\t\t\t\t\t\t<div class=\"elementor-cta__button-wrapper elementor-cta__content-item elementor-content-item\">\n\t\t\t\t\t<a class=\"elementor-cta__button elementor-button elementor-size-xs\" href=\"\/wp-content\/uploads\/catalogo\/DECOLOR_METAL_2025_FR.pdf\" target=\"_blank\">\n\t\t\t\t\t\tT\u00e9l\u00e9charger PDF\t\t\t\t\t<\/a>\n\t\t\t\t\t<\/div>\n\t\t\t\t\t\t\t<\/div>\n\t\t\t\t\t\t<\/div>\n\t\t\t\t<\/div>\n\t\t\t\t<\/div>\n\t\t\t\t\t<\/div>\n\t\t<\/div>\n\t\t\t\t<div class=\"elementor-column elementor-col-25 elementor-top-column elementor-element elementor-element-f0dfbc9\" data-id=\"f0dfbc9\" data-element_type=\"column\">\n\t\t\t<div class=\"elementor-widget-wrap elementor-element-populated\">\n\t\t\t\t\t\t<div class=\"elementor-element elementor-element-9904d79 elementor-widget elementor-widget-image\" data-id=\"9904d79\" data-element_type=\"widget\" data-widget_type=\"image.default\">\n\t\t\t\t<div class=\"elementor-widget-container\">\n\t\t\t\t\t\t\t\t\t\t\t\t\t\t<a href=\"\/wp-content\/uploads\/wpallimport\/recomendaciones_tecnicas\/Certificado_A+_A_B_C_FR.pdf\" target=\"_blank\">\n\t\t\t\t\t\t\t<img fetchpriority=\"high\" decoding=\"async\" width=\"373\" height=\"373\" src=\"https:\/\/www.decolor.com\/wp-content\/uploads\/2021\/04\/Productos_A_A_B_C.png\" class=\"attachment-large size-large wp-image-11548\" alt=\"\" srcset=\"https:\/\/www.decolor.com\/wp-content\/uploads\/2021\/04\/Productos_A_A_B_C.png 373w, https:\/\/www.decolor.com\/wp-content\/uploads\/2021\/04\/Productos_A_A_B_C-300x300.png 300w, https:\/\/www.decolor.com\/wp-content\/uploads\/2021\/04\/Productos_A_A_B_C-100x100.png 100w, https:\/\/www.decolor.com\/wp-content\/uploads\/2021\/04\/Productos_A_A_B_C-150x150.png 150w, https:\/\/www.decolor.com\/wp-content\/uploads\/2021\/04\/Productos_A_A_B_C-12x12.png 12w\" sizes=\"(max-width: 373px) 100vw, 373px\" style=\"width:100%;height:100%;max-width:373px\" \/>\t\t\t\t\t\t\t\t<\/a>\n\t\t\t\t\t\t\t\t\t\t\t\t\t<\/div>\n\t\t\t\t<\/div>\n\t\t\t\t\t<\/div>\n\t\t<\/div>\n\t\t\t\t<div class=\"elementor-column elementor-col-25 elementor-top-column elementor-element elementor-element-0cf5b2c\" data-id=\"0cf5b2c\" data-element_type=\"column\">\n\t\t\t<div class=\"elementor-widget-wrap elementor-element-populated\">\n\t\t\t\t\t\t\t<\/div>\n\t\t<\/div>\n\t\t\t\t\t<\/div>\n\t\t<\/section>\n\t\t\t\t<section data-particle_enable=\"false\" data-particle-mobile-disabled=\"false\" class=\"elementor-section elementor-top-section elementor-element elementor-element-92dbe64 elementor-section-boxed elementor-section-height-default elementor-section-height-default\" data-id=\"92dbe64\" data-element_type=\"section\">\n\t\t\t\t\t\t<div class=\"elementor-container elementor-column-gap-default\">\n\t\t\t\t\t<div class=\"elementor-column elementor-col-100 elementor-top-column elementor-element elementor-element-ebcb82c\" data-id=\"ebcb82c\" data-element_type=\"column\">\n\t\t\t<div class=\"elementor-widget-wrap elementor-element-populated\">\n\t\t\t\t\t\t<div class=\"elementor-element elementor-element-d778855 elementor-widget elementor-widget-spacer\" data-id=\"d778855\" data-element_type=\"widget\" data-widget_type=\"spacer.default\">\n\t\t\t\t<div class=\"elementor-widget-container\">\n\t\t\t\t\t<div class=\"elementor-spacer\">\n\t\t\t<div class=\"elementor-spacer-inner\"><\/div>\n\t\t<\/div>\n\t\t\t\t<\/div>\n\t\t\t\t<\/div>\n\t\t\t\t\t<\/div>\n\t\t<\/div>\n\t\t\t\t\t<\/div>\n\t\t<\/section>\n\t\t\t\t<\/div>","protected":false},"excerpt":{"rendered":"<p>Recommandations techniques Catalogue des rev\u00eatements pour l&#039;architecture T\u00e9l\u00e9charger PDF Catalogue des rev\u00eatements pour fa\u00e7ades T\u00e9l\u00e9charger PDF Catalogue des rev\u00eatements pour l&#039;\u00e9tanch\u00e9it\u00e9 T\u00e9l\u00e9charger PDF Catalogue des rev\u00eatements pour bois T\u00e9l\u00e9charger PDF Catalogue des rev\u00eatements pour sols T\u00e9l\u00e9charger PDF Catalogue des rev\u00eatements pour m\u00e9tal T\u00e9l\u00e9charger PDF<\/p>","protected":false},"author":1,"featured_media":0,"parent":0,"menu_order":0,"comment_status":"closed","ping_status":"closed","template":"elementor_header_footer","meta":{"_acf_changed":false,"footnotes":""},"class_list":["post-11539","page","type-page","status-publish","hentry","entry"],"acf":[],"yoast_head":"<!-- This site is optimized with the Yoast SEO plugin v23.4 - https:\/\/yoast.com\/wordpress\/plugins\/seo\/ -->\n<title>Recomendaciones t\u00e9cnicas - Decolor<\/title>\n<meta name=\"robots\" content=\"index, follow, max-snippet:-1, max-image-preview:large, max-video-preview:-1\" \/>\n<link rel=\"canonical\" href=\"https:\/\/www.decolor.com\/fr\/recomendaciones-tecnicas\/\" \/>\n<meta property=\"og:locale\" content=\"fr_FR\" \/>\n<meta property=\"og:type\" content=\"article\" \/>\n<meta property=\"og:title\" content=\"Recomendaciones t\u00e9cnicas - Decolor\" \/>\n<meta property=\"og:description\" content=\"Recomendaciones t\u00e9cnicas Cat\u00e1logo de recubrimientos para arquitectura Descarga PDF Cat\u00e1logo de recubrimientos para fachadas Descarga PDF Cat\u00e1logo de recubrimientos para impermeabilizantes Descarga PDF Cat\u00e1logo de recubrimientos para madera Descarga PDF Cat\u00e1logo de recubrimientos para suelos Descarga PDF Cat\u00e1logo de recubrimientos para metal Descarga PDF\" \/>\n<meta property=\"og:url\" content=\"https:\/\/www.decolor.com\/fr\/recomendaciones-tecnicas\/\" \/>\n<meta property=\"og:site_name\" content=\"Decolor\" \/>\n<meta property=\"article:modified_time\" content=\"2025-05-30T06:24:40+00:00\" \/>\n<meta property=\"og:image\" content=\"https:\/\/www.decolor.com\/wp-content\/uploads\/2021\/04\/Productos_A_A_B_C.png\" \/>\n<meta name=\"twitter:card\" content=\"summary_large_image\" \/>\n<meta name=\"twitter:label1\" content=\"Dur\u00e9e de lecture estim\u00e9e\" \/>\n\t<meta name=\"twitter:data1\" content=\"1 minute\" \/>\n<script type=\"application\/ld+json\" class=\"yoast-schema-graph\">{\"@context\":\"https:\/\/schema.org\",\"@graph\":[{\"@type\":\"WebPage\",\"@id\":\"https:\/\/www.decolor.com\/zh\/recomendaciones-tecnicas\/\",\"url\":\"https:\/\/www.decolor.com\/zh\/recomendaciones-tecnicas\/\",\"name\":\"Recomendaciones t\u00e9cnicas - Decolor\",\"isPartOf\":{\"@id\":\"https:\/\/www.decolor.com\/it\/#website\"},\"primaryImageOfPage\":{\"@id\":\"https:\/\/www.decolor.com\/zh\/recomendaciones-tecnicas\/#primaryimage\"},\"image\":{\"@id\":\"https:\/\/www.decolor.com\/zh\/recomendaciones-tecnicas\/#primaryimage\"},\"thumbnailUrl\":\"https:\/\/www.decolor.com\/wp-content\/uploads\/2021\/04\/Productos_A_A_B_C.png\",\"datePublished\":\"2021-04-22T10:50:26+00:00\",\"dateModified\":\"2025-05-30T06:24:40+00:00\",\"breadcrumb\":{\"@id\":\"https:\/\/www.decolor.com\/zh\/recomendaciones-tecnicas\/#breadcrumb\"},\"inLanguage\":\"fr-FR\",\"potentialAction\":[{\"@type\":\"ReadAction\",\"target\":[\"https:\/\/www.decolor.com\/zh\/recomendaciones-tecnicas\/\"]}]},{\"@type\":\"ImageObject\",\"inLanguage\":\"fr-FR\",\"@id\":\"https:\/\/www.decolor.com\/zh\/recomendaciones-tecnicas\/#primaryimage\",\"url\":\"https:\/\/www.decolor.com\/wp-content\/uploads\/2021\/04\/Productos_A_A_B_C.png\",\"contentUrl\":\"https:\/\/www.decolor.com\/wp-content\/uploads\/2021\/04\/Productos_A_A_B_C.png\"},{\"@type\":\"BreadcrumbList\",\"@id\":\"https:\/\/www.decolor.com\/zh\/recomendaciones-tecnicas\/#breadcrumb\",\"itemListElement\":[{\"@type\":\"ListItem\",\"position\":1,\"name\":\"Home\",\"item\":\"https:\/\/www.decolor.com\/\"},{\"@type\":\"ListItem\",\"position\":2,\"name\":\"Recomendaciones t\u00e9cnicas\"}]},{\"@type\":\"WebSite\",\"@id\":\"https:\/\/www.decolor.com\/it\/#website\",\"url\":\"https:\/\/www.decolor.com\/it\/\",\"name\":\"Decolor\",\"description\":\"Web Decolor\",\"publisher\":{\"@id\":\"https:\/\/www.decolor.com\/it\/#organization\"},\"potentialAction\":[{\"@type\":\"SearchAction\",\"target\":{\"@type\":\"EntryPoint\",\"urlTemplate\":\"https:\/\/www.decolor.com\/it\/?s={search_term_string}\"},\"query-input\":{\"@type\":\"PropertyValueSpecification\",\"valueRequired\":true,\"valueName\":\"search_term_string\"}}],\"inLanguage\":\"fr-FR\"},{\"@type\":\"Organization\",\"@id\":\"https:\/\/www.decolor.com\/it\/#organization\",\"name\":\"Decolor\",\"url\":\"https:\/\/www.decolor.com\/it\/\",\"logo\":{\"@type\":\"ImageObject\",\"inLanguage\":\"fr-FR\",\"@id\":\"https:\/\/www.decolor.com\/it\/#\/schema\/logo\/image\/\",\"url\":\"https:\/\/www.decolor.com\/wp-content\/uploads\/2021\/02\/marca_principal_pinturas_decolor_color.png\",\"contentUrl\":\"https:\/\/www.decolor.com\/wp-content\/uploads\/2021\/02\/marca_principal_pinturas_decolor_color.png\",\"width\":1588,\"height\":421,\"caption\":\"Decolor\"},\"image\":{\"@id\":\"https:\/\/www.decolor.com\/it\/#\/schema\/logo\/image\/\"}}]}<\/script>\n<!-- \/ Yoast SEO plugin. -->","yoast_head_json":{"title":"Recomendaciones t\u00e9cnicas - Decolor","robots":{"index":"index","follow":"follow","max-snippet":"max-snippet:-1","max-image-preview":"max-image-preview:large","max-video-preview":"max-video-preview:-1"},"canonical":"https:\/\/www.decolor.com\/fr\/recomendaciones-tecnicas\/","og_locale":"fr_FR","og_type":"article","og_title":"Recomendaciones t\u00e9cnicas - Decolor","og_description":"Recomendaciones t\u00e9cnicas Cat\u00e1logo de recubrimientos para arquitectura Descarga PDF Cat\u00e1logo de recubrimientos para fachadas Descarga PDF Cat\u00e1logo de recubrimientos para impermeabilizantes Descarga PDF Cat\u00e1logo de recubrimientos para madera Descarga PDF Cat\u00e1logo de recubrimientos para suelos Descarga PDF Cat\u00e1logo de recubrimientos para metal Descarga PDF","og_url":"https:\/\/www.decolor.com\/fr\/recomendaciones-tecnicas\/","og_site_name":"Decolor","article_modified_time":"2025-05-30T06:24:40+00:00","og_image":[{"url":"https:\/\/www.decolor.com\/wp-content\/uploads\/2021\/04\/Productos_A_A_B_C.png"}],"twitter_card":"summary_large_image","twitter_misc":{"Dur\u00e9e de lecture estim\u00e9e":"1 minute"},"schema":{"@context":"https:\/\/schema.org","@graph":[{"@type":"WebPage","@id":"https:\/\/www.decolor.com\/zh\/recomendaciones-tecnicas\/","url":"https:\/\/www.decolor.com\/zh\/recomendaciones-tecnicas\/","name":"Recomendaciones t\u00e9cnicas - Decolor","isPartOf":{"@id":"https:\/\/www.decolor.com\/it\/#website"},"primaryImageOfPage":{"@id":"https:\/\/www.decolor.com\/zh\/recomendaciones-tecnicas\/#primaryimage"},"image":{"@id":"https:\/\/www.decolor.com\/zh\/recomendaciones-tecnicas\/#primaryimage"},"thumbnailUrl":"https:\/\/www.decolor.com\/wp-content\/uploads\/2021\/04\/Productos_A_A_B_C.png","datePublished":"2021-04-22T10:50:26+00:00","dateModified":"2025-05-30T06:24:40+00:00","breadcrumb":{"@id":"https:\/\/www.decolor.com\/zh\/recomendaciones-tecnicas\/#breadcrumb"},"inLanguage":"fr-FR","potentialAction":[{"@type":"ReadAction","target":["https:\/\/www.decolor.com\/zh\/recomendaciones-tecnicas\/"]}]},{"@type":"ImageObject","inLanguage":"fr-FR","@id":"https:\/\/www.decolor.com\/zh\/recomendaciones-tecnicas\/#primaryimage","url":"https:\/\/www.decolor.com\/wp-content\/uploads\/2021\/04\/Productos_A_A_B_C.png","contentUrl":"https:\/\/www.decolor.com\/wp-content\/uploads\/2021\/04\/Productos_A_A_B_C.png"},{"@type":"BreadcrumbList","@id":"https:\/\/www.decolor.com\/zh\/recomendaciones-tecnicas\/#breadcrumb","itemListElement":[{"@type":"ListItem","position":1,"name":"Home","item":"https:\/\/www.decolor.com\/"},{"@type":"ListItem","position":2,"name":"Recomendaciones t\u00e9cnicas"}]},{"@type":"WebSite","@id":"https:\/\/www.decolor.com\/it\/#website","url":"https:\/\/www.decolor.com\/it\/","name":"Decolor","description":"D\u00e9coloration Web","publisher":{"@id":"https:\/\/www.decolor.com\/it\/#organization"},"potentialAction":[{"@type":"SearchAction","target":{"@type":"EntryPoint","urlTemplate":"https:\/\/www.decolor.com\/it\/?s={search_term_string}"},"query-input":{"@type":"PropertyValueSpecification","valueRequired":true,"valueName":"search_term_string"}}],"inLanguage":"fr-FR"},{"@type":"Organization","@id":"https:\/\/www.decolor.com\/it\/#organization","name":"Decolor","url":"https:\/\/www.decolor.com\/it\/","logo":{"@type":"ImageObject","inLanguage":"fr-FR","@id":"https:\/\/www.decolor.com\/it\/#\/schema\/logo\/image\/","url":"https:\/\/www.decolor.com\/wp-content\/uploads\/2021\/02\/marca_principal_pinturas_decolor_color.png","contentUrl":"https:\/\/www.decolor.com\/wp-content\/uploads\/2021\/02\/marca_principal_pinturas_decolor_color.png","width":1588,"height":421,"caption":"Decolor"},"image":{"@id":"https:\/\/www.decolor.com\/it\/#\/schema\/logo\/image\/"}}]}},"_links":{"self":[{"href":"https:\/\/www.decolor.com\/fr\/wp-json\/wp\/v2\/pages\/11539"}],"collection":[{"href":"https:\/\/www.decolor.com\/fr\/wp-json\/wp\/v2\/pages"}],"about":[{"href":"https:\/\/www.decolor.com\/fr\/wp-json\/wp\/v2\/types\/page"}],"author":[{"embeddable":true,"href":"https:\/\/www.decolor.com\/fr\/wp-json\/wp\/v2\/users\/1"}],"replies":[{"embeddable":true,"href":"https:\/\/www.decolor.com\/fr\/wp-json\/wp\/v2\/comments?post=11539"}],"version-history":[{"count":21,"href":"https:\/\/www.decolor.com\/fr\/wp-json\/wp\/v2\/pages\/11539\/revisions"}],"predecessor-version":[{"id":150984,"href":"https:\/\/www.decolor.com\/fr\/wp-json\/wp\/v2\/pages\/11539\/revisions\/150984"}],"wp:attachment":[{"href":"https:\/\/www.decolor.com\/fr\/wp-json\/wp\/v2\/media?parent=11539"}],"curies":[{"name":"wp","href":"https:\/\/api.w.org\/{rel}","templated":true}]}}