{"id":12823,"date":"2021-04-22T15:30:05","date_gmt":"2021-04-22T15:30:05","guid":{"rendered":"https:\/\/desarrollo5.capazita.com\/?page_id=12823"},"modified":"2021-09-03T06:19:30","modified_gmt":"2021-09-03T06:19:30","slug":"envios-devoluciones","status":"publish","type":"page","link":"https:\/\/www.decolor.com\/fr\/envios-devoluciones\/","title":{"rendered":"Exp\u00e9dition &amp; retours"},"content":{"rendered":"<div data-elementor-type=\"wp-page\" data-elementor-id=\"12823\" class=\"elementor elementor-12823\" data-elementor-post-type=\"page\">\n\t\t\t\t\t\t<section data-particle_enable=\"false\" data-particle-mobile-disabled=\"false\" class=\"elementor-section elementor-top-section elementor-element elementor-element-766232a elementor-section-boxed elementor-section-height-default elementor-section-height-default\" data-id=\"766232a\" data-element_type=\"section\">\n\t\t\t\t\t\t<div class=\"elementor-container elementor-column-gap-default\">\n\t\t\t\t\t<div class=\"elementor-column elementor-col-100 elementor-top-column elementor-element elementor-element-f4975f3\" data-id=\"f4975f3\" data-element_type=\"column\">\n\t\t\t<div class=\"elementor-widget-wrap elementor-element-populated\">\n\t\t\t\t\t\t<div class=\"elementor-element elementor-element-34c8839 elementor-widget elementor-widget-spacer\" data-id=\"34c8839\" data-element_type=\"widget\" data-widget_type=\"spacer.default\">\n\t\t\t\t<div class=\"elementor-widget-container\">\n\t\t\t\t\t<div class=\"elementor-spacer\">\n\t\t\t<div class=\"elementor-spacer-inner\"><\/div>\n\t\t<\/div>\n\t\t\t\t<\/div>\n\t\t\t\t<\/div>\n\t\t\t\t<div class=\"elementor-element elementor-element-4b54fe0 elementor-widget elementor-widget-heading\" data-id=\"4b54fe0\" data-element_type=\"widget\" data-widget_type=\"heading.default\">\n\t\t\t\t<div class=\"elementor-widget-container\">\n\t\t\t<h2 class=\"elementor-heading-title elementor-size-default\">Exp\u00e9dition<\/h2>\t\t<\/div>\n\t\t\t\t<\/div>\n\t\t\t\t<div class=\"elementor-element elementor-element-b446bbb elementor-widget elementor-widget-text-editor\" data-id=\"b446bbb\" data-element_type=\"widget\" data-widget_type=\"text-editor.default\">\n\t\t\t\t<div class=\"elementor-widget-container\">\n\t\t\t\t\t\t\t<p>Nous exp\u00e9dions dans toute la p\u00e9ninsule via une agence. Nous livrons \u00e9galement dans la Communaut\u00e9 de Madrid et ses environs par nos propres moyens de transport.<\/p>\n<p><strong>Combien co\u00fbte l&#039;exp\u00e9dition?<\/strong><\/p>\n<p>Les frais de port d\u00e9pendent de chaque produit, (par son poids et son volume). Pour calculer les frais d&#039;exp\u00e9dition, ajoutez les produits au panier, puis entrez votre province.<\/p>\n<p><b>Combien<\/b><strong>&nbsp;l&#039;exp\u00e9dition prend-elle?<\/strong><\/p>\n<p>Exp\u00e9dition urgente TIPSA en moins de 48 heures.<\/p>\n<p>Marchandises encombrantes sous 48 \u00e0 72 heures.<\/p>\n<p><b style=\"color: var( --e-global-color-text );\">O\u00f9<\/b><strong style=\"color: var( --e-global-color-text );\">&nbsp;Laisserez-vous ma marchandise lorsqu&#039;elle sera livr\u00e9e?<\/strong><\/p>\n<p>Les petits colis g\u00e9rables livr\u00e9s par TIPSA transport express sont livr\u00e9s \u00e0 n&#039;importe quelle usine ou \u00e9tage de mani\u00e8re conventionnelle.<\/p>\n<p>Pour les commandes de marchandises palettis\u00e9es ou tr\u00e8s volumineuses livr\u00e9es en agence, elles seront toujours livr\u00e9es au niveau de la rue et ne seront accessibles qu&#039;\u00e0 l&#039;int\u00e9rieur des maisons.<\/p>\t\t\t\t\t\t<\/div>\n\t\t\t\t<\/div>\n\t\t\t\t\t<\/div>\n\t\t<\/div>\n\t\t\t\t\t<\/div>\n\t\t<\/section>\n\t\t\t\t<section data-particle_enable=\"false\" data-particle-mobile-disabled=\"false\" class=\"elementor-section elementor-top-section elementor-element elementor-element-a453624 elementor-section-boxed elementor-section-height-default elementor-section-height-default\" data-id=\"a453624\" data-element_type=\"section\">\n\t\t\t\t\t\t<div class=\"elementor-container elementor-column-gap-default\">\n\t\t\t\t\t<div class=\"elementor-column elementor-col-100 elementor-top-column elementor-element elementor-element-d553c28\" data-id=\"d553c28\" data-element_type=\"column\">\n\t\t\t<div class=\"elementor-widget-wrap elementor-element-populated\">\n\t\t\t\t\t\t<div class=\"elementor-element elementor-element-41a9128 elementor-widget elementor-widget-spacer\" data-id=\"41a9128\" data-element_type=\"widget\" data-widget_type=\"spacer.default\">\n\t\t\t\t<div class=\"elementor-widget-container\">\n\t\t\t\t\t<div class=\"elementor-spacer\">\n\t\t\t<div class=\"elementor-spacer-inner\"><\/div>\n\t\t<\/div>\n\t\t\t\t<\/div>\n\t\t\t\t<\/div>\n\t\t\t\t<div class=\"elementor-element elementor-element-a5ead86 elementor-widget elementor-widget-heading\" data-id=\"a5ead86\" data-element_type=\"widget\" data-widget_type=\"heading.default\">\n\t\t\t\t<div class=\"elementor-widget-container\">\n\t\t\t<h2 class=\"elementor-heading-title elementor-size-default\">Retour<\/h2>\t\t<\/div>\n\t\t\t\t<\/div>\n\t\t\t\t<div class=\"elementor-element elementor-element-25536f8 elementor-widget elementor-widget-text-editor\" data-id=\"25536f8\" data-element_type=\"widget\" data-widget_type=\"text-editor.default\">\n\t\t\t\t<div class=\"elementor-widget-container\">\n\t\t\t\t\t\t\t<strong>Puis-je retourner une commande?<\/strong>\n\nOui, tant que l&#039;article n&#039;a pas \u00e9t\u00e9 sp\u00e9cialement manipul\u00e9 ou d\u00e9coup\u00e9 pour l&#039;exp\u00e9dition (par exemple: panneaux sandwich, embouts, carton c\u00e9ramique, polycarbonate ...). Pour retourner un produit, celui-ci et son emballage doivent \u00eatre en parfait \u00e9tat.\n\n<strong style=\"color: var( --e-global-color-text );\">Combien de jours ai-je pour retourner une commande?<\/strong>\n\n14 jours \u00e0 compter de la r\u00e9ception de la commande.\n\n<strong style=\"color: var( --e-global-color-text );\">Comment l&#039;argent est-il retourn\u00e9?<\/strong>\n\nUne fois re\u00e7u et v\u00e9rifi\u00e9 l&#039;\u00e9tat du produit, nous proc\u00e9dons \u00e0 son paiement. Le paiement est effectu\u00e9 via le m\u00eame canal que vous avez utilis\u00e9 pour le paiement (virement, carte ou PayPal) et cela peut prendre jusqu&#039;\u00e0 48 heures pour appara\u00eetre sur votre compte, bien qu&#039;il soit g\u00e9n\u00e9ralement instantan\u00e9.\t\t\t\t\t\t<\/div>\n\t\t\t\t<\/div>\n\t\t\t\t<div class=\"elementor-element elementor-element-b78ae6e elementor-widget elementor-widget-spacer\" data-id=\"b78ae6e\" data-element_type=\"widget\" data-widget_type=\"spacer.default\">\n\t\t\t\t<div class=\"elementor-widget-container\">\n\t\t\t\t\t<div class=\"elementor-spacer\">\n\t\t\t<div class=\"elementor-spacer-inner\"><\/div>\n\t\t<\/div>\n\t\t\t\t<\/div>\n\t\t\t\t<\/div>\n\t\t\t\t\t<\/div>\n\t\t<\/div>\n\t\t\t\t\t<\/div>\n\t\t<\/section>\n\t\t\t\t<\/div>","protected":false},"excerpt":{"rendered":"<p>Exp\u00e9ditions Nous exp\u00e9dions dans toute la p\u00e9ninsule par l&#039;interm\u00e9diaire d&#039;une agence. Nous livrons \u00e9galement dans la Communaut\u00e9 de Madrid et ses environs par nos propres moyens de transport. Combien co\u00fbte l&#039;exp\u00e9dition? Le co\u00fbt d&#039;exp\u00e9dition d\u00e9pend de chaque produit, (par son poids et son volume). Pour calculer les frais de port, ajoutez les produits au panier puis entrez votre\u2026 <a class=\"more-link\" href=\"https:\/\/www.decolor.com\/fr\/envios-devoluciones\/\">Continuer la lecture <span class=\"screen-reader-text\">Exp\u00e9dition &amp; retours<\/span><\/a><\/p>","protected":false},"author":1,"featured_media":0,"parent":0,"menu_order":0,"comment_status":"closed","ping_status":"closed","template":"elementor_header_footer","meta":{"_acf_changed":false,"footnotes":""},"class_list":["post-12823","page","type-page","status-publish","hentry","entry"],"acf":[],"yoast_head":"<!-- This site is optimized with the Yoast SEO plugin v23.4 - https:\/\/yoast.com\/wordpress\/plugins\/seo\/ -->\n<title>Env\u00edos y devoluciones - Decolor<\/title>\n<meta name=\"robots\" content=\"index, follow, max-snippet:-1, max-image-preview:large, max-video-preview:-1\" \/>\n<link rel=\"canonical\" href=\"https:\/\/www.decolor.com\/fr\/envios-devoluciones\/\" \/>\n<meta property=\"og:locale\" content=\"fr_FR\" \/>\n<meta property=\"og:type\" content=\"article\" \/>\n<meta property=\"og:title\" content=\"Env\u00edos y devoluciones - Decolor\" \/>\n<meta property=\"og:description\" content=\"Env\u00edos Realizamos env\u00edos a toda la Pen\u00ednsula a trav\u00e9s de agencia. Tambi\u00e9n entregamos en la Comunidad de Madrid y proximidades mediante transporte propio. \u00bfCu\u00e1nto cuesta el env\u00edo? El coste del env\u00edo depende de cada producto, (por su peso y volumen). Para calcular el coste del env\u00edo, a\u00f1ade los productos al carrito y despu\u00e9s introduce tu&hellip; Continue reading Env\u00edos y devoluciones\" \/>\n<meta property=\"og:url\" content=\"https:\/\/www.decolor.com\/fr\/envios-devoluciones\/\" \/>\n<meta property=\"og:site_name\" content=\"Decolor\" \/>\n<meta property=\"article:modified_time\" content=\"2021-09-03T06:19:30+00:00\" \/>\n<meta name=\"twitter:card\" content=\"summary_large_image\" \/>\n<meta name=\"twitter:label1\" content=\"Dur\u00e9e de lecture estim\u00e9e\" \/>\n\t<meta name=\"twitter:data1\" content=\"2 minutes\" \/>\n<script type=\"application\/ld+json\" class=\"yoast-schema-graph\">{\"@context\":\"https:\/\/schema.org\",\"@graph\":[{\"@type\":\"WebPage\",\"@id\":\"https:\/\/www.decolor.com\/de\/envios-devoluciones\/\",\"url\":\"https:\/\/www.decolor.com\/de\/envios-devoluciones\/\",\"name\":\"Env\u00edos y devoluciones - Decolor\",\"isPartOf\":{\"@id\":\"https:\/\/www.decolor.com\/it\/#website\"},\"datePublished\":\"2021-04-22T15:30:05+00:00\",\"dateModified\":\"2021-09-03T06:19:30+00:00\",\"breadcrumb\":{\"@id\":\"https:\/\/www.decolor.com\/de\/envios-devoluciones\/#breadcrumb\"},\"inLanguage\":\"fr-FR\",\"potentialAction\":[{\"@type\":\"ReadAction\",\"target\":[\"https:\/\/www.decolor.com\/de\/envios-devoluciones\/\"]}]},{\"@type\":\"BreadcrumbList\",\"@id\":\"https:\/\/www.decolor.com\/de\/envios-devoluciones\/#breadcrumb\",\"itemListElement\":[{\"@type\":\"ListItem\",\"position\":1,\"name\":\"Home\",\"item\":\"https:\/\/www.decolor.com\/\"},{\"@type\":\"ListItem\",\"position\":2,\"name\":\"Env\u00edos y devoluciones\"}]},{\"@type\":\"WebSite\",\"@id\":\"https:\/\/www.decolor.com\/it\/#website\",\"url\":\"https:\/\/www.decolor.com\/it\/\",\"name\":\"Decolor\",\"description\":\"Web Decolor\",\"publisher\":{\"@id\":\"https:\/\/www.decolor.com\/it\/#organization\"},\"potentialAction\":[{\"@type\":\"SearchAction\",\"target\":{\"@type\":\"EntryPoint\",\"urlTemplate\":\"https:\/\/www.decolor.com\/it\/?s={search_term_string}\"},\"query-input\":{\"@type\":\"PropertyValueSpecification\",\"valueRequired\":true,\"valueName\":\"search_term_string\"}}],\"inLanguage\":\"fr-FR\"},{\"@type\":\"Organization\",\"@id\":\"https:\/\/www.decolor.com\/it\/#organization\",\"name\":\"Decolor\",\"url\":\"https:\/\/www.decolor.com\/it\/\",\"logo\":{\"@type\":\"ImageObject\",\"inLanguage\":\"fr-FR\",\"@id\":\"https:\/\/www.decolor.com\/it\/#\/schema\/logo\/image\/\",\"url\":\"https:\/\/www.decolor.com\/wp-content\/uploads\/2021\/02\/marca_principal_pinturas_decolor_color.png\",\"contentUrl\":\"https:\/\/www.decolor.com\/wp-content\/uploads\/2021\/02\/marca_principal_pinturas_decolor_color.png\",\"width\":1588,\"height\":421,\"caption\":\"Decolor\"},\"image\":{\"@id\":\"https:\/\/www.decolor.com\/it\/#\/schema\/logo\/image\/\"}}]}<\/script>\n<!-- \/ Yoast SEO plugin. -->","yoast_head_json":{"title":"Env\u00edos y devoluciones - Decolor","robots":{"index":"index","follow":"follow","max-snippet":"max-snippet:-1","max-image-preview":"max-image-preview:large","max-video-preview":"max-video-preview:-1"},"canonical":"https:\/\/www.decolor.com\/fr\/envios-devoluciones\/","og_locale":"fr_FR","og_type":"article","og_title":"Env\u00edos y devoluciones - Decolor","og_description":"Env\u00edos Realizamos env\u00edos a toda la Pen\u00ednsula a trav\u00e9s de agencia. Tambi\u00e9n entregamos en la Comunidad de Madrid y proximidades mediante transporte propio. \u00bfCu\u00e1nto cuesta el env\u00edo? El coste del env\u00edo depende de cada producto, (por su peso y volumen). Para calcular el coste del env\u00edo, a\u00f1ade los productos al carrito y despu\u00e9s introduce tu&hellip; Continue reading Env\u00edos y devoluciones","og_url":"https:\/\/www.decolor.com\/fr\/envios-devoluciones\/","og_site_name":"Decolor","article_modified_time":"2021-09-03T06:19:30+00:00","twitter_card":"summary_large_image","twitter_misc":{"Dur\u00e9e de lecture estim\u00e9e":"2 minutes"},"schema":{"@context":"https:\/\/schema.org","@graph":[{"@type":"WebPage","@id":"https:\/\/www.decolor.com\/de\/envios-devoluciones\/","url":"https:\/\/www.decolor.com\/de\/envios-devoluciones\/","name":"Env\u00edos y devoluciones - Decolor","isPartOf":{"@id":"https:\/\/www.decolor.com\/it\/#website"},"datePublished":"2021-04-22T15:30:05+00:00","dateModified":"2021-09-03T06:19:30+00:00","breadcrumb":{"@id":"https:\/\/www.decolor.com\/de\/envios-devoluciones\/#breadcrumb"},"inLanguage":"fr-FR","potentialAction":[{"@type":"ReadAction","target":["https:\/\/www.decolor.com\/de\/envios-devoluciones\/"]}]},{"@type":"BreadcrumbList","@id":"https:\/\/www.decolor.com\/de\/envios-devoluciones\/#breadcrumb","itemListElement":[{"@type":"ListItem","position":1,"name":"Home","item":"https:\/\/www.decolor.com\/"},{"@type":"ListItem","position":2,"name":"Env\u00edos y devoluciones"}]},{"@type":"WebSite","@id":"https:\/\/www.decolor.com\/it\/#website","url":"https:\/\/www.decolor.com\/it\/","name":"Decolor","description":"D\u00e9coloration Web","publisher":{"@id":"https:\/\/www.decolor.com\/it\/#organization"},"potentialAction":[{"@type":"SearchAction","target":{"@type":"EntryPoint","urlTemplate":"https:\/\/www.decolor.com\/it\/?s={search_term_string}"},"query-input":{"@type":"PropertyValueSpecification","valueRequired":true,"valueName":"search_term_string"}}],"inLanguage":"fr-FR"},{"@type":"Organization","@id":"https:\/\/www.decolor.com\/it\/#organization","name":"Decolor","url":"https:\/\/www.decolor.com\/it\/","logo":{"@type":"ImageObject","inLanguage":"fr-FR","@id":"https:\/\/www.decolor.com\/it\/#\/schema\/logo\/image\/","url":"https:\/\/www.decolor.com\/wp-content\/uploads\/2021\/02\/marca_principal_pinturas_decolor_color.png","contentUrl":"https:\/\/www.decolor.com\/wp-content\/uploads\/2021\/02\/marca_principal_pinturas_decolor_color.png","width":1588,"height":421,"caption":"Decolor"},"image":{"@id":"https:\/\/www.decolor.com\/it\/#\/schema\/logo\/image\/"}}]}},"_links":{"self":[{"href":"https:\/\/www.decolor.com\/fr\/wp-json\/wp\/v2\/pages\/12823"}],"collection":[{"href":"https:\/\/www.decolor.com\/fr\/wp-json\/wp\/v2\/pages"}],"about":[{"href":"https:\/\/www.decolor.com\/fr\/wp-json\/wp\/v2\/types\/page"}],"author":[{"embeddable":true,"href":"https:\/\/www.decolor.com\/fr\/wp-json\/wp\/v2\/users\/1"}],"replies":[{"embeddable":true,"href":"https:\/\/www.decolor.com\/fr\/wp-json\/wp\/v2\/comments?post=12823"}],"version-history":[{"count":0,"href":"https:\/\/www.decolor.com\/fr\/wp-json\/wp\/v2\/pages\/12823\/revisions"}],"wp:attachment":[{"href":"https:\/\/www.decolor.com\/fr\/wp-json\/wp\/v2\/media?parent=12823"}],"curies":[{"name":"wp","href":"https:\/\/api.w.org\/{rel}","templated":true}]}}