{"id":12823,"date":"2021-04-22T15:30:05","date_gmt":"2021-04-22T15:30:05","guid":{"rendered":"https:\/\/desarrollo5.capazita.com\/?page_id=12823"},"modified":"2021-09-03T06:19:30","modified_gmt":"2021-09-03T06:19:30","slug":"envios-devoluciones","status":"publish","type":"page","link":"https:\/\/www.decolor.com\/it\/envios-devoluciones\/","title":{"rendered":"Spedizione e resi"},"content":{"rendered":"<div data-elementor-type=\"wp-page\" data-elementor-id=\"12823\" class=\"elementor elementor-12823\" data-elementor-post-type=\"page\">\n\t\t\t\t\t\t<section data-particle_enable=\"false\" data-particle-mobile-disabled=\"false\" class=\"elementor-section elementor-top-section elementor-element elementor-element-766232a elementor-section-boxed elementor-section-height-default elementor-section-height-default\" data-id=\"766232a\" data-element_type=\"section\">\n\t\t\t\t\t\t<div class=\"elementor-container elementor-column-gap-default\">\n\t\t\t\t\t<div class=\"elementor-column elementor-col-100 elementor-top-column elementor-element elementor-element-f4975f3\" data-id=\"f4975f3\" data-element_type=\"column\">\n\t\t\t<div class=\"elementor-widget-wrap elementor-element-populated\">\n\t\t\t\t\t\t<div class=\"elementor-element elementor-element-34c8839 elementor-widget elementor-widget-spacer\" data-id=\"34c8839\" data-element_type=\"widget\" data-widget_type=\"spacer.default\">\n\t\t\t\t<div class=\"elementor-widget-container\">\n\t\t\t\t\t<div class=\"elementor-spacer\">\n\t\t\t<div class=\"elementor-spacer-inner\"><\/div>\n\t\t<\/div>\n\t\t\t\t<\/div>\n\t\t\t\t<\/div>\n\t\t\t\t<div class=\"elementor-element elementor-element-4b54fe0 elementor-widget elementor-widget-heading\" data-id=\"4b54fe0\" data-element_type=\"widget\" data-widget_type=\"heading.default\">\n\t\t\t\t<div class=\"elementor-widget-container\">\n\t\t\t<h2 class=\"elementor-heading-title elementor-size-default\">Spedizioni<\/h2>\t\t<\/div>\n\t\t\t\t<\/div>\n\t\t\t\t<div class=\"elementor-element elementor-element-b446bbb elementor-widget elementor-widget-text-editor\" data-id=\"b446bbb\" data-element_type=\"widget\" data-widget_type=\"text-editor.default\">\n\t\t\t\t<div class=\"elementor-widget-container\">\n\t\t\t\t\t\t\t<p>Effettuiamo spedizioni in tutta la Penisola tramite un&#039;agenzia. Consegniamo anche nella Comunit\u00e0 di Madrid e dintorni con i nostri mezzi di trasporto.<\/p>\n<p><strong>Quanto costa la spedizione?<\/strong><\/p>\n<p>Il costo di spedizione dipende da ogni prodotto, (a causa del suo peso e volume). Per calcolare il costo di spedizione, aggiungi i prodotti al carrello e poi inserisci la tua provincia.<\/p>\n<p><b>Quanti<\/b><strong>&nbsp;ci vuole la spedizione?<\/strong><\/p>\n<p>TIPSA Spedizione urgente in meno di 48 ore.<\/p>\n<p>Merci ingombranti entro 48-72 ore.<\/p>\n<p><b style=\"color: var( --e-global-color-text );\">Dove<\/b><strong style=\"color: var( --e-global-color-text );\">&nbsp;lasceranno la mia merce quando verr\u00e0 consegnata?<\/strong><\/p>\n<p>I pacchi piccoli e maneggevoli consegnati dal trasporto espresso TIPSA vengono consegnati a qualsiasi stabilimento o piano in modo convenzionale.<\/p>\n<p>Per ordini di merce pallettizzata o molto ingombrante consegnata tramite agenzia, la consegna sar\u00e0 sempre al piano strada e non sar\u00e0 accessibile fino all&#039;interno delle abitazioni.<\/p>\t\t\t\t\t\t<\/div>\n\t\t\t\t<\/div>\n\t\t\t\t\t<\/div>\n\t\t<\/div>\n\t\t\t\t\t<\/div>\n\t\t<\/section>\n\t\t\t\t<section data-particle_enable=\"false\" data-particle-mobile-disabled=\"false\" class=\"elementor-section elementor-top-section elementor-element elementor-element-a453624 elementor-section-boxed elementor-section-height-default elementor-section-height-default\" data-id=\"a453624\" data-element_type=\"section\">\n\t\t\t\t\t\t<div class=\"elementor-container elementor-column-gap-default\">\n\t\t\t\t\t<div class=\"elementor-column elementor-col-100 elementor-top-column elementor-element elementor-element-d553c28\" data-id=\"d553c28\" data-element_type=\"column\">\n\t\t\t<div class=\"elementor-widget-wrap elementor-element-populated\">\n\t\t\t\t\t\t<div class=\"elementor-element elementor-element-41a9128 elementor-widget elementor-widget-spacer\" data-id=\"41a9128\" data-element_type=\"widget\" data-widget_type=\"spacer.default\">\n\t\t\t\t<div class=\"elementor-widget-container\">\n\t\t\t\t\t<div class=\"elementor-spacer\">\n\t\t\t<div class=\"elementor-spacer-inner\"><\/div>\n\t\t<\/div>\n\t\t\t\t<\/div>\n\t\t\t\t<\/div>\n\t\t\t\t<div class=\"elementor-element elementor-element-a5ead86 elementor-widget elementor-widget-heading\" data-id=\"a5ead86\" data-element_type=\"widget\" data-widget_type=\"heading.default\">\n\t\t\t\t<div class=\"elementor-widget-container\">\n\t\t\t<h2 class=\"elementor-heading-title elementor-size-default\">ritorna<\/h2>\t\t<\/div>\n\t\t\t\t<\/div>\n\t\t\t\t<div class=\"elementor-element elementor-element-25536f8 elementor-widget elementor-widget-text-editor\" data-id=\"25536f8\" data-element_type=\"widget\" data-widget_type=\"text-editor.default\">\n\t\t\t\t<div class=\"elementor-widget-container\">\n\t\t\t\t\t\t\t<strong>Posso restituire un ordine?<\/strong>\n\nS\u00ec, purch\u00e9 l&#039;articolo non sia stato manipolato o tagliato appositamente per la spedizione (ad esempio: pannelli sandwich, rifiniture, cartone ceramico, policarbonato...). Per restituire un prodotto, questo e il suo imballaggio devono essere in perfette condizioni.\n\n<strong style=\"color: var( --e-global-color-text );\">Quanti giorni ho per restituire un ordine?<\/strong>\n\n14 giorni dal ricevimento dell&#039;ordine.\n\n<strong style=\"color: var( --e-global-color-text );\">Come vengono restituiti i soldi?<\/strong>\n\nUna volta ricevuto e verificato lo stato del prodotto, si procede al suo pagamento. Il pagamento viene effettuato tramite lo stesso canale utilizzato per il pagamento (bonifico, carta o PayPal) e pu\u00f2 richiedere fino a 48 ore prima che venga visualizzato nel tuo account, sebbene di solito sia istantaneo.\t\t\t\t\t\t<\/div>\n\t\t\t\t<\/div>\n\t\t\t\t<div class=\"elementor-element elementor-element-b78ae6e elementor-widget elementor-widget-spacer\" data-id=\"b78ae6e\" data-element_type=\"widget\" data-widget_type=\"spacer.default\">\n\t\t\t\t<div class=\"elementor-widget-container\">\n\t\t\t\t\t<div class=\"elementor-spacer\">\n\t\t\t<div class=\"elementor-spacer-inner\"><\/div>\n\t\t<\/div>\n\t\t\t\t<\/div>\n\t\t\t\t<\/div>\n\t\t\t\t\t<\/div>\n\t\t<\/div>\n\t\t\t\t\t<\/div>\n\t\t<\/section>\n\t\t\t\t<\/div>","protected":false},"excerpt":{"rendered":"<p>Spedizioni Spediamo in tutta la Penisola tramite agenzia. Consegniamo anche nella Comunit\u00e0 di Madrid e dintorni con i nostri mezzi di trasporto. Quanto costa la spedizione? Il costo di spedizione dipende da ogni prodotto, (a causa del suo peso e volume). Per calcolare il costo di spedizione, aggiungi i prodotti al carrello e poi inserisci il tuo... <a class=\"more-link\" href=\"https:\/\/www.decolor.com\/it\/envios-devoluciones\/\">continua a leggere <span class=\"screen-reader-text\">Spedizione e resi<\/span><\/a><\/p>","protected":false},"author":1,"featured_media":0,"parent":0,"menu_order":0,"comment_status":"closed","ping_status":"closed","template":"elementor_header_footer","meta":{"_acf_changed":false,"footnotes":""},"class_list":["post-12823","page","type-page","status-publish","hentry","entry"],"acf":[],"yoast_head":"<!-- This site is optimized with the Yoast SEO plugin v23.4 - https:\/\/yoast.com\/wordpress\/plugins\/seo\/ -->\n<title>Env\u00edos y devoluciones - Decolor<\/title>\n<meta name=\"robots\" content=\"index, follow, max-snippet:-1, max-image-preview:large, max-video-preview:-1\" \/>\n<link rel=\"canonical\" href=\"https:\/\/www.decolor.com\/it\/envios-devoluciones\/\" \/>\n<meta property=\"og:locale\" content=\"it_IT\" \/>\n<meta property=\"og:type\" content=\"article\" \/>\n<meta property=\"og:title\" content=\"Env\u00edos y devoluciones - Decolor\" \/>\n<meta property=\"og:description\" content=\"Env\u00edos Realizamos env\u00edos a toda la Pen\u00ednsula a trav\u00e9s de agencia. Tambi\u00e9n entregamos en la Comunidad de Madrid y proximidades mediante transporte propio. \u00bfCu\u00e1nto cuesta el env\u00edo? El coste del env\u00edo depende de cada producto, (por su peso y volumen). Para calcular el coste del env\u00edo, a\u00f1ade los productos al carrito y despu\u00e9s introduce tu&hellip; Continua a leggere Env\u00edos y devoluciones\" \/>\n<meta property=\"og:url\" content=\"https:\/\/www.decolor.com\/it\/envios-devoluciones\/\" \/>\n<meta property=\"og:site_name\" content=\"Decolor\" \/>\n<meta property=\"article:modified_time\" content=\"2021-09-03T06:19:30+00:00\" \/>\n<meta name=\"twitter:card\" content=\"summary_large_image\" \/>\n<meta name=\"twitter:label1\" content=\"Tempo di lettura stimato\" \/>\n\t<meta name=\"twitter:data1\" content=\"2 minuti\" \/>\n<script type=\"application\/ld+json\" class=\"yoast-schema-graph\">{\"@context\":\"https:\/\/schema.org\",\"@graph\":[{\"@type\":\"WebPage\",\"@id\":\"https:\/\/www.decolor.com\/de\/envios-devoluciones\/\",\"url\":\"https:\/\/www.decolor.com\/de\/envios-devoluciones\/\",\"name\":\"Env\u00edos y devoluciones - Decolor\",\"isPartOf\":{\"@id\":\"https:\/\/www.decolor.com\/it\/#website\"},\"datePublished\":\"2021-04-22T15:30:05+00:00\",\"dateModified\":\"2021-09-03T06:19:30+00:00\",\"breadcrumb\":{\"@id\":\"https:\/\/www.decolor.com\/de\/envios-devoluciones\/#breadcrumb\"},\"inLanguage\":\"it-IT\",\"potentialAction\":[{\"@type\":\"ReadAction\",\"target\":[\"https:\/\/www.decolor.com\/de\/envios-devoluciones\/\"]}]},{\"@type\":\"BreadcrumbList\",\"@id\":\"https:\/\/www.decolor.com\/de\/envios-devoluciones\/#breadcrumb\",\"itemListElement\":[{\"@type\":\"ListItem\",\"position\":1,\"name\":\"Home\",\"item\":\"https:\/\/www.decolor.com\/\"},{\"@type\":\"ListItem\",\"position\":2,\"name\":\"Env\u00edos y devoluciones\"}]},{\"@type\":\"WebSite\",\"@id\":\"https:\/\/www.decolor.com\/it\/#website\",\"url\":\"https:\/\/www.decolor.com\/it\/\",\"name\":\"Decolor\",\"description\":\"Web Decolor\",\"publisher\":{\"@id\":\"https:\/\/www.decolor.com\/it\/#organization\"},\"potentialAction\":[{\"@type\":\"SearchAction\",\"target\":{\"@type\":\"EntryPoint\",\"urlTemplate\":\"https:\/\/www.decolor.com\/it\/?s={search_term_string}\"},\"query-input\":{\"@type\":\"PropertyValueSpecification\",\"valueRequired\":true,\"valueName\":\"search_term_string\"}}],\"inLanguage\":\"it-IT\"},{\"@type\":\"Organization\",\"@id\":\"https:\/\/www.decolor.com\/it\/#organization\",\"name\":\"Decolor\",\"url\":\"https:\/\/www.decolor.com\/it\/\",\"logo\":{\"@type\":\"ImageObject\",\"inLanguage\":\"it-IT\",\"@id\":\"https:\/\/www.decolor.com\/it\/#\/schema\/logo\/image\/\",\"url\":\"https:\/\/www.decolor.com\/wp-content\/uploads\/2021\/02\/marca_principal_pinturas_decolor_color.png\",\"contentUrl\":\"https:\/\/www.decolor.com\/wp-content\/uploads\/2021\/02\/marca_principal_pinturas_decolor_color.png\",\"width\":1588,\"height\":421,\"caption\":\"Decolor\"},\"image\":{\"@id\":\"https:\/\/www.decolor.com\/it\/#\/schema\/logo\/image\/\"}}]}<\/script>\n<!-- \/ Yoast SEO plugin. -->","yoast_head_json":{"title":"Env\u00edos y devoluciones - Decolor","robots":{"index":"index","follow":"follow","max-snippet":"max-snippet:-1","max-image-preview":"max-image-preview:large","max-video-preview":"max-video-preview:-1"},"canonical":"https:\/\/www.decolor.com\/it\/envios-devoluciones\/","og_locale":"it_IT","og_type":"article","og_title":"Env\u00edos y devoluciones - Decolor","og_description":"Env\u00edos Realizamos env\u00edos a toda la Pen\u00ednsula a trav\u00e9s de agencia. Tambi\u00e9n entregamos en la Comunidad de Madrid y proximidades mediante transporte propio. \u00bfCu\u00e1nto cuesta el env\u00edo? El coste del env\u00edo depende de cada producto, (por su peso y volumen). Para calcular el coste del env\u00edo, a\u00f1ade los productos al carrito y despu\u00e9s introduce tu&hellip; Continua a leggere Env\u00edos y devoluciones","og_url":"https:\/\/www.decolor.com\/it\/envios-devoluciones\/","og_site_name":"Decolor","article_modified_time":"2021-09-03T06:19:30+00:00","twitter_card":"summary_large_image","twitter_misc":{"Tempo di lettura stimato":"2 minuti"},"schema":{"@context":"https:\/\/schema.org","@graph":[{"@type":"WebPage","@id":"https:\/\/www.decolor.com\/de\/envios-devoluciones\/","url":"https:\/\/www.decolor.com\/de\/envios-devoluciones\/","name":"Env\u00edos y devoluciones - Decolor","isPartOf":{"@id":"https:\/\/www.decolor.com\/it\/#website"},"datePublished":"2021-04-22T15:30:05+00:00","dateModified":"2021-09-03T06:19:30+00:00","breadcrumb":{"@id":"https:\/\/www.decolor.com\/de\/envios-devoluciones\/#breadcrumb"},"inLanguage":"it-IT","potentialAction":[{"@type":"ReadAction","target":["https:\/\/www.decolor.com\/de\/envios-devoluciones\/"]}]},{"@type":"BreadcrumbList","@id":"https:\/\/www.decolor.com\/de\/envios-devoluciones\/#breadcrumb","itemListElement":[{"@type":"ListItem","position":1,"name":"Home","item":"https:\/\/www.decolor.com\/"},{"@type":"ListItem","position":2,"name":"Env\u00edos y devoluciones"}]},{"@type":"WebSite","@id":"https:\/\/www.decolor.com\/it\/#website","url":"https:\/\/www.decolor.com\/it\/","name":"Colore","description":"Decorazione web","publisher":{"@id":"https:\/\/www.decolor.com\/it\/#organization"},"potentialAction":[{"@type":"SearchAction","target":{"@type":"EntryPoint","urlTemplate":"https:\/\/www.decolor.com\/it\/?s={search_term_string}"},"query-input":{"@type":"PropertyValueSpecification","valueRequired":true,"valueName":"search_term_string"}}],"inLanguage":"it-IT"},{"@type":"Organization","@id":"https:\/\/www.decolor.com\/it\/#organization","name":"Colore","url":"https:\/\/www.decolor.com\/it\/","logo":{"@type":"ImageObject","inLanguage":"it-IT","@id":"https:\/\/www.decolor.com\/it\/#\/schema\/logo\/image\/","url":"https:\/\/www.decolor.com\/wp-content\/uploads\/2021\/02\/marca_principal_pinturas_decolor_color.png","contentUrl":"https:\/\/www.decolor.com\/wp-content\/uploads\/2021\/02\/marca_principal_pinturas_decolor_color.png","width":1588,"height":421,"caption":"Decolor"},"image":{"@id":"https:\/\/www.decolor.com\/it\/#\/schema\/logo\/image\/"}}]}},"_links":{"self":[{"href":"https:\/\/www.decolor.com\/it\/wp-json\/wp\/v2\/pages\/12823"}],"collection":[{"href":"https:\/\/www.decolor.com\/it\/wp-json\/wp\/v2\/pages"}],"about":[{"href":"https:\/\/www.decolor.com\/it\/wp-json\/wp\/v2\/types\/page"}],"author":[{"embeddable":true,"href":"https:\/\/www.decolor.com\/it\/wp-json\/wp\/v2\/users\/1"}],"replies":[{"embeddable":true,"href":"https:\/\/www.decolor.com\/it\/wp-json\/wp\/v2\/comments?post=12823"}],"version-history":[{"count":0,"href":"https:\/\/www.decolor.com\/it\/wp-json\/wp\/v2\/pages\/12823\/revisions"}],"wp:attachment":[{"href":"https:\/\/www.decolor.com\/it\/wp-json\/wp\/v2\/media?parent=12823"}],"curies":[{"name":"parola chiave","href":"https:\/\/api.w.org\/{rel}","templated":true}]}}