{"id":4771,"date":"2021-03-19T12:34:44","date_gmt":"2021-03-19T12:34:44","guid":{"rendered":"https:\/\/desarrollo5.capazita.com\/?page_id=4771"},"modified":"2024-10-30T10:43:35","modified_gmt":"2024-10-30T10:43:35","slug":"politica-cookies","status":"publish","type":"page","link":"https:\/\/www.decolor.com\/it\/politica-cookies\/","title":{"rendered":"Politica sui cookie"},"content":{"rendered":"<div data-elementor-type=\"wp-page\" data-elementor-id=\"4771\" class=\"elementor elementor-4771\" data-elementor-post-type=\"page\">\n\t\t\t\t\t\t<section data-particle_enable=\"false\" data-particle-mobile-disabled=\"false\" class=\"elementor-section elementor-top-section elementor-element elementor-element-525ac15 elementor-section-boxed elementor-section-height-default elementor-section-height-default\" data-id=\"525ac15\" data-element_type=\"section\">\n\t\t\t\t\t\t\t<div class=\"elementor-background-overlay\"><\/div>\n\t\t\t\t\t\t\t<div class=\"elementor-container elementor-column-gap-default\">\n\t\t\t\t\t<div class=\"elementor-column elementor-col-100 elementor-top-column elementor-element elementor-element-6d7f690\" data-id=\"6d7f690\" data-element_type=\"column\">\n\t\t\t<div class=\"elementor-widget-wrap elementor-element-populated\">\n\t\t\t\t\t\t<div class=\"elementor-element elementor-element-9d723b4 elementor-widget elementor-widget-heading\" data-id=\"9d723b4\" data-element_type=\"widget\" data-widget_type=\"heading.default\">\n\t\t\t\t<div class=\"elementor-widget-container\">\n\t\t\t<h2 class=\"elementor-heading-title elementor-size-default\">POLITICA DEI COOKIE<\/h2>\t\t<\/div>\n\t\t\t\t<\/div>\n\t\t\t\t\t<\/div>\n\t\t<\/div>\n\t\t\t\t\t<\/div>\n\t\t<\/section>\n\t\t\t\t<section data-particle_enable=\"false\" data-particle-mobile-disabled=\"false\" class=\"elementor-section elementor-top-section elementor-element elementor-element-ef710dc txt-content elementor-section-boxed elementor-section-height-default elementor-section-height-default\" data-id=\"ef710dc\" data-element_type=\"section\">\n\t\t\t\t\t\t<div class=\"elementor-container elementor-column-gap-default\">\n\t\t\t\t\t<div class=\"elementor-column elementor-col-100 elementor-top-column elementor-element elementor-element-e0e3317\" data-id=\"e0e3317\" data-element_type=\"column\">\n\t\t\t<div class=\"elementor-widget-wrap elementor-element-populated\">\n\t\t\t\t\t\t<div class=\"elementor-element elementor-element-06ace34 elementor-widget elementor-widget-text-editor\" data-id=\"06ace34\" data-element_type=\"widget\" data-widget_type=\"text-editor.default\">\n\t\t\t\t<div class=\"elementor-widget-container\">\n\t\t\t\t\t\t\t<p>Benvenuto a <strong>POLITICA DEI COOKIE<\/strong> dal sito web dell&#039;entit\u00e0 PINTURAS DECOLOR, SL, provvisto di NIF B02021459, dove ti spiegheremo in un linguaggio chiaro e semplice tutte le questioni necessarie affinch\u00e9 tu possa averne il controllo in base alle tue decisioni personali.<\/p>\t\t\t\t\t\t<\/div>\n\t\t\t\t<\/div>\n\t\t\t\t<div class=\"elementor-element elementor-element-98e0a38 elementor-widget elementor-widget-accordion\" data-id=\"98e0a38\" data-element_type=\"widget\" data-widget_type=\"accordion.default\">\n\t\t\t\t<div class=\"elementor-widget-container\">\n\t\t\t\t\t<div class=\"elementor-accordion\">\n\t\t\t\t\t\t\t<div class=\"elementor-accordion-item\">\n\t\t\t\t\t<div id=\"elementor-tab-title-1601\" class=\"elementor-tab-title\" data-tab=\"1\" role=\"button\" aria-controls=\"elementor-tab-content-1601\" aria-expanded=\"false\">\n\t\t\t\t\t\t\t\t\t\t\t\t\t<span class=\"elementor-accordion-icon elementor-accordion-icon-left\" aria-hidden=\"true\">\n\t\t\t\t\t\t\t\t\t\t\t\t\t\t\t<span class=\"elementor-accordion-icon-closed\"><i class=\"fas fa-plus\"><\/i><\/span>\n\t\t\t\t\t\t\t\t<span class=\"elementor-accordion-icon-opened\"><i class=\"fas fa-minus\"><\/i><\/span>\n\t\t\t\t\t\t\t\t\t\t\t\t\t\t<\/span>\n\t\t\t\t\t\t\t\t\t\t\t\t<a class=\"elementor-accordion-title\" tabindex=\"0\">1. COSA SONO I COOKIE E PER COSA LI UTILIZZIAMO?<\/a>\n\t\t\t\t\t<\/div>\n\t\t\t\t\t<div id=\"elementor-tab-content-1601\" class=\"elementor-tab-content elementor-clearfix\" data-tab=\"1\" role=\"region\" aria-labelledby=\"elementor-tab-title-1601\"><p>Un cookie o cookie del computer \u00e8 un piccolo file di informazioni che viene salvato sul tuo computer, smartphone o tablet ogni volta che visiti il nostro sito web.<\/p><p>In linea di principio un cookie \u00e8 innocuo: non contiene virus, trojan, worm, ecc. che pu\u00f2 danneggiare il tuo terminale, ma ha un certo impatto sul tuo diritto alla protezione dei tuoi dati personali, poich\u00e9 raccoglie alcune informazioni che ti riguardano (abitudini di navigazione, identit\u00e0, preferenze, ecc.).<\/p><p>Ecco perch\u00e9, in base a quanto stabilito dalla normativa applicabile (LSSI e normativa vigente in materia di protezione dei dati personali), l&#039;attivazione di alcune tipologie di cookie richieder\u00e0 la tua preventiva autorizzazione.<\/p><p>Prima di farlo, ti forniremo alcune informazioni aggiuntive che ti aiuteranno a prendere decisioni migliori a riguardo:<\/p><ol><li>I cookie possono essere di vari tipi a seconda della loro finalit\u00e0:<br \/>\u2013 I cookie tecnici sono necessari per il funzionamento del nostro sito web, non richiedono la tua autorizzazione e sono gli unici che abbiamo attivato per impostazione predefinita.<br \/>\u2013 Il resto dei cookie vengono utilizzati per migliorare la nostra pagina, per personalizzarla in base alle tue preferenze o per poterti mostrare pubblicit\u00e0 adattata alle tue ricerche, gusti e interessi personali. Puoi accettare tutti questi cookie facendo clic sul pulsante <strong>ACCETTARE<\/strong>, rifiutarli premendo il pulsante <strong>DECLINO<\/strong> oppure configurali cliccando sulla sezione <strong>IMPOSTAZIONI DEI COOKIE<\/strong>.<\/li><li>Alcuni cookie sono nostri (li chiameremo <strong>propri cookie<\/strong>) e altri appartengono a societ\u00e0 esterne che forniscono servizi per il nostro sito web (li chiameremo <strong>cookie di terze parti<\/strong>: un esempio potrebbero essere i cookie di fornitori esterni come Google). In questo senso, \u00e8 importante che tu sappia che alcuni di questi fornitori esterni potrebbero trovarsi al di fuori della Spagna.<br \/><br \/>A livello globale, non tutti i paesi hanno lo stesso livello di protezione dei dati, alcuni paesi sono pi\u00f9 sicuri di altri (ad esempio, l\u2019Unione Europea \u00e8 un ambiente sicuro per i tuoi dati). La nostra politica \u00e8 quella di utilizzare fornitori affidabili che, indipendentemente dal fatto che si trovino o meno nell&#039;Unione Europea, abbiano adottato misure di salvaguardia adeguate per la protezione dei tuoi dati personali. Tuttavia, nella sezione denominata <strong>CHE TIPO DI COOKIE SONO ATTUALMENTE UTILIZZATI SUL NOSTRO SITO?<\/strong>, \u00e8 possibile consultare le diverse politiche sulla privacy e sulla protezione dei dati di ciascuno dei suddetti fornitori esterni, al fine di prendere una decisione consapevole sull&#039;attivazione o meno del servizio <strong>cookie di terze parti<\/strong> chi utilizza il nostro sito web. <\/li><li>\u00a0Desideriamo infine informarti che, a seconda del periodo di tempo in cui rimangono attivi, i cookie possono essere di due tipologie:<br \/>\u2013 <strong>Cookie di sessione<\/strong>: Scadono automaticamente quando termini la sessione sul tuo computer, smartphone o tablet. Di solito vengono utilizzati per conservare le informazioni necessarie durante la fornitura di un servizio in una singola occasione.<br \/>\u2013 <strong>Cookie persistenti<\/strong>: rimangono memorizzati sul tuo computer, smartphone o tablet per un certo periodo, che pu\u00f2 variare da pochi minuti a diversi anni.<\/li><\/ol><\/div>\n\t\t\t\t<\/div>\n\t\t\t\t\t\t\t<div class=\"elementor-accordion-item\">\n\t\t\t\t\t<div id=\"elementor-tab-title-1602\" class=\"elementor-tab-title\" data-tab=\"2\" role=\"button\" aria-controls=\"elementor-tab-content-1602\" aria-expanded=\"false\">\n\t\t\t\t\t\t\t\t\t\t\t\t\t<span class=\"elementor-accordion-icon elementor-accordion-icon-left\" aria-hidden=\"true\">\n\t\t\t\t\t\t\t\t\t\t\t\t\t\t\t<span class=\"elementor-accordion-icon-closed\"><i class=\"fas fa-plus\"><\/i><\/span>\n\t\t\t\t\t\t\t\t<span class=\"elementor-accordion-icon-opened\"><i class=\"fas fa-minus\"><\/i><\/span>\n\t\t\t\t\t\t\t\t\t\t\t\t\t\t<\/span>\n\t\t\t\t\t\t\t\t\t\t\t\t<a class=\"elementor-accordion-title\" tabindex=\"0\">2. CHE TIPO DI COOKIE POSSIAMO UTILIZZARE SUL NOSTRO SITO?<\/a>\n\t\t\t\t\t<\/div>\n\t\t\t\t\t<div id=\"elementor-tab-content-1602\" class=\"elementor-tab-content elementor-clearfix\" data-tab=\"2\" role=\"region\" aria-labelledby=\"elementor-tab-title-1602\"><p><strong>Cookie tecnici:<\/strong><br \/>I cookie tecnici sono strettamente necessari per il funzionamento del nostro sito web e per la tua navigazione al suo interno. Questi tipi di cookie sono quelli che, ad esempio, ci permettono di identificarti, darti accesso ad alcune parti riservate della pagina, se necessario, o ricordare diverse opzioni o servizi gi\u00e0 selezionati da te, come le tue preferenze sulla privacy. Pertanto, sono attivati per impostazione predefinita e la tua autorizzazione non \u00e8 necessaria a questo riguardo.<br \/>Attraverso le impostazioni del tuo browser, puoi bloccare o avvisarti della presenza di questo tipo di cookie, anche se tale blocco influenzer\u00e0 il corretto funzionamento delle diverse funzionalit\u00e0 del nostro sito web.<\/p><p><strong>Cookie di analisi:<\/strong><br \/>I cookie di analisi ci permettono di studiare la navigazione degli utenti sul nostro sito in generale (ad esempio, quali sezioni della pagina sono pi\u00f9 visitate, quali servizi vengono maggiormente utilizzati e se funzionano correttamente, ecc.).<\/p><p>Utilizzando le informazioni statistiche sulla navigazione sul nostro sito web, possiamo migliorare sia il funzionamento del sito web che i diversi servizi che offre. Pertanto, questi cookie non hanno scopi pubblicitari, ma servono solo a far funzionare meglio il nostro sito web, adattandolo ai nostri utenti in generale.<\/p><p>Attivandoli contribuirai a detto miglioramento continuo.<br \/>Puoi attivare o disattivare questi cookie selezionando la casella corrispondente, essendo disattivati per impostazione predefinita.<\/p><p><strong>Cookie di funzionalit\u00e0 e personalizzazione:<\/strong><br \/>I cookie di funzionalit\u00e0 ci permettono di ricordare le tue preferenze, di personalizzare alcune caratteristiche e opzioni generali del nostro sito web in base alle tue esigenze, ogni volta che accedi ad esso (ad esempio, la lingua in cui ti vengono presentate le informazioni, le sezioni contrassegnate come preferite, la tua tipo di browser, ecc.).<\/p><p>Pertanto, questi tipi di cookie non hanno uno scopo pubblicitario, ma attivandoli migliorerai la funzionalit\u00e0 del sito web (ad esempio, adattandolo al tuo tipo di browser) e personalizzandolo in base alle tue preferenze (ad esempio, presentando le informazioni nella lingua che hai scelto in precedenti occasioni), che contribuir\u00e0 alla facilit\u00e0, fruibilit\u00e0 e comodit\u00e0 della nostra pagina durante la tua navigazione.<\/p><p>Puoi attivare o disattivare questi cookie selezionando la casella corrispondente, essendo disattivati per impostazione predefinita.<\/p><p><strong>Cookie pubblicitari:<\/strong><br \/>I cookie pubblicitari ci consentono di gestire gli spazi pubblicitari inclusi nel nostro sito Web in base a criteri quali il contenuto visualizzato o la frequenza con cui vengono visualizzati gli annunci.<\/p><p>Ad esempio, se ti \u00e8 stata mostrata pi\u00f9 volte la stessa pubblicit\u00e0 sul nostro sito web e non hai mostrato interesse personale cliccandoci sopra, questa non apparir\u00e0 pi\u00f9. In sintesi, attivando questo tipo di cookie, la pubblicit\u00e0 visualizzata sul nostro sito sar\u00e0 pi\u00f9 utile, diversificata e meno ripetitiva. <br \/>Puoi attivare o disattivare questi cookie selezionando la casella corrispondente, essendo disattivati per impostazione predefinita.<\/p><p><strong>Cookie di pubblicit\u00e0 comportamentale:<\/strong><br \/>I cookie di pubblicit\u00e0 comportamentale ci consentono di ottenere informazioni basate sull&#039;osservazione delle tue abitudini e comportamenti di navigazione sul web, per poterti mostrare contenuti pubblicitari che meglio si adattano ai tuoi gusti e interessi personali.<\/p><p>Per fartelo capire in modo molto semplice, ti facciamo un esempio fittizio: se le tue ultime ricerche sul web riguardassero letteratura di suspense, ti mostreremmo pubblicit\u00e0 di libri di suspense.<\/p><p>Pertanto, attivando questa tipologia di cookie, la pubblicit\u00e0 che ti mostreremo sul nostro sito non sar\u00e0 generica, ma sar\u00e0 orientata alle tue ricerche, ai tuoi gusti e ai tuoi interessi, adattandosi quindi esclusivamente a te.<\/p><p>Puoi attivare o disattivare questi cookie selezionando la casella corrispondente, essendo disattivati per impostazione predefinita.<\/p><\/div>\n\t\t\t\t<\/div>\n\t\t\t\t\t\t\t<div class=\"elementor-accordion-item\">\n\t\t\t\t\t<div id=\"elementor-tab-title-1603\" class=\"elementor-tab-title\" data-tab=\"3\" role=\"button\" aria-controls=\"elementor-tab-content-1603\" aria-expanded=\"false\">\n\t\t\t\t\t\t\t\t\t\t\t\t\t<span class=\"elementor-accordion-icon elementor-accordion-icon-left\" aria-hidden=\"true\">\n\t\t\t\t\t\t\t\t\t\t\t\t\t\t\t<span class=\"elementor-accordion-icon-closed\"><i class=\"fas fa-plus\"><\/i><\/span>\n\t\t\t\t\t\t\t\t<span class=\"elementor-accordion-icon-opened\"><i class=\"fas fa-minus\"><\/i><\/span>\n\t\t\t\t\t\t\t\t\t\t\t\t\t\t<\/span>\n\t\t\t\t\t\t\t\t\t\t\t\t<a class=\"elementor-accordion-title\" tabindex=\"0\">3. CHE TIPO DI COOKIE SONO ATTUALMENTE UTILIZZATI SUL NOSTRO SITO?<\/a>\n\t\t\t\t\t<\/div>\n\t\t\t\t\t<div id=\"elementor-tab-content-1603\" class=\"elementor-tab-content elementor-clearfix\" data-tab=\"3\" role=\"region\" aria-labelledby=\"elementor-tab-title-1603\">Successivamente, procediamo informandoti su tutti i tipi di cookie attualmente utilizzati sul nostro sito Web e sullo scopo di ciascuno di essi:\n\n<div class=\"cky-audit-table-element\"><\/div><\/div>\n\t\t\t\t<\/div>\n\t\t\t\t\t\t\t<div class=\"elementor-accordion-item\">\n\t\t\t\t\t<div id=\"elementor-tab-title-1604\" class=\"elementor-tab-title\" data-tab=\"4\" role=\"button\" aria-controls=\"elementor-tab-content-1604\" aria-expanded=\"false\">\n\t\t\t\t\t\t\t\t\t\t\t\t\t<span class=\"elementor-accordion-icon elementor-accordion-icon-left\" aria-hidden=\"true\">\n\t\t\t\t\t\t\t\t\t\t\t\t\t\t\t<span class=\"elementor-accordion-icon-closed\"><i class=\"fas fa-plus\"><\/i><\/span>\n\t\t\t\t\t\t\t\t<span class=\"elementor-accordion-icon-opened\"><i class=\"fas fa-minus\"><\/i><\/span>\n\t\t\t\t\t\t\t\t\t\t\t\t\t\t<\/span>\n\t\t\t\t\t\t\t\t\t\t\t\t<a class=\"elementor-accordion-title\" tabindex=\"0\">4. COSA PUOI FARE CON I COOKIE?<\/a>\n\t\t\t\t\t<\/div>\n\t\t\t\t\t<div id=\"elementor-tab-content-1604\" class=\"elementor-tab-content elementor-clearfix\" data-tab=\"4\" role=\"region\" aria-labelledby=\"elementor-tab-title-1604\"><p>Quando accedi per la prima volta al nostro sito, ti viene mostrata una finestra nella quale ti informiamo che i cookie possono essere di vari tipi:<\/p><ul><li>I cookie tecnici sono necessari per il funzionamento del nostro sito, non richiedono la tua autorizzazione e sono gli unici che abbiamo attivato di default.<\/li><li>Il resto dei cookie serve a migliorare la nostra pagina, a personalizzarla in base alle tue preferenze o a mostrarti pubblicit\u00e0 personalizzata in base alle tue ricerche, gusti e interessi personali. Puoi accettare tutti questi cookie facendo clic sul pulsante <strong>ACCETTARE<\/strong>, rifiutarli premendo il pulsante <strong>DECLINO<\/strong> oppure configurali cliccando sulla sezione <strong>IMPOSTAZIONI DEI COOKIE<\/strong>.<\/li><\/ul><p>Ti informiamo inoltre che, una volta attivato qualunque tipo di cookie, hai la possibilit\u00e0 di disattivarli in qualsiasi momento lo desideri, con il semplice passaggio di deselezionare la casella corrispondente nella sezione <strong>IMPOSTAZIONI DEI COOKIE<\/strong> del nostro sito web. Per te sar\u00e0 sempre facile attivare i nostri cookie cos\u00ec come disattivarli.<\/p><p>Ti ricordiamo inoltre che, attraverso la configurazione del tuo browser, puoi bloccare o avvisarti della presenza di cookie, sebbene tale blocco possa compromettere il corretto funzionamento delle diverse funzionalit\u00e0 del nostro sito web nel caso di cookie tecnici necessari.<\/p><p>Infine, te lo dico, se lo attivi <strong>cookie di terze parti<\/strong> (societ\u00e0 esterne che forniscono servizi per il nostro sito) e successivamente desideri disattivarli, puoi farlo in due modi: utilizzando gli strumenti di disattivazione dei cookie presenti nel tuo browser oppure attraverso i sistemi abilitati da detti fornitori esterni.<\/p><p>Per facilitarti le cose, di seguito riportiamo una serie di link alle linee guida per la disattivazione dei cookie per i browser pi\u00f9 comunemente utilizzati:<\/p><p>Chrome, da allora<br \/>http:\/\/support.google.com\/chrome\/bin\/answer.py?hl=es&amp;answer=95647<\/p><p>Esploratore, da<br \/>http:\/\/windows.microsoft.com\/es-es\/windows7\/how-to-manage-cookies-in-internet-explorer-9<\/p><p>Firefox, da allora<br \/>http:\/\/support.mozilla.org\/es\/kb\/habilitar-y-deshabilitar-cookies-que-los-sitios-we<\/p><p>Safari, da<br \/>http:\/\/support.apple.com\/kb\/ph5042<\/p><p>Allo stesso modo, forniamo i collegamenti ai propri sistemi abilitati da ciascuno dei suddetti fornitori esterni per disattivare i propri cookie:<\/p><p>\u00a0<\/p><\/div>\n\t\t\t\t<\/div>\n\t\t\t\t\t\t\t\t<\/div>\n\t\t\t\t<\/div>\n\t\t\t\t<\/div>\n\t\t\t\t\t<\/div>\n\t\t<\/div>\n\t\t\t\t\t<\/div>\n\t\t<\/section>\n\t\t\t\t<\/div>","protected":false},"excerpt":{"rendered":"<p>POLITICA SUI COOKIE Benvenuti alla POLITICA SUI COOKIE del sito web dell&#039;entit\u00e0 PINTURAS DECOLOR, SL, con NIF B02021459, dove spiegheremo in un linguaggio chiaro e semplice tutti gli aspetti necessari affinch\u00e9 possiate avere il controllo sugli stessi in base alle vostre decisioni personali. 1. COSA SONO I COOKIE\u2026 <a class=\"more-link\" href=\"https:\/\/www.decolor.com\/it\/politica-cookies\/\">continua a leggere <span class=\"screen-reader-text\">Politica sui cookie<\/span><\/a><\/p>","protected":false},"author":1,"featured_media":0,"parent":0,"menu_order":0,"comment_status":"closed","ping_status":"closed","template":"elementor_header_footer","meta":{"_acf_changed":false,"footnotes":""},"class_list":["post-4771","page","type-page","status-publish","hentry","entry"],"acf":[],"yoast_head":"<!-- This site is optimized with the Yoast SEO plugin v23.4 - https:\/\/yoast.com\/wordpress\/plugins\/seo\/ -->\n<title>Pol\u00edtica de cookies - Decolor<\/title>\n<meta name=\"robots\" content=\"index, follow, max-snippet:-1, max-image-preview:large, max-video-preview:-1\" \/>\n<link rel=\"canonical\" href=\"https:\/\/www.decolor.com\/it\/politica-cookies\/\" \/>\n<meta property=\"og:locale\" content=\"it_IT\" \/>\n<meta property=\"og:type\" content=\"article\" \/>\n<meta property=\"og:title\" content=\"Pol\u00edtica de cookies - Decolor\" \/>\n<meta property=\"og:description\" content=\"POL\u00cdTICA DE COOKIES Bienvenida\/o a la POL\u00cdTICA DE COOKIES de la p\u00e1gina web de la entidad PINTURAS DECOLOR, S.L., provista de NIF B02021459, donde te explicaremos en un lenguaje claro y sencillo todas las cuestiones necesarias para que puedas tener el control sobre ellas en base a tus decisiones personales. 1. \u00bfQU\u00c9 SON LAS COOKIES&hellip; Continua a leggere Pol\u00edtica de cookies\" \/>\n<meta property=\"og:url\" content=\"https:\/\/www.decolor.com\/it\/politica-cookies\/\" \/>\n<meta property=\"og:site_name\" content=\"Decolor\" \/>\n<meta property=\"article:modified_time\" content=\"2024-10-30T10:43:35+00:00\" \/>\n<meta name=\"twitter:card\" content=\"summary_large_image\" \/>\n<meta name=\"twitter:label1\" content=\"Tempo di lettura stimato\" \/>\n\t<meta name=\"twitter:data1\" content=\"7 minuti\" \/>\n<script type=\"application\/ld+json\" class=\"yoast-schema-graph\">{\"@context\":\"https:\/\/schema.org\",\"@graph\":[{\"@type\":\"WebPage\",\"@id\":\"https:\/\/www.decolor.com\/fr\/politica-cookies\/\",\"url\":\"https:\/\/www.decolor.com\/fr\/politica-cookies\/\",\"name\":\"Pol\u00edtica de cookies - Decolor\",\"isPartOf\":{\"@id\":\"https:\/\/www.decolor.com\/it\/#website\"},\"datePublished\":\"2021-03-19T12:34:44+00:00\",\"dateModified\":\"2024-10-30T10:43:35+00:00\",\"breadcrumb\":{\"@id\":\"https:\/\/www.decolor.com\/fr\/politica-cookies\/#breadcrumb\"},\"inLanguage\":\"it-IT\",\"potentialAction\":[{\"@type\":\"ReadAction\",\"target\":[\"https:\/\/www.decolor.com\/fr\/politica-cookies\/\"]}]},{\"@type\":\"BreadcrumbList\",\"@id\":\"https:\/\/www.decolor.com\/fr\/politica-cookies\/#breadcrumb\",\"itemListElement\":[{\"@type\":\"ListItem\",\"position\":1,\"name\":\"Home\",\"item\":\"https:\/\/www.decolor.com\/\"},{\"@type\":\"ListItem\",\"position\":2,\"name\":\"Pol\u00edtica de cookies\"}]},{\"@type\":\"WebSite\",\"@id\":\"https:\/\/www.decolor.com\/it\/#website\",\"url\":\"https:\/\/www.decolor.com\/it\/\",\"name\":\"Decolor\",\"description\":\"Web Decolor\",\"publisher\":{\"@id\":\"https:\/\/www.decolor.com\/it\/#organization\"},\"potentialAction\":[{\"@type\":\"SearchAction\",\"target\":{\"@type\":\"EntryPoint\",\"urlTemplate\":\"https:\/\/www.decolor.com\/it\/?s={search_term_string}\"},\"query-input\":{\"@type\":\"PropertyValueSpecification\",\"valueRequired\":true,\"valueName\":\"search_term_string\"}}],\"inLanguage\":\"it-IT\"},{\"@type\":\"Organization\",\"@id\":\"https:\/\/www.decolor.com\/it\/#organization\",\"name\":\"Decolor\",\"url\":\"https:\/\/www.decolor.com\/it\/\",\"logo\":{\"@type\":\"ImageObject\",\"inLanguage\":\"it-IT\",\"@id\":\"https:\/\/www.decolor.com\/it\/#\/schema\/logo\/image\/\",\"url\":\"https:\/\/www.decolor.com\/wp-content\/uploads\/2021\/02\/marca_principal_pinturas_decolor_color.png\",\"contentUrl\":\"https:\/\/www.decolor.com\/wp-content\/uploads\/2021\/02\/marca_principal_pinturas_decolor_color.png\",\"width\":1588,\"height\":421,\"caption\":\"Decolor\"},\"image\":{\"@id\":\"https:\/\/www.decolor.com\/it\/#\/schema\/logo\/image\/\"}}]}<\/script>\n<!-- \/ Yoast SEO plugin. -->","yoast_head_json":{"title":"Politica sui cookie - Decolor","robots":{"index":"index","follow":"follow","max-snippet":"max-snippet:-1","max-image-preview":"max-image-preview:large","max-video-preview":"max-video-preview:-1"},"canonical":"https:\/\/www.decolor.com\/it\/politica-cookies\/","og_locale":"it_IT","og_type":"article","og_title":"Pol\u00edtica de cookies - Decolor","og_description":"POL\u00cdTICA DE COOKIES Bienvenida\/o a la POL\u00cdTICA DE COOKIES de la p\u00e1gina web de la entidad PINTURAS DECOLOR, S.L., provista de NIF B02021459, donde te explicaremos en un lenguaje claro y sencillo todas las cuestiones necesarias para que puedas tener el control sobre ellas en base a tus decisiones personales. 1. \u00bfQU\u00c9 SON LAS COOKIES&hellip; Continua a leggere Pol\u00edtica de cookies","og_url":"https:\/\/www.decolor.com\/it\/politica-cookies\/","og_site_name":"Decolor","article_modified_time":"2024-10-30T10:43:35+00:00","twitter_card":"summary_large_image","twitter_misc":{"Tempo di lettura stimato":"7 minuti"},"schema":{"@context":"https:\/\/schema.org","@graph":[{"@type":"WebPage","@id":"https:\/\/www.decolor.com\/fr\/politica-cookies\/","url":"https:\/\/www.decolor.com\/fr\/politica-cookies\/","name":"Politica sui cookie - Decolor","isPartOf":{"@id":"https:\/\/www.decolor.com\/it\/#website"},"datePublished":"2021-03-19T12:34:44+00:00","dateModified":"2024-10-30T10:43:35+00:00","breadcrumb":{"@id":"https:\/\/www.decolor.com\/fr\/politica-cookies\/#breadcrumb"},"inLanguage":"it-IT","potentialAction":[{"@type":"ReadAction","target":["https:\/\/www.decolor.com\/fr\/politica-cookies\/"]}]},{"@type":"BreadcrumbList","@id":"https:\/\/www.decolor.com\/fr\/politica-cookies\/#breadcrumb","itemListElement":[{"@type":"ListItem","position":1,"name":"Home","item":"https:\/\/www.decolor.com\/"},{"@type":"ListItem","position":2,"name":"Pol\u00edtica de cookies"}]},{"@type":"WebSite","@id":"https:\/\/www.decolor.com\/it\/#website","url":"https:\/\/www.decolor.com\/it\/","name":"Colore","description":"Decorazione web","publisher":{"@id":"https:\/\/www.decolor.com\/it\/#organization"},"potentialAction":[{"@type":"SearchAction","target":{"@type":"EntryPoint","urlTemplate":"https:\/\/www.decolor.com\/it\/?s={search_term_string}"},"query-input":{"@type":"PropertyValueSpecification","valueRequired":true,"valueName":"search_term_string"}}],"inLanguage":"it-IT"},{"@type":"Organization","@id":"https:\/\/www.decolor.com\/it\/#organization","name":"Colore","url":"https:\/\/www.decolor.com\/it\/","logo":{"@type":"ImageObject","inLanguage":"it-IT","@id":"https:\/\/www.decolor.com\/it\/#\/schema\/logo\/image\/","url":"https:\/\/www.decolor.com\/wp-content\/uploads\/2021\/02\/marca_principal_pinturas_decolor_color.png","contentUrl":"https:\/\/www.decolor.com\/wp-content\/uploads\/2021\/02\/marca_principal_pinturas_decolor_color.png","width":1588,"height":421,"caption":"Decolor"},"image":{"@id":"https:\/\/www.decolor.com\/it\/#\/schema\/logo\/image\/"}}]}},"_links":{"self":[{"href":"https:\/\/www.decolor.com\/it\/wp-json\/wp\/v2\/pages\/4771"}],"collection":[{"href":"https:\/\/www.decolor.com\/it\/wp-json\/wp\/v2\/pages"}],"about":[{"href":"https:\/\/www.decolor.com\/it\/wp-json\/wp\/v2\/types\/page"}],"author":[{"embeddable":true,"href":"https:\/\/www.decolor.com\/it\/wp-json\/wp\/v2\/users\/1"}],"replies":[{"embeddable":true,"href":"https:\/\/www.decolor.com\/it\/wp-json\/wp\/v2\/comments?post=4771"}],"version-history":[{"count":18,"href":"https:\/\/www.decolor.com\/it\/wp-json\/wp\/v2\/pages\/4771\/revisions"}],"predecessor-version":[{"id":149383,"href":"https:\/\/www.decolor.com\/it\/wp-json\/wp\/v2\/pages\/4771\/revisions\/149383"}],"wp:attachment":[{"href":"https:\/\/www.decolor.com\/it\/wp-json\/wp\/v2\/media?parent=4771"}],"curies":[{"name":"parola chiave","href":"https:\/\/api.w.org\/{rel}","templated":true}]}}