{"id":59253,"date":"2021-05-05T08:05:57","date_gmt":"2021-05-05T08:05:57","guid":{"rendered":"https:\/\/desarrollo5.capazita.com\/?page_id=59253"},"modified":"2025-04-30T11:43:46","modified_gmt":"2025-04-30T11:43:46","slug":"area-privada","status":"publish","type":"page","link":"https:\/\/www.decolor.com\/it\/area-privada\/","title":{"rendered":"Area Privata"},"content":{"rendered":"<div data-elementor-type=\"wp-page\" data-elementor-id=\"59253\" class=\"elementor elementor-59253\" data-elementor-post-type=\"page\">\n\t\t\t\t\t\t<section data-particle_enable=\"false\" data-particle-mobile-disabled=\"false\" class=\"elementor-section elementor-top-section elementor-element elementor-element-d9016dc elementor-section-boxed elementor-section-height-default elementor-section-height-default\" data-id=\"d9016dc\" data-element_type=\"section\">\n\t\t\t\t\t\t<div class=\"elementor-container elementor-column-gap-default\">\n\t\t\t\t\t<div class=\"elementor-column elementor-col-100 elementor-top-column elementor-element elementor-element-11f9ad16\" data-id=\"11f9ad16\" data-element_type=\"column\">\n\t\t\t<div class=\"elementor-widget-wrap elementor-element-populated\">\n\t\t\t\t\t\t<div class=\"elementor-element elementor-element-7121f3db elementor-widget elementor-widget-heading\" data-id=\"7121f3db\" data-element_type=\"widget\" data-widget_type=\"heading.default\">\n\t\t\t\t<div class=\"elementor-widget-container\">\n\t\t\t<h2 class=\"elementor-heading-title elementor-size-default\">La zona <span style=\"color:#ffa600;\"><b>privato<\/b><\/span><\/h2>\t\t<\/div>\n\t\t\t\t<\/div>\n\t\t\t\t\t<\/div>\n\t\t<\/div>\n\t\t\t\t\t<\/div>\n\t\t<\/section>\n\t\t\t\t<section data-particle_enable=\"false\" data-particle-mobile-disabled=\"false\" class=\"elementor-section elementor-top-section elementor-element elementor-element-5bc9fd0 elementor-section-boxed elementor-section-height-default elementor-section-height-default\" data-id=\"5bc9fd0\" data-element_type=\"section\">\n\t\t\t\t\t\t<div class=\"elementor-container elementor-column-gap-default\">\n\t\t\t\t\t<div class=\"elementor-column elementor-col-33 elementor-top-column elementor-element elementor-element-590b385\" data-id=\"590b385\" data-element_type=\"column\">\n\t\t\t<div class=\"elementor-widget-wrap elementor-element-populated\">\n\t\t\t\t\t\t<div class=\"elementor-element elementor-element-d9478d3 elementor-button-warning elementor-align-right elementor-mobile-align-center elementor-widget elementor-widget-button\" data-id=\"d9478d3\" data-element_type=\"widget\" data-widget_type=\"button.default\">\n\t\t\t\t<div class=\"elementor-widget-container\">\n\t\t\t\t\t<div class=\"elementor-button-wrapper\">\n\t\t\t<a class=\"elementor-button elementor-button-link elementor-size-md\" href=\"\/it\/sistema-tintometrico-2\/\">\n\t\t\t\t\t\t<span class=\"elementor-button-content-wrapper\">\n\t\t\t\t\t\t\t\t\t<span class=\"elementor-button-text\">Sistema Tintometrico<\/span>\n\t\t\t\t\t<\/span>\n\t\t\t\t\t<\/a>\n\t\t<\/div>\n\t\t\t\t<\/div>\n\t\t\t\t<\/div>\n\t\t\t\t\t<\/div>\n\t\t<\/div>\n\t\t\t\t<div class=\"elementor-column elementor-col-33 elementor-top-column elementor-element elementor-element-4c38fd6\" data-id=\"4c38fd6\" data-element_type=\"column\">\n\t\t\t<div class=\"elementor-widget-wrap elementor-element-populated\">\n\t\t\t\t\t\t<div class=\"elementor-element elementor-element-fd0217c elementor-button-warning elementor-align-left elementor-mobile-align-center elementor-widget elementor-widget-button\" data-id=\"fd0217c\" data-element_type=\"widget\" data-widget_type=\"button.default\">\n\t\t\t\t<div class=\"elementor-widget-container\">\n\t\t\t\t\t<div class=\"elementor-button-wrapper\">\n\t\t\t<a class=\"elementor-button elementor-button-link elementor-size-md\" href=\"\/it\/certificados-productos\/\">\n\t\t\t\t\t\t<span class=\"elementor-button-content-wrapper\">\n\t\t\t\t\t\t\t\t\t<span class=\"elementor-button-text\">Certificati Prodotti<\/span>\n\t\t\t\t\t<\/span>\n\t\t\t\t\t<\/a>\n\t\t<\/div>\n\t\t\t\t<\/div>\n\t\t\t\t<\/div>\n\t\t\t\t\t<\/div>\n\t\t<\/div>\n\t\t\t\t<div class=\"elementor-column elementor-col-33 elementor-top-column elementor-element elementor-element-47cb057\" data-id=\"47cb057\" data-element_type=\"column\">\n\t\t\t<div class=\"elementor-widget-wrap elementor-element-populated\">\n\t\t\t\t\t\t<div class=\"elementor-element elementor-element-cdde5a7 elementor-button-warning elementor-align-left elementor-mobile-align-center elementor-widget elementor-widget-button\" data-id=\"cdde5a7\" data-element_type=\"widget\" data-widget_type=\"button.default\">\n\t\t\t\t<div class=\"elementor-widget-container\">\n\t\t\t\t\t<div class=\"elementor-button-wrapper\">\n\t\t\t<a class=\"elementor-button elementor-button-link elementor-size-md\" href=\"\/it\/manuales-tecnicos\/\">\n\t\t\t\t\t\t<span class=\"elementor-button-content-wrapper\">\n\t\t\t\t\t\t\t\t\t<span class=\"elementor-button-text\">Manuali tecnici<\/span>\n\t\t\t\t\t<\/span>\n\t\t\t\t\t<\/a>\n\t\t<\/div>\n\t\t\t\t<\/div>\n\t\t\t\t<\/div>\n\t\t\t\t\t<\/div>\n\t\t<\/div>\n\t\t\t\t\t<\/div>\n\t\t<\/section>\n\t\t\t\t<section data-particle_enable=\"false\" data-particle-mobile-disabled=\"false\" class=\"elementor-section elementor-top-section elementor-element elementor-element-f516888 elementor-section-boxed elementor-section-height-default elementor-section-height-default\" data-id=\"f516888\" data-element_type=\"section\">\n\t\t\t\t\t\t<div class=\"elementor-container elementor-column-gap-default\">\n\t\t\t\t\t<div class=\"elementor-column elementor-col-100 elementor-top-column elementor-element elementor-element-c499bd9\" data-id=\"c499bd9\" data-element_type=\"column\">\n\t\t\t<div class=\"elementor-widget-wrap elementor-element-populated\">\n\t\t\t\t\t\t<div class=\"elementor-element elementor-element-9223f10 elementor-widget elementor-widget-spacer\" data-id=\"9223f10\" data-element_type=\"widget\" data-widget_type=\"spacer.default\">\n\t\t\t\t<div class=\"elementor-widget-container\">\n\t\t\t\t\t<div class=\"elementor-spacer\">\n\t\t\t<div class=\"elementor-spacer-inner\"><\/div>\n\t\t<\/div>\n\t\t\t\t<\/div>\n\t\t\t\t<\/div>\n\t\t\t\t\t<\/div>\n\t\t<\/div>\n\t\t\t\t\t<\/div>\n\t\t<\/section>\n\t\t\t\t<section data-particle_enable=\"false\" data-particle-mobile-disabled=\"false\" class=\"elementor-section elementor-top-section elementor-element elementor-element-b13ecfe elementor-section-full_width elementor-section-height-default elementor-section-height-default\" data-id=\"b13ecfe\" data-element_type=\"section\">\n\t\t\t\t\t\t<div class=\"elementor-container elementor-column-gap-default\">\n\t\t\t\t\t<div class=\"elementor-column elementor-col-100 elementor-top-column elementor-element elementor-element-7e53c2c\" data-id=\"7e53c2c\" data-element_type=\"column\">\n\t\t\t<div class=\"elementor-widget-wrap elementor-element-populated\">\n\t\t\t\t\t\t<div class=\"elementor-element elementor-element-75e5c17 elementor-tabs-view-vertical elementor-widget elementor-widget-tabs\" data-id=\"75e5c17\" data-element_type=\"widget\" id=\"codigo\" data-widget_type=\"tabs.default\">\n\t\t\t\t<div class=\"elementor-widget-container\">\n\t\t\t\t\t<div class=\"elementor-tabs\">\n\t\t\t<div class=\"elementor-tabs-wrapper\" role=\"tablist\" >\n\t\t\t\t\t\t\t\t\t<div id=\"elementor-tab-title-1231\" class=\"elementor-tab-title elementor-tab-desktop-title\" aria-selected=\"true\" data-tab=\"1\" role=\"tab\" tabindex=\"0\" aria-controls=\"elementor-tab-content-1231\" aria-expanded=\"false\">Listino prezzi al dettaglio<\/div>\n\t\t\t\t\t\t\t\t\t<div id=\"elementor-tab-title-1232\" class=\"elementor-tab-title elementor-tab-desktop-title\" aria-selected=\"false\" data-tab=\"2\" role=\"tab\" tabindex=\"-1\" aria-controls=\"elementor-tab-content-1232\" aria-expanded=\"false\">Codici a barre<\/div>\n\t\t\t\t\t\t\t\t\t<div id=\"elementor-tab-title-1233\" class=\"elementor-tab-title elementor-tab-desktop-title\" aria-selected=\"false\" data-tab=\"3\" role=\"tab\" tabindex=\"-1\" aria-controls=\"elementor-tab-content-1233\" aria-expanded=\"false\">Verbale di incidente<\/div>\n\t\t\t\t\t\t\t\t\t<div id=\"elementor-tab-title-1234\" class=\"elementor-tab-title elementor-tab-desktop-title\" aria-selected=\"false\" data-tab=\"4\" role=\"tab\" tabindex=\"-1\" aria-controls=\"elementor-tab-content-1234\" aria-expanded=\"false\">Certificati di prodotto esterni<\/div>\n\t\t\t\t\t\t\t<\/div>\n\t\t\t<div class=\"elementor-tabs-content-wrapper\" role=\"tablist\" aria-orientation=\"vertical\">\n\t\t\t\t\t\t\t\t\t<div class=\"elementor-tab-title elementor-tab-mobile-title\" aria-selected=\"true\" data-tab=\"1\" role=\"tab\" tabindex=\"0\" aria-controls=\"elementor-tab-content-1231\" aria-expanded=\"false\">Listino prezzi al dettaglio<\/div>\n\t\t\t\t\t<div id=\"elementor-tab-content-1231\" class=\"elementor-tab-content elementor-clearfix\" data-tab=\"1\" role=\"tabpanel\" aria-labelledby=\"elementor-tab-title-1231\" tabindex=\"0\" hidden=\"false\"><p style=\"text-align: left;\">Listino prezzi al dettaglio:<\/p><p style=\"text-align: left;\">2025 \u2013 Ed. 1<\/p><p><strong><span style=\"color: #ffa600;\"><a style=\"color: #ffa600;\" href=\"https:\/\/www.decolor.com\/wp-content\/uploads\/wpallimport\/tarifa_decolor\/Tarifa_Decolor_ESP_2025_ED_01.pdf\" target=\"_blank\" rel=\"noopener\">PDF_Tariffe_Prezzi<\/a><br \/><\/span><\/strong><\/p><\/div>\n\t\t\t\t\t\t\t\t\t<div class=\"elementor-tab-title elementor-tab-mobile-title\" aria-selected=\"false\" data-tab=\"2\" role=\"tab\" tabindex=\"-1\" aria-controls=\"elementor-tab-content-1232\" aria-expanded=\"false\">Codici a barre<\/div>\n\t\t\t\t\t<div id=\"elementor-tab-content-1232\" class=\"elementor-tab-content elementor-clearfix\" data-tab=\"2\" role=\"tabpanel\" aria-labelledby=\"elementor-tab-title-1232\" tabindex=\"0\" hidden=\"hidden\"><p>Elenco dei codici a barre dei prodotti <span style=\"color: #ffa600;\"><strong>VERNICI A COLORI<\/strong><\/span><span style=\"color: #33cccc;\"><span style=\"color: #000000;\">.<\/span><\/span><\/p><p><strong><span style=\"color: #ffa600;\"><a style=\"color: #ffa600;\" href=\"https:\/\/www.decolor.com\/wp-content\/uploads\/wpallimport\/otros\/Codigos_Barras_2025-04-11.pdf\" target=\"_blank\" rel=\"noopener\">PDF_Codice a barre<\/a><\/span><\/strong><\/p><\/div>\n\t\t\t\t\t\t\t\t\t<div class=\"elementor-tab-title elementor-tab-mobile-title\" aria-selected=\"false\" data-tab=\"3\" role=\"tab\" tabindex=\"-1\" aria-controls=\"elementor-tab-content-1233\" aria-expanded=\"false\">Verbale di incidente<\/div>\n\t\t\t\t\t<div id=\"elementor-tab-content-1233\" class=\"elementor-tab-content elementor-clearfix\" data-tab=\"3\" role=\"tabpanel\" aria-labelledby=\"elementor-tab-title-1233\" tabindex=\"0\" hidden=\"hidden\"><p>Per avanzare reclami su prodotti o servizi forniti da <span style=\"color: #ffa600;\"><strong>VERNICI A COLORI<\/strong><\/span>, utilizza il seguente documento e invialo a decolor@decolor.com<\/p><p><strong><span style=\"color: #ffa600;\"><a style=\"color: #ffa600;\" href=\"https:\/\/www.decolor.com\/wp-content\/uploads\/wpallimport\/otros\/Informe_No_Conformidad_Clientes.doc\" target=\"_blank\" rel=\"noopener\">PDF_Rapporto_incidente<\/a><\/span><\/strong><\/p><\/div>\n\t\t\t\t\t\t\t\t\t<div class=\"elementor-tab-title elementor-tab-mobile-title\" aria-selected=\"false\" data-tab=\"4\" role=\"tab\" tabindex=\"-1\" aria-controls=\"elementor-tab-content-1234\" aria-expanded=\"false\">Certificati di prodotto esterni<\/div>\n\t\t\t\t\t<div id=\"elementor-tab-content-1234\" class=\"elementor-tab-content elementor-clearfix\" data-tab=\"4\" role=\"tabpanel\" aria-labelledby=\"elementor-tab-title-1234\" tabindex=\"0\" hidden=\"hidden\"><p>Certificato <span style=\"color: #ffa600;\"><strong><a style=\"color: #ffa600;\" href=\"\/wp-content\/uploads\/wpallimport\/Certificados\/Atlas_Reflectance_SRI_REVESTIMIENTO_AERO_DECOLOR.pdf\" target=\"_blank\" rel=\"noopener\">RIVESTIMENTO AERO Indice di riflettanza solare SRI<\/a><\/strong><\/span><\/p><p>Certificato <span style=\"color: #ffa600;\"><strong><a style=\"color: #ffa600;\" href=\"\/wp-content\/uploads\/wpallimport\/Certificates\/Thermoconcept_Thermal_Conductivity_COATING_AERO_DECOLOR.pdf\" target=\"_blank\" rel=\"noopener\">RIVESTIMENTO AERO Conduttivit\u00e0 termica<\/a><\/strong><\/span><\/p><p>Certificato <span style=\"color: #ffa600;\"><strong><a style=\"color: #ffa600;\" href=\"\/wp-content\/uploads\/2021\/05\/Deco-Epoxi_2C_Sanitario_Esp.pdf\" target=\"_blank\" rel=\"noopener\">SANITARIO DECO-EPOXI 2C<\/a><\/strong><\/span><\/p><p>Certificato <strong><span style=\"color: #33cccc;\"><a style=\"color: #33cccc;\" href=\"\/wp-content\/uploads\/2021\/05\/Decortex_Liso_22317_Resumen-2.pdf\" target=\"_blank\" rel=\"noopener\"><span style=\"color: #ffa600;\">DECORTEX PREMIUM LISCIO<\/span><\/a><\/span><\/strong><\/p><p>Certificato <span style=\"color: #ffa600;\"><strong><a style=\"color: #ffa600;\" href=\"\/wp-content\/uploads\/2021\/05\/Imper-Elast_22314_Resumen.pdf\" target=\"_blank\" rel=\"noopener\">IMPER-ELAST LISCIO<\/a><\/strong><\/span><\/p><p>Certificato <span style=\"color: #ffa600;\"><a style=\"color: #ffa600;\" href=\"\/wp-content\/uploads\/2021\/05\/Deco-Elast_22316_Resumen.pdf\" target=\"_blank\" rel=\"noopener\"><strong>DECO-ELAST<\/strong><\/a><\/span><\/p><p>Certificato <span style=\"color: #ffa600;\"><strong><a style=\"color: #ffa600;\" href=\"\/wp-content\/uploads\/2021\/05\/Certificado_Antigoteras_061345-1.pdf\" target=\"_blank\" rel=\"noopener\">ANTI-FUGA<\/a><\/strong><\/span><\/p><p>Certificato <span style=\"color: #ffa600;\"><strong><a style=\"color: #ffa600;\" href=\"\/wp-content\/uploads\/wpallimport\/Certificates\/DECO-ISOLANT_CERTIFICADO_SRI.pdf\" target=\"_blank\" rel=\"noopener\">DECO-AISLANT Indice di riflettanza solare<\/a><\/strong><\/span><\/p><p>Certificato <a title=\"DECO-AISLANT Conducibilit\u00e0 Termica\" href=\"\/wp-content\/uploads\/wpallimport\/Certificados\/DECO-AISLANT_CERTIFICADO_Conductividad_termica_2007.pdf\" target=\"_blank\" rel=\"noopener\"><span style=\"color: #ffa600;\"><strong>DECO-AISLANT Conducibilit\u00e0 Termica<\/strong><\/span><\/a><\/p><p>Certificato <span style=\"color: #ffa600;\"><a style=\"color: #ffa600;\" href=\"\/wp-content\/uploads\/2021\/05\/Albor_26046-2_Reaccion_al_fuego.pdf\" target=\"_blank\" rel=\"noopener\"><strong>ALBOR, ALBORLAC, ALBOR-MATE Reazione al fuoco<\/strong><\/a><\/span><\/p><p>Certificato <span style=\"color: #ffa600;\"><strong><a style=\"color: #ffa600;\" href=\"\/wp-content\/uploads\/2021\/05\/Mate_Orion_26045-2_Reaccion_al_fuego.pdf\" target=\"_blank\" rel=\"noopener\">MATE ORION Reazione al fuoco<\/a><\/strong><\/span><\/p><p>Certificato <span style=\"color: #ffa600;\"><strong><a style=\"color: #ffa600;\" href=\"\/wp-content\/uploads\/2021\/05\/Decokril_25943-2_Reaccion_al_fuego.pdf\" target=\"_blank\" rel=\"noopener\">DECOKRIL Reazione al fuoco<\/a><\/strong><\/span><\/p><p>Certificato <span style=\"color: #ffa600;\"><strong><a style=\"color: #ffa600;\" href=\"\/wp-content\/uploads\/2021\/05\/SANPR_CERT_2020-0403_DF_DECOLOR_Spain_EN.pdf\" target=\"_blank\" rel=\"noopener\">MATE ZERO-BACT<\/a><\/strong><\/span><\/p><\/div>\n\t\t\t\t\t\t\t<\/div>\n\t\t<\/div>\n\t\t\t\t<\/div>\n\t\t\t\t<\/div>\n\t\t\t\t\t<\/div>\n\t\t<\/div>\n\t\t\t\t\t<\/div>\n\t\t<\/section>\n\t\t\t\t<section data-particle_enable=\"false\" data-particle-mobile-disabled=\"false\" class=\"elementor-section elementor-top-section elementor-element elementor-element-7c39ec0 elementor-section-boxed elementor-section-height-default elementor-section-height-default\" data-id=\"7c39ec0\" data-element_type=\"section\">\n\t\t\t\t\t\t<div class=\"elementor-container elementor-column-gap-default\">\n\t\t\t\t\t<div class=\"elementor-column elementor-col-100 elementor-top-column elementor-element elementor-element-6914cfd\" data-id=\"6914cfd\" data-element_type=\"column\">\n\t\t\t<div class=\"elementor-widget-wrap elementor-element-populated\">\n\t\t\t\t\t\t<div class=\"elementor-element elementor-element-f563c1c elementor-widget elementor-widget-spacer\" data-id=\"f563c1c\" data-element_type=\"widget\" data-widget_type=\"spacer.default\">\n\t\t\t\t<div class=\"elementor-widget-container\">\n\t\t\t\t\t<div class=\"elementor-spacer\">\n\t\t\t<div class=\"elementor-spacer-inner\"><\/div>\n\t\t<\/div>\n\t\t\t\t<\/div>\n\t\t\t\t<\/div>\n\t\t\t\t\t<\/div>\n\t\t<\/div>\n\t\t\t\t\t<\/div>\n\t\t<\/section>\n\t\t\t\t<\/div>","protected":false},"excerpt":{"rendered":"<p>Area Riservata Sistema Tintometrico Certificati Prodotti Manuali Tecnici Listino Prezzi al Dettaglio Codici a Barre Rapporto Incidente Certificati Prodotti Esterni Listino Prezzi al Dettaglio Listino Prezzi al Dettaglio: 2025 \u2013 Ed. 1 PDF_Tariffe_Prezzi Codici a Barre Elenco dei codici a barre dei prodotti VERNICI\u2026 <a class=\"more-link\" href=\"https:\/\/www.decolor.com\/it\/area-privada\/\">continua a leggere <span class=\"screen-reader-text\">Area Privata<\/span><\/a><\/p>","protected":false},"author":1,"featured_media":0,"parent":0,"menu_order":0,"comment_status":"closed","ping_status":"closed","template":"elementor_header_footer","meta":{"_acf_changed":false,"footnotes":""},"class_list":["post-59253","page","type-page","status-publish","hentry","entry"],"acf":[],"yoast_head":"<!-- This site is optimized with the Yoast SEO plugin v23.4 - https:\/\/yoast.com\/wordpress\/plugins\/seo\/ -->\n<title>Area Privada - Decolor<\/title>\n<meta name=\"robots\" content=\"index, follow, max-snippet:-1, max-image-preview:large, max-video-preview:-1\" \/>\n<link rel=\"canonical\" href=\"https:\/\/www.decolor.com\/it\/area-privada\/\" \/>\n<meta property=\"og:locale\" content=\"it_IT\" \/>\n<meta property=\"og:type\" content=\"article\" \/>\n<meta property=\"og:title\" content=\"Area Privada - Decolor\" \/>\n<meta property=\"og:description\" content=\"\u00c1rea privada Sistema Tintom\u00e9trico Certificados Productos Manuales T\u00e9cnicos Tarifa de precios de venta al p\u00fablico C\u00f3digos de barras Informe de incidencia Certificados externos de productos Tarifa de precios de venta al p\u00fablico Tarifa de precios de venta al p\u00fablico: 2025 &#8211; Ed 1 PDF_Tarifas_Precios C\u00f3digos de barras Listado de c\u00f3digos de barras de productos PINTURAS&hellip; Continua a leggere Area Privada\" \/>\n<meta property=\"og:url\" content=\"https:\/\/www.decolor.com\/it\/area-privada\/\" \/>\n<meta property=\"og:site_name\" content=\"Decolor\" \/>\n<meta property=\"article:modified_time\" content=\"2025-04-30T11:43:46+00:00\" \/>\n<meta name=\"twitter:card\" content=\"summary_large_image\" \/>\n<meta name=\"twitter:label1\" content=\"Tempo di lettura stimato\" \/>\n\t<meta name=\"twitter:data1\" content=\"1 minuto\" \/>\n<script type=\"application\/ld+json\" class=\"yoast-schema-graph\">{\"@context\":\"https:\/\/schema.org\",\"@graph\":[{\"@type\":\"WebPage\",\"@id\":\"https:\/\/www.decolor.com\/pl\/area-privada\/\",\"url\":\"https:\/\/www.decolor.com\/pl\/area-privada\/\",\"name\":\"Area Privada - Decolor\",\"isPartOf\":{\"@id\":\"https:\/\/www.decolor.com\/it\/#website\"},\"datePublished\":\"2021-05-05T08:05:57+00:00\",\"dateModified\":\"2025-04-30T11:43:46+00:00\",\"breadcrumb\":{\"@id\":\"https:\/\/www.decolor.com\/pl\/area-privada\/#breadcrumb\"},\"inLanguage\":\"it-IT\",\"potentialAction\":[{\"@type\":\"ReadAction\",\"target\":[\"https:\/\/www.decolor.com\/pl\/area-privada\/\"]}]},{\"@type\":\"BreadcrumbList\",\"@id\":\"https:\/\/www.decolor.com\/pl\/area-privada\/#breadcrumb\",\"itemListElement\":[{\"@type\":\"ListItem\",\"position\":1,\"name\":\"Home\",\"item\":\"https:\/\/www.decolor.com\/\"},{\"@type\":\"ListItem\",\"position\":2,\"name\":\"Area Privada\"}]},{\"@type\":\"WebSite\",\"@id\":\"https:\/\/www.decolor.com\/it\/#website\",\"url\":\"https:\/\/www.decolor.com\/it\/\",\"name\":\"Decolor\",\"description\":\"Web Decolor\",\"publisher\":{\"@id\":\"https:\/\/www.decolor.com\/it\/#organization\"},\"potentialAction\":[{\"@type\":\"SearchAction\",\"target\":{\"@type\":\"EntryPoint\",\"urlTemplate\":\"https:\/\/www.decolor.com\/it\/?s={search_term_string}\"},\"query-input\":{\"@type\":\"PropertyValueSpecification\",\"valueRequired\":true,\"valueName\":\"search_term_string\"}}],\"inLanguage\":\"it-IT\"},{\"@type\":\"Organization\",\"@id\":\"https:\/\/www.decolor.com\/it\/#organization\",\"name\":\"Decolor\",\"url\":\"https:\/\/www.decolor.com\/it\/\",\"logo\":{\"@type\":\"ImageObject\",\"inLanguage\":\"it-IT\",\"@id\":\"https:\/\/www.decolor.com\/it\/#\/schema\/logo\/image\/\",\"url\":\"https:\/\/www.decolor.com\/wp-content\/uploads\/2021\/02\/marca_principal_pinturas_decolor_color.png\",\"contentUrl\":\"https:\/\/www.decolor.com\/wp-content\/uploads\/2021\/02\/marca_principal_pinturas_decolor_color.png\",\"width\":1588,\"height\":421,\"caption\":\"Decolor\"},\"image\":{\"@id\":\"https:\/\/www.decolor.com\/it\/#\/schema\/logo\/image\/\"}}]}<\/script>\n<!-- \/ Yoast SEO plugin. -->","yoast_head_json":{"title":"Area Privada - Decolor","robots":{"index":"index","follow":"follow","max-snippet":"max-snippet:-1","max-image-preview":"max-image-preview:large","max-video-preview":"max-video-preview:-1"},"canonical":"https:\/\/www.decolor.com\/it\/area-privada\/","og_locale":"it_IT","og_type":"article","og_title":"Area Privada - Decolor","og_description":"\u00c1rea privada Sistema Tintom\u00e9trico Certificados Productos Manuales T\u00e9cnicos Tarifa de precios de venta al p\u00fablico C\u00f3digos de barras Informe de incidencia Certificados externos de productos Tarifa de precios de venta al p\u00fablico Tarifa de precios de venta al p\u00fablico: 2025 &#8211; Ed 1 PDF_Tarifas_Precios C\u00f3digos de barras Listado de c\u00f3digos de barras de productos PINTURAS&hellip; Continua a leggere Area Privada","og_url":"https:\/\/www.decolor.com\/it\/area-privada\/","og_site_name":"Decolor","article_modified_time":"2025-04-30T11:43:46+00:00","twitter_card":"summary_large_image","twitter_misc":{"Tempo di lettura stimato":"1 minuto"},"schema":{"@context":"https:\/\/schema.org","@graph":[{"@type":"WebPage","@id":"https:\/\/www.decolor.com\/pl\/area-privada\/","url":"https:\/\/www.decolor.com\/pl\/area-privada\/","name":"Area Privada - Decolor","isPartOf":{"@id":"https:\/\/www.decolor.com\/it\/#website"},"datePublished":"2021-05-05T08:05:57+00:00","dateModified":"2025-04-30T11:43:46+00:00","breadcrumb":{"@id":"https:\/\/www.decolor.com\/pl\/area-privada\/#breadcrumb"},"inLanguage":"it-IT","potentialAction":[{"@type":"ReadAction","target":["https:\/\/www.decolor.com\/pl\/area-privada\/"]}]},{"@type":"BreadcrumbList","@id":"https:\/\/www.decolor.com\/pl\/area-privada\/#breadcrumb","itemListElement":[{"@type":"ListItem","position":1,"name":"Home","item":"https:\/\/www.decolor.com\/"},{"@type":"ListItem","position":2,"name":"Area Privada"}]},{"@type":"WebSite","@id":"https:\/\/www.decolor.com\/it\/#website","url":"https:\/\/www.decolor.com\/it\/","name":"Colore","description":"Decorazione web","publisher":{"@id":"https:\/\/www.decolor.com\/it\/#organization"},"potentialAction":[{"@type":"SearchAction","target":{"@type":"EntryPoint","urlTemplate":"https:\/\/www.decolor.com\/it\/?s={search_term_string}"},"query-input":{"@type":"PropertyValueSpecification","valueRequired":true,"valueName":"search_term_string"}}],"inLanguage":"it-IT"},{"@type":"Organization","@id":"https:\/\/www.decolor.com\/it\/#organization","name":"Colore","url":"https:\/\/www.decolor.com\/it\/","logo":{"@type":"ImageObject","inLanguage":"it-IT","@id":"https:\/\/www.decolor.com\/it\/#\/schema\/logo\/image\/","url":"https:\/\/www.decolor.com\/wp-content\/uploads\/2021\/02\/marca_principal_pinturas_decolor_color.png","contentUrl":"https:\/\/www.decolor.com\/wp-content\/uploads\/2021\/02\/marca_principal_pinturas_decolor_color.png","width":1588,"height":421,"caption":"Decolor"},"image":{"@id":"https:\/\/www.decolor.com\/it\/#\/schema\/logo\/image\/"}}]}},"_links":{"self":[{"href":"https:\/\/www.decolor.com\/it\/wp-json\/wp\/v2\/pages\/59253"}],"collection":[{"href":"https:\/\/www.decolor.com\/it\/wp-json\/wp\/v2\/pages"}],"about":[{"href":"https:\/\/www.decolor.com\/it\/wp-json\/wp\/v2\/types\/page"}],"author":[{"embeddable":true,"href":"https:\/\/www.decolor.com\/it\/wp-json\/wp\/v2\/users\/1"}],"replies":[{"embeddable":true,"href":"https:\/\/www.decolor.com\/it\/wp-json\/wp\/v2\/comments?post=59253"}],"version-history":[{"count":9,"href":"https:\/\/www.decolor.com\/it\/wp-json\/wp\/v2\/pages\/59253\/revisions"}],"predecessor-version":[{"id":150732,"href":"https:\/\/www.decolor.com\/it\/wp-json\/wp\/v2\/pages\/59253\/revisions\/150732"}],"wp:attachment":[{"href":"https:\/\/www.decolor.com\/it\/wp-json\/wp\/v2\/media?parent=59253"}],"curies":[{"name":"parola chiave","href":"https:\/\/api.w.org\/{rel}","templated":true}]}}