{"id":59435,"date":"2021-05-05T13:31:23","date_gmt":"2021-05-05T13:31:23","guid":{"rendered":"https:\/\/desarrollo5.capazita.com\/?page_id=59435"},"modified":"2026-04-07T12:58:50","modified_gmt":"2026-04-07T12:58:50","slug":"sistema-tintometrico-2","status":"publish","type":"page","link":"https:\/\/www.decolor.com\/nl\/sistema-tintometrico-2\/","title":{"rendered":"Tintometrische systeem"},"content":{"rendered":"<div data-elementor-type=\"wp-page\" data-elementor-id=\"59435\" class=\"elementor elementor-59435\" data-elementor-post-type=\"page\">\n\t\t\t\t\t\t<section data-particle_enable=\"false\" data-particle-mobile-disabled=\"false\" class=\"elementor-section elementor-top-section elementor-element elementor-element-d9016dc elementor-section-boxed elementor-section-height-default elementor-section-height-default\" data-id=\"d9016dc\" data-element_type=\"section\">\n\t\t\t\t\t\t<div class=\"elementor-container elementor-column-gap-default\">\n\t\t\t\t\t<div class=\"elementor-column elementor-col-100 elementor-top-column elementor-element elementor-element-11f9ad16\" data-id=\"11f9ad16\" data-element_type=\"column\">\n\t\t\t<div class=\"elementor-widget-wrap elementor-element-populated\">\n\t\t\t\t\t\t<div class=\"elementor-element elementor-element-82750e3 elementor-widget elementor-widget-heading\" data-id=\"82750e3\" data-element_type=\"widget\" data-widget_type=\"heading.default\">\n\t\t\t\t<div class=\"elementor-widget-container\">\n\t\t\t<h2 class=\"elementor-heading-title elementor-size-default\">Systeem <font color=\"#ffa600\"><b>tintometrisch<\/b><\/font><\/h2>\t\t<\/div>\n\t\t\t\t<\/div>\n\t\t\t\t\t<\/div>\n\t\t<\/div>\n\t\t\t\t\t<\/div>\n\t\t<\/section>\n\t\t\t\t<section data-particle_enable=\"false\" data-particle-mobile-disabled=\"false\" class=\"elementor-section elementor-top-section elementor-element elementor-element-3f99f15 elementor-section-boxed elementor-section-height-default elementor-section-height-default\" data-id=\"3f99f15\" data-element_type=\"section\">\n\t\t\t\t\t\t<div class=\"elementor-container elementor-column-gap-default\">\n\t\t\t\t\t<div class=\"elementor-column elementor-col-33 elementor-top-column elementor-element elementor-element-3f2c0e3\" data-id=\"3f2c0e3\" data-element_type=\"column\">\n\t\t\t<div class=\"elementor-widget-wrap elementor-element-populated\">\n\t\t\t\t\t\t<div class=\"elementor-element elementor-element-b5f5156 elementor-mobile-align-center elementor-align-left elementor-widget elementor-widget-button\" data-id=\"b5f5156\" data-element_type=\"widget\" data-widget_type=\"button.default\">\n\t\t\t\t<div class=\"elementor-widget-container\">\n\t\t\t\t\t<div class=\"elementor-button-wrapper\">\n\t\t\t<a class=\"elementor-button elementor-button-link elementor-size-md\" href=\"\/nl\/area-privada\/\">\n\t\t\t\t\t\t<span class=\"elementor-button-content-wrapper\">\n\t\t\t\t\t\t\t\t\t<span class=\"elementor-button-text\">Prive-gebied<\/span>\n\t\t\t\t\t<\/span>\n\t\t\t\t\t<\/a>\n\t\t<\/div>\n\t\t\t\t<\/div>\n\t\t\t\t<\/div>\n\t\t\t\t\t<\/div>\n\t\t<\/div>\n\t\t\t\t<div class=\"elementor-column elementor-col-33 elementor-top-column elementor-element elementor-element-3649d60\" data-id=\"3649d60\" data-element_type=\"column\">\n\t\t\t<div class=\"elementor-widget-wrap elementor-element-populated\">\n\t\t\t\t\t\t<div class=\"elementor-element elementor-element-8983aad elementor-mobile-align-center elementor-widget elementor-widget-button\" data-id=\"8983aad\" data-element_type=\"widget\" data-widget_type=\"button.default\">\n\t\t\t\t<div class=\"elementor-widget-container\">\n\t\t\t\t\t<div class=\"elementor-button-wrapper\">\n\t\t\t<a class=\"elementor-button elementor-button-link elementor-size-sm\" href=\"\/nl\/certificados-productos\/\">\n\t\t\t\t\t\t<span class=\"elementor-button-content-wrapper\">\n\t\t\t\t\t\t\t\t\t<span class=\"elementor-button-text\">Productcertificaten<\/span>\n\t\t\t\t\t<\/span>\n\t\t\t\t\t<\/a>\n\t\t<\/div>\n\t\t\t\t<\/div>\n\t\t\t\t<\/div>\n\t\t\t\t\t<\/div>\n\t\t<\/div>\n\t\t\t\t<div class=\"elementor-column elementor-col-33 elementor-top-column elementor-element elementor-element-8208416\" data-id=\"8208416\" data-element_type=\"column\">\n\t\t\t<div class=\"elementor-widget-wrap elementor-element-populated\">\n\t\t\t\t\t\t<div class=\"elementor-element elementor-element-e40747c elementor-mobile-align-center elementor-widget elementor-widget-button\" data-id=\"e40747c\" data-element_type=\"widget\" data-widget_type=\"button.default\">\n\t\t\t\t<div class=\"elementor-widget-container\">\n\t\t\t\t\t<div class=\"elementor-button-wrapper\">\n\t\t\t<a class=\"elementor-button elementor-button-link elementor-size-sm\" href=\"\/nl\/manuales-tecnicos\/\">\n\t\t\t\t\t\t<span class=\"elementor-button-content-wrapper\">\n\t\t\t\t\t\t\t\t\t<span class=\"elementor-button-text\">Technische handleidingen<\/span>\n\t\t\t\t\t<\/span>\n\t\t\t\t\t<\/a>\n\t\t<\/div>\n\t\t\t\t<\/div>\n\t\t\t\t<\/div>\n\t\t\t\t\t<\/div>\n\t\t<\/div>\n\t\t\t\t\t<\/div>\n\t\t<\/section>\n\t\t\t\t<section data-particle_enable=\"false\" data-particle-mobile-disabled=\"false\" class=\"elementor-section elementor-top-section elementor-element elementor-element-b13ecfe elementor-section-full_width elementor-section-height-default elementor-section-height-default\" data-id=\"b13ecfe\" data-element_type=\"section\">\n\t\t\t\t\t\t<div class=\"elementor-container elementor-column-gap-default\">\n\t\t\t\t\t<div class=\"elementor-column elementor-col-100 elementor-top-column elementor-element elementor-element-7e53c2c\" data-id=\"7e53c2c\" data-element_type=\"column\">\n\t\t\t<div class=\"elementor-widget-wrap elementor-element-populated\">\n\t\t\t\t\t\t\t<\/div>\n\t\t<\/div>\n\t\t\t\t\t<\/div>\n\t\t<\/section>\n\t\t\t\t<section data-particle_enable=\"false\" data-particle-mobile-disabled=\"false\" class=\"elementor-section elementor-top-section elementor-element elementor-element-7c39ec0 elementor-section-boxed elementor-section-height-default elementor-section-height-default\" data-id=\"7c39ec0\" data-element_type=\"section\">\n\t\t\t\t\t\t<div class=\"elementor-container elementor-column-gap-default\">\n\t\t\t\t\t<div class=\"elementor-column elementor-col-100 elementor-top-column elementor-element elementor-element-6914cfd\" data-id=\"6914cfd\" data-element_type=\"column\">\n\t\t\t<div class=\"elementor-widget-wrap elementor-element-populated\">\n\t\t\t\t\t\t<div class=\"elementor-element elementor-element-f563c1c elementor-widget elementor-widget-spacer\" data-id=\"f563c1c\" data-element_type=\"widget\" data-widget_type=\"spacer.default\">\n\t\t\t\t<div class=\"elementor-widget-container\">\n\t\t\t\t\t<div class=\"elementor-spacer\">\n\t\t\t<div class=\"elementor-spacer-inner\"><\/div>\n\t\t<\/div>\n\t\t\t\t<\/div>\n\t\t\t\t<\/div>\n\t\t\t\t\t<\/div>\n\t\t<\/div>\n\t\t\t\t\t<\/div>\n\t\t<\/section>\n\t\t\t\t<\/div>","protected":false},"excerpt":{"rendered":"<p>Tinting System Private Area Productcertificaten Technische handleidingen Fast Tinting System Fast Tinting System PRISMAPRO Tinting System Update: handleiding en updatebestanden. PRISMAPRO \u2013 Updatehandleiding Prijzen en formuleringen PRISMAPRO \u2013 Formuleringen en prijzen met DECO-TINT<\/p>","protected":false},"author":1,"featured_media":0,"parent":0,"menu_order":0,"comment_status":"closed","ping_status":"closed","template":"elementor_header_footer","meta":{"_acf_changed":false,"footnotes":""},"class_list":["post-59435","page","type-page","status-publish","hentry","entry"],"acf":[],"yoast_head":"<!-- This site is optimized with the Yoast SEO plugin v23.4 - https:\/\/yoast.com\/wordpress\/plugins\/seo\/ -->\n<title>Sistema Tintom\u00e9trico - Decolor<\/title>\n<meta name=\"robots\" content=\"index, follow, max-snippet:-1, max-image-preview:large, max-video-preview:-1\" \/>\n<link rel=\"canonical\" href=\"https:\/\/www.decolor.com\/nl\/sistema-tintometrico-2\/\" \/>\n<meta property=\"og:locale\" content=\"nl_NL\" \/>\n<meta property=\"og:type\" content=\"article\" \/>\n<meta property=\"og:title\" content=\"Sistema Tintom\u00e9trico - Decolor\" \/>\n<meta property=\"og:description\" content=\"Sistema tintom\u00e9trico \u00c1rea Privada Certificados productos Manuales T\u00e9cnicos Sistema Tintom\u00e9trico Fast Sistema Tintom\u00e9trico Fast Actualizaci\u00f3n del sistema tintom\u00e9trico PRISMAPRO: Manual y ficheros de actualizaci\u00f3n. PRISMAPRO &#8211; Manual de Actualizaci\u00f3n Precios y Formulaciones PRISMAPRO &#8211; Formulaciones y Precios con DECO-TINT\" \/>\n<meta property=\"og:url\" content=\"https:\/\/www.decolor.com\/nl\/sistema-tintometrico-2\/\" \/>\n<meta property=\"og:site_name\" content=\"Decolor\" \/>\n<meta property=\"article:modified_time\" content=\"2026-04-07T12:58:50+00:00\" \/>\n<meta name=\"twitter:card\" content=\"summary_large_image\" \/>\n<meta name=\"twitter:label1\" content=\"Geschatte leestijd\" \/>\n\t<meta name=\"twitter:data1\" content=\"1 minuut\" \/>\n<script type=\"application\/ld+json\" class=\"yoast-schema-graph\">{\"@context\":\"https:\/\/schema.org\",\"@graph\":[{\"@type\":\"WebPage\",\"@id\":\"https:\/\/www.decolor.com\/sistema-tintometrico-2\/\",\"url\":\"https:\/\/www.decolor.com\/sistema-tintometrico-2\/\",\"name\":\"Sistema Tintom\u00e9trico - Decolor\",\"isPartOf\":{\"@id\":\"https:\/\/www.decolor.com\/it\/#website\"},\"datePublished\":\"2021-05-05T13:31:23+00:00\",\"dateModified\":\"2026-04-07T12:58:50+00:00\",\"breadcrumb\":{\"@id\":\"https:\/\/www.decolor.com\/sistema-tintometrico-2\/#breadcrumb\"},\"inLanguage\":\"nl-NL\",\"potentialAction\":[{\"@type\":\"ReadAction\",\"target\":[\"https:\/\/www.decolor.com\/sistema-tintometrico-2\/\"]}]},{\"@type\":\"BreadcrumbList\",\"@id\":\"https:\/\/www.decolor.com\/sistema-tintometrico-2\/#breadcrumb\",\"itemListElement\":[{\"@type\":\"ListItem\",\"position\":1,\"name\":\"Home\",\"item\":\"https:\/\/www.decolor.com\/\"},{\"@type\":\"ListItem\",\"position\":2,\"name\":\"Sistema Tintom\u00e9trico\"}]},{\"@type\":\"WebSite\",\"@id\":\"https:\/\/www.decolor.com\/it\/#website\",\"url\":\"https:\/\/www.decolor.com\/it\/\",\"name\":\"Decolor\",\"description\":\"Web Decolor\",\"publisher\":{\"@id\":\"https:\/\/www.decolor.com\/it\/#organization\"},\"potentialAction\":[{\"@type\":\"SearchAction\",\"target\":{\"@type\":\"EntryPoint\",\"urlTemplate\":\"https:\/\/www.decolor.com\/it\/?s={search_term_string}\"},\"query-input\":{\"@type\":\"PropertyValueSpecification\",\"valueRequired\":true,\"valueName\":\"search_term_string\"}}],\"inLanguage\":\"nl-NL\"},{\"@type\":\"Organization\",\"@id\":\"https:\/\/www.decolor.com\/it\/#organization\",\"name\":\"Decolor\",\"url\":\"https:\/\/www.decolor.com\/it\/\",\"logo\":{\"@type\":\"ImageObject\",\"inLanguage\":\"nl-NL\",\"@id\":\"https:\/\/www.decolor.com\/it\/#\/schema\/logo\/image\/\",\"url\":\"https:\/\/www.decolor.com\/wp-content\/uploads\/2021\/02\/marca_principal_pinturas_decolor_color.png\",\"contentUrl\":\"https:\/\/www.decolor.com\/wp-content\/uploads\/2021\/02\/marca_principal_pinturas_decolor_color.png\",\"width\":1588,\"height\":421,\"caption\":\"Decolor\"},\"image\":{\"@id\":\"https:\/\/www.decolor.com\/it\/#\/schema\/logo\/image\/\"}}]}<\/script>\n<!-- \/ Yoast SEO plugin. -->","yoast_head_json":{"title":"Sistema Tintom\u00e9trico - Decolor","robots":{"index":"index","follow":"follow","max-snippet":"max-snippet:-1","max-image-preview":"max-image-preview:large","max-video-preview":"max-video-preview:-1"},"canonical":"https:\/\/www.decolor.com\/nl\/sistema-tintometrico-2\/","og_locale":"nl_NL","og_type":"article","og_title":"Sistema Tintom\u00e9trico - Decolor","og_description":"Sistema tintom\u00e9trico \u00c1rea Privada Certificados productos Manuales T\u00e9cnicos Sistema Tintom\u00e9trico Fast Sistema Tintom\u00e9trico Fast Actualizaci\u00f3n del sistema tintom\u00e9trico PRISMAPRO: Manual y ficheros de actualizaci\u00f3n. PRISMAPRO &#8211; Manual de Actualizaci\u00f3n Precios y Formulaciones PRISMAPRO &#8211; Formulaciones y Precios con DECO-TINT","og_url":"https:\/\/www.decolor.com\/nl\/sistema-tintometrico-2\/","og_site_name":"Decolor","article_modified_time":"2026-04-07T12:58:50+00:00","twitter_card":"summary_large_image","twitter_misc":{"Geschatte leestijd":"1 minuut"},"schema":{"@context":"https:\/\/schema.org","@graph":[{"@type":"WebPage","@id":"https:\/\/www.decolor.com\/sistema-tintometrico-2\/","url":"https:\/\/www.decolor.com\/sistema-tintometrico-2\/","name":"Sistema Tintom\u00e9trico - Decolor","isPartOf":{"@id":"https:\/\/www.decolor.com\/it\/#website"},"datePublished":"2021-05-05T13:31:23+00:00","dateModified":"2026-04-07T12:58:50+00:00","breadcrumb":{"@id":"https:\/\/www.decolor.com\/sistema-tintometrico-2\/#breadcrumb"},"inLanguage":"nl-NL","potentialAction":[{"@type":"ReadAction","target":["https:\/\/www.decolor.com\/sistema-tintometrico-2\/"]}]},{"@type":"BreadcrumbList","@id":"https:\/\/www.decolor.com\/sistema-tintometrico-2\/#breadcrumb","itemListElement":[{"@type":"ListItem","position":1,"name":"Home","item":"https:\/\/www.decolor.com\/"},{"@type":"ListItem","position":2,"name":"Sistema Tintom\u00e9trico"}]},{"@type":"WebSite","@id":"https:\/\/www.decolor.com\/it\/#website","url":"https:\/\/www.decolor.com\/it\/","name":"Kleur","description":"Web ontkleuren","publisher":{"@id":"https:\/\/www.decolor.com\/it\/#organization"},"potentialAction":[{"@type":"SearchAction","target":{"@type":"EntryPoint","urlTemplate":"https:\/\/www.decolor.com\/it\/?s={search_term_string}"},"query-input":{"@type":"PropertyValueSpecification","valueRequired":true,"valueName":"search_term_string"}}],"inLanguage":"nl-NL"},{"@type":"Organization","@id":"https:\/\/www.decolor.com\/it\/#organization","name":"Kleur","url":"https:\/\/www.decolor.com\/it\/","logo":{"@type":"ImageObject","inLanguage":"nl-NL","@id":"https:\/\/www.decolor.com\/it\/#\/schema\/logo\/image\/","url":"https:\/\/www.decolor.com\/wp-content\/uploads\/2021\/02\/marca_principal_pinturas_decolor_color.png","contentUrl":"https:\/\/www.decolor.com\/wp-content\/uploads\/2021\/02\/marca_principal_pinturas_decolor_color.png","width":1588,"height":421,"caption":"Decolor"},"image":{"@id":"https:\/\/www.decolor.com\/it\/#\/schema\/logo\/image\/"}}]}},"_links":{"self":[{"href":"https:\/\/www.decolor.com\/nl\/wp-json\/wp\/v2\/pages\/59435"}],"collection":[{"href":"https:\/\/www.decolor.com\/nl\/wp-json\/wp\/v2\/pages"}],"about":[{"href":"https:\/\/www.decolor.com\/nl\/wp-json\/wp\/v2\/types\/page"}],"author":[{"embeddable":true,"href":"https:\/\/www.decolor.com\/nl\/wp-json\/wp\/v2\/users\/1"}],"replies":[{"embeddable":true,"href":"https:\/\/www.decolor.com\/nl\/wp-json\/wp\/v2\/comments?post=59435"}],"version-history":[{"count":39,"href":"https:\/\/www.decolor.com\/nl\/wp-json\/wp\/v2\/pages\/59435\/revisions"}],"predecessor-version":[{"id":151746,"href":"https:\/\/www.decolor.com\/nl\/wp-json\/wp\/v2\/pages\/59435\/revisions\/151746"}],"wp:attachment":[{"href":"https:\/\/www.decolor.com\/nl\/wp-json\/wp\/v2\/media?parent=59435"}],"curies":[{"name":"wp","href":"https:\/\/api.w.org\/{rel}","templated":true}]}}