{"id":12823,"date":"2021-04-22T15:30:05","date_gmt":"2021-04-22T15:30:05","guid":{"rendered":"https:\/\/desarrollo5.capazita.com\/?page_id=12823"},"modified":"2021-09-03T06:19:30","modified_gmt":"2021-09-03T06:19:30","slug":"envios-devoluciones","status":"publish","type":"page","link":"https:\/\/www.decolor.com\/pl\/envios-devoluciones\/","title":{"rendered":"Dostawa i zwroty"},"content":{"rendered":"<div data-elementor-type=\"wp-page\" data-elementor-id=\"12823\" class=\"elementor elementor-12823\" data-elementor-post-type=\"page\">\n\t\t\t\t\t\t<section data-particle_enable=\"false\" data-particle-mobile-disabled=\"false\" class=\"elementor-section elementor-top-section elementor-element elementor-element-766232a elementor-section-boxed elementor-section-height-default elementor-section-height-default\" data-id=\"766232a\" data-element_type=\"section\">\n\t\t\t\t\t\t<div class=\"elementor-container elementor-column-gap-default\">\n\t\t\t\t\t<div class=\"elementor-column elementor-col-100 elementor-top-column elementor-element elementor-element-f4975f3\" data-id=\"f4975f3\" data-element_type=\"column\">\n\t\t\t<div class=\"elementor-widget-wrap elementor-element-populated\">\n\t\t\t\t\t\t<div class=\"elementor-element elementor-element-34c8839 elementor-widget elementor-widget-spacer\" data-id=\"34c8839\" data-element_type=\"widget\" data-widget_type=\"spacer.default\">\n\t\t\t\t<div class=\"elementor-widget-container\">\n\t\t\t\t\t<div class=\"elementor-spacer\">\n\t\t\t<div class=\"elementor-spacer-inner\"><\/div>\n\t\t<\/div>\n\t\t\t\t<\/div>\n\t\t\t\t<\/div>\n\t\t\t\t<div class=\"elementor-element elementor-element-4b54fe0 elementor-widget elementor-widget-heading\" data-id=\"4b54fe0\" data-element_type=\"widget\" data-widget_type=\"heading.default\">\n\t\t\t\t<div class=\"elementor-widget-container\">\n\t\t\t<h2 class=\"elementor-heading-title elementor-size-default\">Przesy\u0142ki<\/h2>\t\t<\/div>\n\t\t\t\t<\/div>\n\t\t\t\t<div class=\"elementor-element elementor-element-b446bbb elementor-widget elementor-widget-text-editor\" data-id=\"b446bbb\" data-element_type=\"widget\" data-widget_type=\"text-editor.default\">\n\t\t\t\t<div class=\"elementor-widget-container\">\n\t\t\t\t\t\t\t<p>Wysy\u0142ki na ca\u0142y P\u00f3\u0142wysep realizujemy za po\u015brednictwem agencji. Dostarczamy r\u00f3wnie\u017c na terenie Wsp\u00f3lnoty Madrytu i okolic w\u0142asnym transportem.<\/p>\n<p><strong>Ile kosztuje wysy\u0142ka?<\/strong><\/p>\n<p>Koszt wysy\u0142ki uzale\u017cniony jest od ka\u017cdego produktu (ze wzgl\u0119du na jego wag\u0119 i obj\u0119to\u015b\u0107). Aby obliczy\u0107 koszt wysy\u0142ki dodaj produkty do koszyka, a nast\u0119pnie podaj swoje wojew\u00f3dztwo.<\/p>\n<p><b>Ile<\/b><strong>&nbsp;czy przesy\u0142ka trwa?<\/strong><\/p>\n<p>Pilna wysy\u0142ka TIPSA w mniej ni\u017c 48 godzin.<\/p>\n<p>Towary wielkogabarytowe w ci\u0105gu 48 do 72 godzin.<\/p>\n<p><b style=\"color: var( --e-global-color-text );\">Gdzie<\/b><strong style=\"color: var( --e-global-color-text );\">&nbsp;czy zostawi\u0105 m\u00f3j towar, gdy zostanie dostarczony?<\/strong><\/p>\n<p>Ma\u0142e i \u0142atwe w zarz\u0105dzaniu paczki dostarczane przez transport ekspresowy TIPSA s\u0105 dostarczane do dowolnego zak\u0142adu lub pi\u0119tra w konwencjonalny spos\u00f3b.<\/p>\n<p>W przypadku zam\u00f3wie\u0144 towar\u00f3w na paletach lub bardzo du\u017cych rozmiar\u00f3w dostarczanych przez agencj\u0119, zawsze b\u0119d\u0105 one dostarczane na poziomie ulicy i nie b\u0119d\u0105 dost\u0119pne a\u017c do wn\u0119trza dom\u00f3w.<\/p>\t\t\t\t\t\t<\/div>\n\t\t\t\t<\/div>\n\t\t\t\t\t<\/div>\n\t\t<\/div>\n\t\t\t\t\t<\/div>\n\t\t<\/section>\n\t\t\t\t<section data-particle_enable=\"false\" data-particle-mobile-disabled=\"false\" class=\"elementor-section elementor-top-section elementor-element elementor-element-a453624 elementor-section-boxed elementor-section-height-default elementor-section-height-default\" data-id=\"a453624\" data-element_type=\"section\">\n\t\t\t\t\t\t<div class=\"elementor-container elementor-column-gap-default\">\n\t\t\t\t\t<div class=\"elementor-column elementor-col-100 elementor-top-column elementor-element elementor-element-d553c28\" data-id=\"d553c28\" data-element_type=\"column\">\n\t\t\t<div class=\"elementor-widget-wrap elementor-element-populated\">\n\t\t\t\t\t\t<div class=\"elementor-element elementor-element-41a9128 elementor-widget elementor-widget-spacer\" data-id=\"41a9128\" data-element_type=\"widget\" data-widget_type=\"spacer.default\">\n\t\t\t\t<div class=\"elementor-widget-container\">\n\t\t\t\t\t<div class=\"elementor-spacer\">\n\t\t\t<div class=\"elementor-spacer-inner\"><\/div>\n\t\t<\/div>\n\t\t\t\t<\/div>\n\t\t\t\t<\/div>\n\t\t\t\t<div class=\"elementor-element elementor-element-a5ead86 elementor-widget elementor-widget-heading\" data-id=\"a5ead86\" data-element_type=\"widget\" data-widget_type=\"heading.default\">\n\t\t\t\t<div class=\"elementor-widget-container\">\n\t\t\t<h2 class=\"elementor-heading-title elementor-size-default\">zwroty<\/h2>\t\t<\/div>\n\t\t\t\t<\/div>\n\t\t\t\t<div class=\"elementor-element elementor-element-25536f8 elementor-widget elementor-widget-text-editor\" data-id=\"25536f8\" data-element_type=\"widget\" data-widget_type=\"text-editor.default\">\n\t\t\t\t<div class=\"elementor-widget-container\">\n\t\t\t\t\t\t\t<strong>Czy mog\u0119 zwr\u00f3ci\u0107 zam\u00f3wienie?<\/strong>\n\nTak, o ile przedmiot nie by\u0142 obs\u0142ugiwany lub ci\u0119ty specjalnie do wysy\u0142ki (na przyk\u0142ad: p\u0142yty warstwowe, listwy, tektura ceramiczna, poliw\u0119glan...). Aby mo\u017cna by\u0142o zwr\u00f3ci\u0107 produkt, musi on by\u0107 w idealnym stanie wraz z opakowaniem.\n\n<strong style=\"color: var( --e-global-color-text );\">Ile dni mam na zwrot zam\u00f3wienia?<\/strong>\n\n14 dni od otrzymania zam\u00f3wienia.\n\n<strong style=\"color: var( --e-global-color-text );\">Jak zwracane s\u0105 pieni\u0105dze?<\/strong>\n\nPo otrzymaniu i zweryfikowaniu statusu produktu przyst\u0119pujemy do jego p\u0142atno\u015bci. P\u0142atno\u015b\u0107 jest dokonywana tym samym kana\u0142em, kt\u00f3rym zosta\u0142a dokonana p\u0142atno\u015b\u0107 (przelew, karta lub PayPal) i mo\u017ce potrwa\u0107 do 48 godzin, zanim pojawi si\u0119 na Twoim koncie, chocia\u017c zwykle jest to natychmiastowe.\t\t\t\t\t\t<\/div>\n\t\t\t\t<\/div>\n\t\t\t\t<div class=\"elementor-element elementor-element-b78ae6e elementor-widget elementor-widget-spacer\" data-id=\"b78ae6e\" data-element_type=\"widget\" data-widget_type=\"spacer.default\">\n\t\t\t\t<div class=\"elementor-widget-container\">\n\t\t\t\t\t<div class=\"elementor-spacer\">\n\t\t\t<div class=\"elementor-spacer-inner\"><\/div>\n\t\t<\/div>\n\t\t\t\t<\/div>\n\t\t\t\t<\/div>\n\t\t\t\t\t<\/div>\n\t\t<\/div>\n\t\t\t\t\t<\/div>\n\t\t<\/section>\n\t\t\t\t<\/div>","protected":false},"excerpt":{"rendered":"<p>Przesy\u0142ki Wysy\u0142amy na ca\u0142y P\u00f3\u0142wysep za po\u015brednictwem agencji. Dostarczamy r\u00f3wnie\u017c we Wsp\u00f3lnocie Madrytu i okolicach w\u0142asnym transportem. Ile kosztuje wysy\u0142ka? Koszt wysy\u0142ki jest zale\u017cny od ka\u017cdego produktu (wag\u0105 i obj\u0119to\u015bci\u0105). Aby obliczy\u0107 koszt wysy\u0142ki dodaj produkty do koszyka, a nast\u0119pnie wpisz sw\u00f3j\u2026 <a class=\"more-link\" href=\"https:\/\/www.decolor.com\/pl\/envios-devoluciones\/\">czytaj dalej <span class=\"screen-reader-text\">Dostawa i zwroty<\/span><\/a><\/p>","protected":false},"author":1,"featured_media":0,"parent":0,"menu_order":0,"comment_status":"closed","ping_status":"closed","template":"elementor_header_footer","meta":{"_acf_changed":false,"footnotes":""},"class_list":["post-12823","page","type-page","status-publish","hentry","entry"],"acf":[],"yoast_head":"<!-- This site is optimized with the Yoast SEO plugin v23.4 - https:\/\/yoast.com\/wordpress\/plugins\/seo\/ -->\n<title>Env\u00edos y devoluciones - Decolor<\/title>\n<meta name=\"robots\" content=\"index, follow, max-snippet:-1, max-image-preview:large, max-video-preview:-1\" \/>\n<link rel=\"canonical\" href=\"https:\/\/www.decolor.com\/pl\/envios-devoluciones\/\" \/>\n<meta property=\"og:locale\" content=\"pl_PL\" \/>\n<meta property=\"og:type\" content=\"article\" \/>\n<meta property=\"og:title\" content=\"Env\u00edos y devoluciones - Decolor\" \/>\n<meta property=\"og:description\" content=\"Env\u00edos Realizamos env\u00edos a toda la Pen\u00ednsula a trav\u00e9s de agencia. Tambi\u00e9n entregamos en la Comunidad de Madrid y proximidades mediante transporte propio. \u00bfCu\u00e1nto cuesta el env\u00edo? El coste del env\u00edo depende de cada producto, (por su peso y volumen). Para calcular el coste del env\u00edo, a\u00f1ade los productos al carrito y despu\u00e9s introduce tu&hellip; Czytaj dalej Env\u00edos y devoluciones\" \/>\n<meta property=\"og:url\" content=\"https:\/\/www.decolor.com\/pl\/envios-devoluciones\/\" \/>\n<meta property=\"og:site_name\" content=\"Decolor\" \/>\n<meta property=\"article:modified_time\" content=\"2021-09-03T06:19:30+00:00\" \/>\n<meta name=\"twitter:card\" content=\"summary_large_image\" \/>\n<meta name=\"twitter:label1\" content=\"Szacowany czas czytania\" \/>\n\t<meta name=\"twitter:data1\" content=\"2 minuty\" \/>\n<script type=\"application\/ld+json\" class=\"yoast-schema-graph\">{\"@context\":\"https:\/\/schema.org\",\"@graph\":[{\"@type\":\"WebPage\",\"@id\":\"https:\/\/www.decolor.com\/de\/envios-devoluciones\/\",\"url\":\"https:\/\/www.decolor.com\/de\/envios-devoluciones\/\",\"name\":\"Env\u00edos y devoluciones - Decolor\",\"isPartOf\":{\"@id\":\"https:\/\/www.decolor.com\/it\/#website\"},\"datePublished\":\"2021-04-22T15:30:05+00:00\",\"dateModified\":\"2021-09-03T06:19:30+00:00\",\"breadcrumb\":{\"@id\":\"https:\/\/www.decolor.com\/de\/envios-devoluciones\/#breadcrumb\"},\"inLanguage\":\"pl-PL\",\"potentialAction\":[{\"@type\":\"ReadAction\",\"target\":[\"https:\/\/www.decolor.com\/de\/envios-devoluciones\/\"]}]},{\"@type\":\"BreadcrumbList\",\"@id\":\"https:\/\/www.decolor.com\/de\/envios-devoluciones\/#breadcrumb\",\"itemListElement\":[{\"@type\":\"ListItem\",\"position\":1,\"name\":\"Home\",\"item\":\"https:\/\/www.decolor.com\/\"},{\"@type\":\"ListItem\",\"position\":2,\"name\":\"Env\u00edos y devoluciones\"}]},{\"@type\":\"WebSite\",\"@id\":\"https:\/\/www.decolor.com\/it\/#website\",\"url\":\"https:\/\/www.decolor.com\/it\/\",\"name\":\"Decolor\",\"description\":\"Web Decolor\",\"publisher\":{\"@id\":\"https:\/\/www.decolor.com\/it\/#organization\"},\"potentialAction\":[{\"@type\":\"SearchAction\",\"target\":{\"@type\":\"EntryPoint\",\"urlTemplate\":\"https:\/\/www.decolor.com\/it\/?s={search_term_string}\"},\"query-input\":{\"@type\":\"PropertyValueSpecification\",\"valueRequired\":true,\"valueName\":\"search_term_string\"}}],\"inLanguage\":\"pl-PL\"},{\"@type\":\"Organization\",\"@id\":\"https:\/\/www.decolor.com\/it\/#organization\",\"name\":\"Decolor\",\"url\":\"https:\/\/www.decolor.com\/it\/\",\"logo\":{\"@type\":\"ImageObject\",\"inLanguage\":\"pl-PL\",\"@id\":\"https:\/\/www.decolor.com\/it\/#\/schema\/logo\/image\/\",\"url\":\"https:\/\/www.decolor.com\/wp-content\/uploads\/2021\/02\/marca_principal_pinturas_decolor_color.png\",\"contentUrl\":\"https:\/\/www.decolor.com\/wp-content\/uploads\/2021\/02\/marca_principal_pinturas_decolor_color.png\",\"width\":1588,\"height\":421,\"caption\":\"Decolor\"},\"image\":{\"@id\":\"https:\/\/www.decolor.com\/it\/#\/schema\/logo\/image\/\"}}]}<\/script>\n<!-- \/ Yoast SEO plugin. -->","yoast_head_json":{"title":"Env\u00edos y devoluciones - Decolor","robots":{"index":"index","follow":"follow","max-snippet":"max-snippet:-1","max-image-preview":"max-image-preview:large","max-video-preview":"max-video-preview:-1"},"canonical":"https:\/\/www.decolor.com\/pl\/envios-devoluciones\/","og_locale":"pl_PL","og_type":"article","og_title":"Env\u00edos y devoluciones - Decolor","og_description":"Env\u00edos Realizamos env\u00edos a toda la Pen\u00ednsula a trav\u00e9s de agencia. Tambi\u00e9n entregamos en la Comunidad de Madrid y proximidades mediante transporte propio. \u00bfCu\u00e1nto cuesta el env\u00edo? El coste del env\u00edo depende de cada producto, (por su peso y volumen). Para calcular el coste del env\u00edo, a\u00f1ade los productos al carrito y despu\u00e9s introduce tu&hellip; Czytaj dalej Env\u00edos y devoluciones","og_url":"https:\/\/www.decolor.com\/pl\/envios-devoluciones\/","og_site_name":"Decolor","article_modified_time":"2021-09-03T06:19:30+00:00","twitter_card":"summary_large_image","twitter_misc":{"Szacowany czas czytania":"2 minuty"},"schema":{"@context":"https:\/\/schema.org","@graph":[{"@type":"WebPage","@id":"https:\/\/www.decolor.com\/de\/envios-devoluciones\/","url":"https:\/\/www.decolor.com\/de\/envios-devoluciones\/","name":"Env\u00edos y devoluciones - Decolor","isPartOf":{"@id":"https:\/\/www.decolor.com\/it\/#website"},"datePublished":"2021-04-22T15:30:05+00:00","dateModified":"2021-09-03T06:19:30+00:00","breadcrumb":{"@id":"https:\/\/www.decolor.com\/de\/envios-devoluciones\/#breadcrumb"},"inLanguage":"pl-PL","potentialAction":[{"@type":"ReadAction","target":["https:\/\/www.decolor.com\/de\/envios-devoluciones\/"]}]},{"@type":"BreadcrumbList","@id":"https:\/\/www.decolor.com\/de\/envios-devoluciones\/#breadcrumb","itemListElement":[{"@type":"ListItem","position":1,"name":"Home","item":"https:\/\/www.decolor.com\/"},{"@type":"ListItem","position":2,"name":"Env\u00edos y devoluciones"}]},{"@type":"WebSite","@id":"https:\/\/www.decolor.com\/it\/#website","url":"https:\/\/www.decolor.com\/it\/","name":"Kolor","description":"Odbarwianie sieci","publisher":{"@id":"https:\/\/www.decolor.com\/it\/#organization"},"potentialAction":[{"@type":"SearchAction","target":{"@type":"EntryPoint","urlTemplate":"https:\/\/www.decolor.com\/it\/?s={search_term_string}"},"query-input":{"@type":"PropertyValueSpecification","valueRequired":true,"valueName":"search_term_string"}}],"inLanguage":"pl-PL"},{"@type":"Organization","@id":"https:\/\/www.decolor.com\/it\/#organization","name":"Kolor","url":"https:\/\/www.decolor.com\/it\/","logo":{"@type":"ImageObject","inLanguage":"pl-PL","@id":"https:\/\/www.decolor.com\/it\/#\/schema\/logo\/image\/","url":"https:\/\/www.decolor.com\/wp-content\/uploads\/2021\/02\/marca_principal_pinturas_decolor_color.png","contentUrl":"https:\/\/www.decolor.com\/wp-content\/uploads\/2021\/02\/marca_principal_pinturas_decolor_color.png","width":1588,"height":421,"caption":"Decolor"},"image":{"@id":"https:\/\/www.decolor.com\/it\/#\/schema\/logo\/image\/"}}]}},"_links":{"self":[{"href":"https:\/\/www.decolor.com\/pl\/wp-json\/wp\/v2\/pages\/12823"}],"collection":[{"href":"https:\/\/www.decolor.com\/pl\/wp-json\/wp\/v2\/pages"}],"about":[{"href":"https:\/\/www.decolor.com\/pl\/wp-json\/wp\/v2\/types\/page"}],"author":[{"embeddable":true,"href":"https:\/\/www.decolor.com\/pl\/wp-json\/wp\/v2\/users\/1"}],"replies":[{"embeddable":true,"href":"https:\/\/www.decolor.com\/pl\/wp-json\/wp\/v2\/comments?post=12823"}],"version-history":[{"count":0,"href":"https:\/\/www.decolor.com\/pl\/wp-json\/wp\/v2\/pages\/12823\/revisions"}],"wp:attachment":[{"href":"https:\/\/www.decolor.com\/pl\/wp-json\/wp\/v2\/media?parent=12823"}],"curies":[{"name":"wp","href":"https:\/\/api.w.org\/{rel}","templated":true}]}}