{"id":59518,"date":"2021-05-05T16:11:39","date_gmt":"2021-05-05T16:11:39","guid":{"rendered":"https:\/\/desarrollo5.capazita.com\/?page_id=59518"},"modified":"2025-04-11T11:32:29","modified_gmt":"2025-04-11T11:32:29","slug":"manuales-tecnicos","status":"publish","type":"page","link":"https:\/\/www.decolor.com\/pl\/manuales-tecnicos\/","title":{"rendered":"Instrukcje techniczne"},"content":{"rendered":"<div data-elementor-type=\"wp-page\" data-elementor-id=\"59518\" class=\"elementor elementor-59518\" data-elementor-post-type=\"page\">\n\t\t\t\t\t\t<section data-particle_enable=\"false\" data-particle-mobile-disabled=\"false\" class=\"elementor-section elementor-top-section elementor-element elementor-element-d9016dc elementor-section-boxed elementor-section-height-default elementor-section-height-default\" data-id=\"d9016dc\" data-element_type=\"section\">\n\t\t\t\t\t\t<div class=\"elementor-container elementor-column-gap-default\">\n\t\t\t\t\t<div class=\"elementor-column elementor-col-100 elementor-top-column elementor-element elementor-element-11f9ad16\" data-id=\"11f9ad16\" data-element_type=\"column\">\n\t\t\t<div class=\"elementor-widget-wrap elementor-element-populated\">\n\t\t\t\t\t\t<div class=\"elementor-element elementor-element-9bdf727 elementor-widget elementor-widget-heading\" data-id=\"9bdf727\" data-element_type=\"widget\" data-widget_type=\"heading.default\">\n\t\t\t\t<div class=\"elementor-widget-container\">\n\t\t\t<h2 class=\"elementor-heading-title elementor-size-default\">Instrukcje <span style=\"color:#ffa600;\"><b>technik\u00f3w<\/b><\/span><\/h2>\t\t<\/div>\n\t\t\t\t<\/div>\n\t\t\t\t\t<\/div>\n\t\t<\/div>\n\t\t\t\t\t<\/div>\n\t\t<\/section>\n\t\t\t\t<section data-particle_enable=\"false\" data-particle-mobile-disabled=\"false\" class=\"elementor-section elementor-top-section elementor-element elementor-element-94e7adc elementor-section-boxed elementor-section-height-default elementor-section-height-default\" data-id=\"94e7adc\" data-element_type=\"section\">\n\t\t\t\t\t\t<div class=\"elementor-container elementor-column-gap-default\">\n\t\t\t\t\t<div class=\"elementor-column elementor-col-33 elementor-top-column elementor-element elementor-element-5983d9f\" data-id=\"5983d9f\" data-element_type=\"column\">\n\t\t\t<div class=\"elementor-widget-wrap elementor-element-populated\">\n\t\t\t\t\t\t<div class=\"elementor-element elementor-element-3a15c4c elementor-mobile-align-center elementor-widget elementor-widget-button\" data-id=\"3a15c4c\" data-element_type=\"widget\" data-widget_type=\"button.default\">\n\t\t\t\t<div class=\"elementor-widget-container\">\n\t\t\t\t\t<div class=\"elementor-button-wrapper\">\n\t\t\t<a class=\"elementor-button elementor-button-link elementor-size-sm\" href=\"\/pl\/area-privada\/\">\n\t\t\t\t\t\t<span class=\"elementor-button-content-wrapper\">\n\t\t\t\t\t\t\t\t\t<span class=\"elementor-button-text\">Teren prywatny<\/span>\n\t\t\t\t\t<\/span>\n\t\t\t\t\t<\/a>\n\t\t<\/div>\n\t\t\t\t<\/div>\n\t\t\t\t<\/div>\n\t\t\t\t\t<\/div>\n\t\t<\/div>\n\t\t\t\t<div class=\"elementor-column elementor-col-33 elementor-top-column elementor-element elementor-element-29e19a5\" data-id=\"29e19a5\" data-element_type=\"column\">\n\t\t\t<div class=\"elementor-widget-wrap elementor-element-populated\">\n\t\t\t\t\t\t<div class=\"elementor-element elementor-element-fbc9422 elementor-mobile-align-center elementor-widget elementor-widget-button\" data-id=\"fbc9422\" data-element_type=\"widget\" data-widget_type=\"button.default\">\n\t\t\t\t<div class=\"elementor-widget-container\">\n\t\t\t\t\t<div class=\"elementor-button-wrapper\">\n\t\t\t<a class=\"elementor-button elementor-button-link elementor-size-sm\" href=\"\/pl\/sistema-tintometrico-2\/\">\n\t\t\t\t\t\t<span class=\"elementor-button-content-wrapper\">\n\t\t\t\t\t\t\t\t\t<span class=\"elementor-button-text\">System tintometryczny<\/span>\n\t\t\t\t\t<\/span>\n\t\t\t\t\t<\/a>\n\t\t<\/div>\n\t\t\t\t<\/div>\n\t\t\t\t<\/div>\n\t\t\t\t\t<\/div>\n\t\t<\/div>\n\t\t\t\t<div class=\"elementor-column elementor-col-33 elementor-top-column elementor-element elementor-element-8aaef5b\" data-id=\"8aaef5b\" data-element_type=\"column\">\n\t\t\t<div class=\"elementor-widget-wrap elementor-element-populated\">\n\t\t\t\t\t\t<div class=\"elementor-element elementor-element-c3e8144 elementor-mobile-align-center elementor-widget elementor-widget-button\" data-id=\"c3e8144\" data-element_type=\"widget\" data-widget_type=\"button.default\">\n\t\t\t\t<div class=\"elementor-widget-container\">\n\t\t\t\t\t<div class=\"elementor-button-wrapper\">\n\t\t\t<a class=\"elementor-button elementor-button-link elementor-size-sm\" href=\"\/pl\/certificados-productos\/\">\n\t\t\t\t\t\t<span class=\"elementor-button-content-wrapper\">\n\t\t\t\t\t\t\t\t\t<span class=\"elementor-button-text\">Certyfikaty Produkty<\/span>\n\t\t\t\t\t<\/span>\n\t\t\t\t\t<\/a>\n\t\t<\/div>\n\t\t\t\t<\/div>\n\t\t\t\t<\/div>\n\t\t\t\t\t<\/div>\n\t\t<\/div>\n\t\t\t\t\t<\/div>\n\t\t<\/section>\n\t\t\t\t<section data-particle_enable=\"false\" data-particle-mobile-disabled=\"false\" class=\"elementor-section elementor-top-section elementor-element elementor-element-b13ecfe elementor-section-full_width elementor-section-height-default elementor-section-height-default\" data-id=\"b13ecfe\" data-element_type=\"section\">\n\t\t\t\t\t\t<div class=\"elementor-container elementor-column-gap-default\">\n\t\t\t\t\t<div class=\"elementor-column elementor-col-100 elementor-top-column elementor-element elementor-element-7e53c2c\" data-id=\"7e53c2c\" data-element_type=\"column\">\n\t\t\t<div class=\"elementor-widget-wrap elementor-element-populated\">\n\t\t\t\t\t\t\t<\/div>\n\t\t<\/div>\n\t\t\t\t\t<\/div>\n\t\t<\/section>\n\t\t\t\t<section data-particle_enable=\"false\" data-particle-mobile-disabled=\"false\" class=\"elementor-section elementor-top-section elementor-element elementor-element-7c39ec0 elementor-section-boxed elementor-section-height-default elementor-section-height-default\" data-id=\"7c39ec0\" data-element_type=\"section\">\n\t\t\t\t\t\t<div class=\"elementor-container elementor-column-gap-default\">\n\t\t\t\t\t<div class=\"elementor-column elementor-col-100 elementor-top-column elementor-element elementor-element-6914cfd\" data-id=\"6914cfd\" data-element_type=\"column\">\n\t\t\t<div class=\"elementor-widget-wrap elementor-element-populated\">\n\t\t\t\t\t\t<div class=\"elementor-element elementor-element-f563c1c elementor-widget elementor-widget-spacer\" data-id=\"f563c1c\" data-element_type=\"widget\" data-widget_type=\"spacer.default\">\n\t\t\t\t<div class=\"elementor-widget-container\">\n\t\t\t\t\t<div class=\"elementor-spacer\">\n\t\t\t<div class=\"elementor-spacer-inner\"><\/div>\n\t\t<\/div>\n\t\t\t\t<\/div>\n\t\t\t\t<\/div>\n\t\t\t\t\t<\/div>\n\t\t<\/div>\n\t\t\t\t\t<\/div>\n\t\t<\/section>\n\t\t\t\t<\/div>","protected":false},"excerpt":{"rendered":"<p>Instrukcje techniczne System barwienia powierzchni prywatnych Certyfikaty Produkty Instrukcje techniczne Instrukcje techniczne M-001 HYDROIZOLACJE \u2013 INSTRUKCJA STOSOWANIA Niniejsza instrukcja dotycz\u0105ca stosowania elastycznej hydroizolacji stanowi przewodnik szkoleniowy dla profesjonalist\u00f3w zajmuj\u0105cych si\u0119 hydroizolacj\u0105, dotycz\u0105cy stosowania naszej gamy produkt\u00f3w hydroizolacyjnych. B\u0119dzie ona bardzo przydatna do wcze\u015bniejszego podejmowania decyzji\u2026 <a class=\"more-link\" href=\"https:\/\/www.decolor.com\/pl\/manuales-tecnicos\/\">czytaj dalej <span class=\"screen-reader-text\">Instrukcje techniczne<\/span><\/a><\/p>","protected":false},"author":1,"featured_media":0,"parent":0,"menu_order":0,"comment_status":"closed","ping_status":"closed","template":"elementor_header_footer","meta":{"_acf_changed":false,"footnotes":""},"class_list":["post-59518","page","type-page","status-publish","hentry","entry"],"acf":[],"yoast_head":"<!-- This site is optimized with the Yoast SEO plugin v23.4 - https:\/\/yoast.com\/wordpress\/plugins\/seo\/ -->\n<title>Manuales T\u00e9cnicos - Decolor<\/title>\n<meta name=\"robots\" content=\"index, follow, max-snippet:-1, max-image-preview:large, max-video-preview:-1\" \/>\n<link rel=\"canonical\" href=\"https:\/\/www.decolor.com\/pl\/manuales-tecnicos\/\" \/>\n<meta property=\"og:locale\" content=\"pl_PL\" \/>\n<meta property=\"og:type\" content=\"article\" \/>\n<meta property=\"og:title\" content=\"Manuales T\u00e9cnicos - Decolor\" \/>\n<meta property=\"og:description\" content=\"Manuales t\u00e9cnicos \u00c1rea Privada Sistema Tintom\u00e9trico Certificados Productos Manuales T\u00e9cnicos Manuales T\u00e9cnicos M-001 IMPERMEABILIZANTE &#8211; MANUAL DE APLICACION \u00a0Este manual para la aplicaci\u00f3n de impermeabilizantes el\u00e1sticos constituye una gu\u00eda did\u00e1ctica para el profesional de la impermeabilizaci\u00f3n sobre la utilizaci\u00f3n de nuestra gama de productos para la impermeabilizaci\u00f3n, que ser\u00e1 de gran utilidad para resolver anticipadamente&hellip; Czytaj dalej Manuales T\u00e9cnicos\" \/>\n<meta property=\"og:url\" content=\"https:\/\/www.decolor.com\/pl\/manuales-tecnicos\/\" \/>\n<meta property=\"og:site_name\" content=\"Decolor\" \/>\n<meta property=\"article:modified_time\" content=\"2025-04-11T11:32:29+00:00\" \/>\n<meta name=\"twitter:card\" content=\"summary_large_image\" \/>\n<meta name=\"twitter:label1\" content=\"Szacowany czas czytania\" \/>\n\t<meta name=\"twitter:data1\" content=\"2 minuty\" \/>\n<script type=\"application\/ld+json\" class=\"yoast-schema-graph\">{\"@context\":\"https:\/\/schema.org\",\"@graph\":[{\"@type\":\"WebPage\",\"@id\":\"https:\/\/www.decolor.com\/it\/manuales-tecnicos\/\",\"url\":\"https:\/\/www.decolor.com\/it\/manuales-tecnicos\/\",\"name\":\"Manuales T\u00e9cnicos - Decolor\",\"isPartOf\":{\"@id\":\"https:\/\/www.decolor.com\/it\/#website\"},\"datePublished\":\"2021-05-05T16:11:39+00:00\",\"dateModified\":\"2025-04-11T11:32:29+00:00\",\"breadcrumb\":{\"@id\":\"https:\/\/www.decolor.com\/it\/manuales-tecnicos\/#breadcrumb\"},\"inLanguage\":\"pl-PL\",\"potentialAction\":[{\"@type\":\"ReadAction\",\"target\":[\"https:\/\/www.decolor.com\/it\/manuales-tecnicos\/\"]}]},{\"@type\":\"BreadcrumbList\",\"@id\":\"https:\/\/www.decolor.com\/it\/manuales-tecnicos\/#breadcrumb\",\"itemListElement\":[{\"@type\":\"ListItem\",\"position\":1,\"name\":\"Home\",\"item\":\"https:\/\/www.decolor.com\/\"},{\"@type\":\"ListItem\",\"position\":2,\"name\":\"Manuales T\u00e9cnicos\"}]},{\"@type\":\"WebSite\",\"@id\":\"https:\/\/www.decolor.com\/it\/#website\",\"url\":\"https:\/\/www.decolor.com\/it\/\",\"name\":\"Decolor\",\"description\":\"Web Decolor\",\"publisher\":{\"@id\":\"https:\/\/www.decolor.com\/it\/#organization\"},\"potentialAction\":[{\"@type\":\"SearchAction\",\"target\":{\"@type\":\"EntryPoint\",\"urlTemplate\":\"https:\/\/www.decolor.com\/it\/?s={search_term_string}\"},\"query-input\":{\"@type\":\"PropertyValueSpecification\",\"valueRequired\":true,\"valueName\":\"search_term_string\"}}],\"inLanguage\":\"pl-PL\"},{\"@type\":\"Organization\",\"@id\":\"https:\/\/www.decolor.com\/it\/#organization\",\"name\":\"Decolor\",\"url\":\"https:\/\/www.decolor.com\/it\/\",\"logo\":{\"@type\":\"ImageObject\",\"inLanguage\":\"pl-PL\",\"@id\":\"https:\/\/www.decolor.com\/it\/#\/schema\/logo\/image\/\",\"url\":\"https:\/\/www.decolor.com\/wp-content\/uploads\/2021\/02\/marca_principal_pinturas_decolor_color.png\",\"contentUrl\":\"https:\/\/www.decolor.com\/wp-content\/uploads\/2021\/02\/marca_principal_pinturas_decolor_color.png\",\"width\":1588,\"height\":421,\"caption\":\"Decolor\"},\"image\":{\"@id\":\"https:\/\/www.decolor.com\/it\/#\/schema\/logo\/image\/\"}}]}<\/script>\n<!-- \/ Yoast SEO plugin. -->","yoast_head_json":{"title":"Manuales T\u00e9cnicos - Decolor","robots":{"index":"index","follow":"follow","max-snippet":"max-snippet:-1","max-image-preview":"max-image-preview:large","max-video-preview":"max-video-preview:-1"},"canonical":"https:\/\/www.decolor.com\/pl\/manuales-tecnicos\/","og_locale":"pl_PL","og_type":"article","og_title":"Manuales T\u00e9cnicos - Decolor","og_description":"Manuales t\u00e9cnicos \u00c1rea Privada Sistema Tintom\u00e9trico Certificados Productos Manuales T\u00e9cnicos Manuales T\u00e9cnicos M-001 IMPERMEABILIZANTE &#8211; MANUAL DE APLICACION \u00a0Este manual para la aplicaci\u00f3n de impermeabilizantes el\u00e1sticos constituye una gu\u00eda did\u00e1ctica para el profesional de la impermeabilizaci\u00f3n sobre la utilizaci\u00f3n de nuestra gama de productos para la impermeabilizaci\u00f3n, que ser\u00e1 de gran utilidad para resolver anticipadamente&hellip; Czytaj dalej Manuales T\u00e9cnicos","og_url":"https:\/\/www.decolor.com\/pl\/manuales-tecnicos\/","og_site_name":"Decolor","article_modified_time":"2025-04-11T11:32:29+00:00","twitter_card":"summary_large_image","twitter_misc":{"Szacowany czas czytania":"2 minuty"},"schema":{"@context":"https:\/\/schema.org","@graph":[{"@type":"WebPage","@id":"https:\/\/www.decolor.com\/it\/manuales-tecnicos\/","url":"https:\/\/www.decolor.com\/it\/manuales-tecnicos\/","name":"Manuales T\u00e9cnicos - Decolor","isPartOf":{"@id":"https:\/\/www.decolor.com\/it\/#website"},"datePublished":"2021-05-05T16:11:39+00:00","dateModified":"2025-04-11T11:32:29+00:00","breadcrumb":{"@id":"https:\/\/www.decolor.com\/it\/manuales-tecnicos\/#breadcrumb"},"inLanguage":"pl-PL","potentialAction":[{"@type":"ReadAction","target":["https:\/\/www.decolor.com\/it\/manuales-tecnicos\/"]}]},{"@type":"BreadcrumbList","@id":"https:\/\/www.decolor.com\/it\/manuales-tecnicos\/#breadcrumb","itemListElement":[{"@type":"ListItem","position":1,"name":"Home","item":"https:\/\/www.decolor.com\/"},{"@type":"ListItem","position":2,"name":"Manuales T\u00e9cnicos"}]},{"@type":"WebSite","@id":"https:\/\/www.decolor.com\/it\/#website","url":"https:\/\/www.decolor.com\/it\/","name":"Kolor","description":"Odbarwianie sieci","publisher":{"@id":"https:\/\/www.decolor.com\/it\/#organization"},"potentialAction":[{"@type":"SearchAction","target":{"@type":"EntryPoint","urlTemplate":"https:\/\/www.decolor.com\/it\/?s={search_term_string}"},"query-input":{"@type":"PropertyValueSpecification","valueRequired":true,"valueName":"search_term_string"}}],"inLanguage":"pl-PL"},{"@type":"Organization","@id":"https:\/\/www.decolor.com\/it\/#organization","name":"Kolor","url":"https:\/\/www.decolor.com\/it\/","logo":{"@type":"ImageObject","inLanguage":"pl-PL","@id":"https:\/\/www.decolor.com\/it\/#\/schema\/logo\/image\/","url":"https:\/\/www.decolor.com\/wp-content\/uploads\/2021\/02\/marca_principal_pinturas_decolor_color.png","contentUrl":"https:\/\/www.decolor.com\/wp-content\/uploads\/2021\/02\/marca_principal_pinturas_decolor_color.png","width":1588,"height":421,"caption":"Decolor"},"image":{"@id":"https:\/\/www.decolor.com\/it\/#\/schema\/logo\/image\/"}}]}},"_links":{"self":[{"href":"https:\/\/www.decolor.com\/pl\/wp-json\/wp\/v2\/pages\/59518"}],"collection":[{"href":"https:\/\/www.decolor.com\/pl\/wp-json\/wp\/v2\/pages"}],"about":[{"href":"https:\/\/www.decolor.com\/pl\/wp-json\/wp\/v2\/types\/page"}],"author":[{"embeddable":true,"href":"https:\/\/www.decolor.com\/pl\/wp-json\/wp\/v2\/users\/1"}],"replies":[{"embeddable":true,"href":"https:\/\/www.decolor.com\/pl\/wp-json\/wp\/v2\/comments?post=59518"}],"version-history":[{"count":3,"href":"https:\/\/www.decolor.com\/pl\/wp-json\/wp\/v2\/pages\/59518\/revisions"}],"predecessor-version":[{"id":150478,"href":"https:\/\/www.decolor.com\/pl\/wp-json\/wp\/v2\/pages\/59518\/revisions\/150478"}],"wp:attachment":[{"href":"https:\/\/www.decolor.com\/pl\/wp-json\/wp\/v2\/media?parent=59518"}],"curies":[{"name":"wp","href":"https:\/\/api.w.org\/{rel}","templated":true}]}}