{"id":4771,"date":"2021-03-19T12:34:44","date_gmt":"2021-03-19T12:34:44","guid":{"rendered":"https:\/\/desarrollo5.capazita.com\/?page_id=4771"},"modified":"2024-10-30T10:43:35","modified_gmt":"2024-10-30T10:43:35","slug":"politica-cookies","status":"publish","type":"page","link":"https:\/\/www.decolor.com\/pt\/politica-cookies\/","title":{"rendered":"Pol\u00edtica de cookies"},"content":{"rendered":"<div data-elementor-type=\"wp-page\" data-elementor-id=\"4771\" class=\"elementor elementor-4771\" data-elementor-post-type=\"page\">\n\t\t\t\t\t\t<section data-particle_enable=\"false\" data-particle-mobile-disabled=\"false\" class=\"elementor-section elementor-top-section elementor-element elementor-element-525ac15 elementor-section-boxed elementor-section-height-default elementor-section-height-default\" data-id=\"525ac15\" data-element_type=\"section\">\n\t\t\t\t\t\t\t<div class=\"elementor-background-overlay\"><\/div>\n\t\t\t\t\t\t\t<div class=\"elementor-container elementor-column-gap-default\">\n\t\t\t\t\t<div class=\"elementor-column elementor-col-100 elementor-top-column elementor-element elementor-element-6d7f690\" data-id=\"6d7f690\" data-element_type=\"column\">\n\t\t\t<div class=\"elementor-widget-wrap elementor-element-populated\">\n\t\t\t\t\t\t<div class=\"elementor-element elementor-element-9d723b4 elementor-widget elementor-widget-heading\" data-id=\"9d723b4\" data-element_type=\"widget\" data-widget_type=\"heading.default\">\n\t\t\t\t<div class=\"elementor-widget-container\">\n\t\t\t<h2 class=\"elementor-heading-title elementor-size-default\">POL\u00cdTICA DE COOKIES<\/h2>\t\t<\/div>\n\t\t\t\t<\/div>\n\t\t\t\t\t<\/div>\n\t\t<\/div>\n\t\t\t\t\t<\/div>\n\t\t<\/section>\n\t\t\t\t<section data-particle_enable=\"false\" data-particle-mobile-disabled=\"false\" class=\"elementor-section elementor-top-section elementor-element elementor-element-ef710dc txt-content elementor-section-boxed elementor-section-height-default elementor-section-height-default\" data-id=\"ef710dc\" data-element_type=\"section\">\n\t\t\t\t\t\t<div class=\"elementor-container elementor-column-gap-default\">\n\t\t\t\t\t<div class=\"elementor-column elementor-col-100 elementor-top-column elementor-element elementor-element-e0e3317\" data-id=\"e0e3317\" data-element_type=\"column\">\n\t\t\t<div class=\"elementor-widget-wrap elementor-element-populated\">\n\t\t\t\t\t\t<div class=\"elementor-element elementor-element-06ace34 elementor-widget elementor-widget-text-editor\" data-id=\"06ace34\" data-element_type=\"widget\" data-widget_type=\"text-editor.default\">\n\t\t\t\t<div class=\"elementor-widget-container\">\n\t\t\t\t\t\t\t<p>Bem vindo \u00e0 <strong>POL\u00cdTICA DE COOKIES<\/strong> a partir do site da entidade PINTURAS DECOLOR, SL, munido do NIF B02021459, onde lhe explicaremos em linguagem clara e simples todas as quest\u00f5es necess\u00e1rias para que possa ter controlo sobre as mesmas com base nas suas decis\u00f5es pessoais.<\/p>\t\t\t\t\t\t<\/div>\n\t\t\t\t<\/div>\n\t\t\t\t<div class=\"elementor-element elementor-element-98e0a38 elementor-widget elementor-widget-accordion\" data-id=\"98e0a38\" data-element_type=\"widget\" data-widget_type=\"accordion.default\">\n\t\t\t\t<div class=\"elementor-widget-container\">\n\t\t\t\t\t<div class=\"elementor-accordion\">\n\t\t\t\t\t\t\t<div class=\"elementor-accordion-item\">\n\t\t\t\t\t<div id=\"elementor-tab-title-1601\" class=\"elementor-tab-title\" data-tab=\"1\" role=\"button\" aria-controls=\"elementor-tab-content-1601\" aria-expanded=\"false\">\n\t\t\t\t\t\t\t\t\t\t\t\t\t<span class=\"elementor-accordion-icon elementor-accordion-icon-left\" aria-hidden=\"true\">\n\t\t\t\t\t\t\t\t\t\t\t\t\t\t\t<span class=\"elementor-accordion-icon-closed\"><i class=\"fas fa-plus\"><\/i><\/span>\n\t\t\t\t\t\t\t\t<span class=\"elementor-accordion-icon-opened\"><i class=\"fas fa-minus\"><\/i><\/span>\n\t\t\t\t\t\t\t\t\t\t\t\t\t\t<\/span>\n\t\t\t\t\t\t\t\t\t\t\t\t<a class=\"elementor-accordion-title\" tabindex=\"0\">1. O QUE S\u00c3O COOKIES E PARA QUE OS USAMOS?<\/a>\n\t\t\t\t\t<\/div>\n\t\t\t\t\t<div id=\"elementor-tab-content-1601\" class=\"elementor-tab-content elementor-clearfix\" data-tab=\"1\" role=\"region\" aria-labelledby=\"elementor-tab-title-1601\"><p>Um cookie ou cookie de computador \u00e9 um pequeno arquivo de informa\u00e7\u00e3o que \u00e9 guardado no seu computador, smartphone ou tablet sempre que visita o nosso site.<\/p><p>Em princ\u00edpio, um cookie \u00e9 inofensivo: n\u00e3o cont\u00e9m v\u00edrus, trojans, worms, etc. isso pode danificar o seu terminal, mas tem um certo impacto no seu direito \u00e0 prote\u00e7\u00e3o dos seus dados pessoais, uma vez que recolhe determinadas informa\u00e7\u00f5es que lhe dizem respeito (h\u00e1bitos de navega\u00e7\u00e3o, identidade, prefer\u00eancias, etc.).<\/p><p>\u00c9 por isso que, com base no estabelecido nos regulamentos aplic\u00e1veis (LSSI e regulamentos atuais de prote\u00e7\u00e3o de dados pessoais), a ativa\u00e7\u00e3o de determinados tipos de cookies exigir\u00e1 a sua autoriza\u00e7\u00e3o pr\u00e9via.<\/p><p>Antes de fazer isso, forneceremos algumas informa\u00e7\u00f5es adicionais que o ajudar\u00e3o a tomar melhores decis\u00f5es a esse respeito:<\/p><ol><li>Os cookies podem ser de v\u00e1rios tipos dependendo da sua finalidade:<br \/>\u2013 Os cookies t\u00e9cnicos s\u00e3o necess\u00e1rios para o funcionamento do nosso site, n\u00e3o necessitam da sua autoriza\u00e7\u00e3o e s\u00e3o os \u00fanicos que ativamos por defeito.<br \/>\u2013 Os restantes cookies s\u00e3o utilizados para melhorar a nossa p\u00e1gina, para personaliz\u00e1-la com base nas suas prefer\u00eancias ou para poder mostrar-lhe publicidade adaptada \u00e0s suas pesquisas, gostos e interesses pessoais. Voc\u00ea pode aceitar todos esses cookies clicando no bot\u00e3o <strong>ACEITAR<\/strong>, rejeite-os pressionando o bot\u00e3o <strong>DECL\u00cdNIO<\/strong> ou configure-os clicando na se\u00e7\u00e3o <strong>CONFIGURA\u00c7\u00d5ES DE COOKIES<\/strong>.<\/li><li>Alguns cookies s\u00e3o nossos (vamos cham\u00e1-los <strong>pr\u00f3prios biscoitos<\/strong>) e outros pertencem a empresas externas que prestam servi\u00e7os para o nosso site (vamos cham\u00e1-los <strong>cookies de terceiros<\/strong>: um exemplo poderia ser cookies de fornecedores externos como o Google). Neste sentido, \u00e9 importante que saiba que alguns destes fornecedores externos podem estar localizados fora de Espanha.<br \/><br \/>Globalmente, nem todos os pa\u00edses t\u00eam o mesmo n\u00edvel de prote\u00e7\u00e3o de dados, sendo alguns pa\u00edses mais seguros do que outros (por exemplo, a Uni\u00e3o Europeia \u00e9 um ambiente seguro para os seus dados). A nossa pol\u00edtica \u00e9 utilizar fornecedores confi\u00e1veis que, independentemente de estarem ou n\u00e3o localizados na Uni\u00e3o Europeia, adotaram salvaguardas adequadas para a prote\u00e7\u00e3o das suas informa\u00e7\u00f5es pessoais. No entanto, na se\u00e7\u00e3o chamada <strong>QUE TIPO DE COOKIES S\u00c3O UTILIZADOS ATUALMENTE NO NOSSO SITE?<\/strong>, voc\u00ea pode consultar as diferentes pol\u00edticas de privacidade e prote\u00e7\u00e3o de dados de cada um dos provedores externos mencionados, a fim de tomar uma decis\u00e3o consciente sobre ativar ou n\u00e3o o <strong>cookies de terceiros<\/strong> quem usa nosso site. <\/li><li>\u00a0Por \u00faltimo, informamos que, dependendo do per\u00edodo de tempo em que permanecem ativos, os cookies podem ser de dois tipos:<br \/>\u2013 <strong>Cookies de sess\u00e3o<\/strong>: expiram automaticamente quando voc\u00ea encerra a sess\u00e3o no computador, smartphone ou tablet. Eles geralmente s\u00e3o usados para reter as informa\u00e7\u00f5es necess\u00e1rias ao fornecer um servi\u00e7o a voc\u00ea em uma \u00fanica ocasi\u00e3o.<br \/>\u2013 <strong>Cookies persistentes<\/strong>: permanecem armazenados no seu computador, smartphone ou tablet por um determinado per\u00edodo, que pode variar de alguns minutos a v\u00e1rios anos.<\/li><\/ol><\/div>\n\t\t\t\t<\/div>\n\t\t\t\t\t\t\t<div class=\"elementor-accordion-item\">\n\t\t\t\t\t<div id=\"elementor-tab-title-1602\" class=\"elementor-tab-title\" data-tab=\"2\" role=\"button\" aria-controls=\"elementor-tab-content-1602\" aria-expanded=\"false\">\n\t\t\t\t\t\t\t\t\t\t\t\t\t<span class=\"elementor-accordion-icon elementor-accordion-icon-left\" aria-hidden=\"true\">\n\t\t\t\t\t\t\t\t\t\t\t\t\t\t\t<span class=\"elementor-accordion-icon-closed\"><i class=\"fas fa-plus\"><\/i><\/span>\n\t\t\t\t\t\t\t\t<span class=\"elementor-accordion-icon-opened\"><i class=\"fas fa-minus\"><\/i><\/span>\n\t\t\t\t\t\t\t\t\t\t\t\t\t\t<\/span>\n\t\t\t\t\t\t\t\t\t\t\t\t<a class=\"elementor-accordion-title\" tabindex=\"0\">2. QUE TIPO DE COOKIES PODEMOS USAR NO NOSSO SITE?<\/a>\n\t\t\t\t\t<\/div>\n\t\t\t\t\t<div id=\"elementor-tab-content-1602\" class=\"elementor-tab-content elementor-clearfix\" data-tab=\"2\" role=\"region\" aria-labelledby=\"elementor-tab-title-1602\"><p><strong>Cookies T\u00e9cnicos:<\/strong><br \/>Os cookies t\u00e9cnicos s\u00e3o estritamente necess\u00e1rios para o funcionamento do nosso site e para a sua navega\u00e7\u00e3o. Estes tipos de cookies s\u00e3o aqueles que, por exemplo, nos permitem identific\u00e1-lo, dar-lhe acesso a determinadas partes restritas da p\u00e1gina se necess\u00e1rio, ou lembrar diferentes op\u00e7\u00f5es ou servi\u00e7os j\u00e1 selecionados por voc\u00ea, como as suas prefer\u00eancias de privacidade. Portanto, eles est\u00e3o ativados por padr\u00e3o, n\u00e3o sendo necess\u00e1ria sua autoriza\u00e7\u00e3o para isso.<br \/>Atrav\u00e9s das configura\u00e7\u00f5es do seu navegador, voc\u00ea pode bloquear ou alertar sobre a presen\u00e7a deste tipo de cookies, embora esse bloqueio afete o correto funcionamento das diferentes funcionalidades do nosso site.<\/p><p><strong>Cookies de an\u00e1lise:<\/strong><br \/>Os cookies de an\u00e1lise permitem-nos estudar a navega\u00e7\u00e3o do utilizador no nosso site em geral (por exemplo, que sec\u00e7\u00f5es da p\u00e1gina s\u00e3o mais visitadas, que servi\u00e7os s\u00e3o mais utilizados e se funcionam corretamente, etc.).<\/p><p>Utilizando informa\u00e7\u00e3o estat\u00edstica sobre a navega\u00e7\u00e3o no nosso site, podemos melhorar tanto o funcionamento do site como os diferentes servi\u00e7os que oferece. Portanto, estes cookies n\u00e3o t\u00eam fins publicit\u00e1rios, servindo apenas para fazer com que o nosso site funcione melhor, adaptando-se aos nossos utilizadores em geral.<\/p><p>Ao ativ\u00e1-los voc\u00ea contribuir\u00e1 para essa melhoria cont\u00ednua.<br \/>Voc\u00ea pode ativar ou desativar estes cookies marcando a caixa correspondente, sendo desativados por padr\u00e3o.<\/p><p><strong>Cookies de funcionalidade e personaliza\u00e7\u00e3o:<\/strong><br \/>Os cookies de funcionalidade permitem-nos lembrar as suas prefer\u00eancias, personalizar certas caracter\u00edsticas e op\u00e7\u00f5es gerais do nosso website de acordo com as suas necessidades, cada vez que o acede (por exemplo, o idioma em que a informa\u00e7\u00e3o lhe \u00e9 apresentada, as sec\u00e7\u00f5es marcadas como favoritas, o seu tipo de navegador, etc.).<\/p><p>Portanto, estes tipos de cookies n\u00e3o t\u00eam finalidade publicit\u00e1ria, mas ao ativ\u00e1-los melhorar\u00e1 a funcionalidade do site (por exemplo, adaptando-o ao seu tipo de navegador) e personalizando-o com base nas suas prefer\u00eancias (por exemplo, apresentando a informa\u00e7\u00e3o no idioma que voc\u00ea escolheu em ocasi\u00f5es anteriores), o que contribuir\u00e1 para a facilidade, usabilidade e conforto da nossa p\u00e1gina durante a sua navega\u00e7\u00e3o.<\/p><p>Voc\u00ea pode ativar ou desativar estes cookies marcando a caixa correspondente, sendo desativados por padr\u00e3o.<\/p><p><strong>Cookies publicit\u00e1rios:<\/strong><br \/>Os cookies publicit\u00e1rios permitem-nos gerir os espa\u00e7os publicit\u00e1rios inclu\u00eddos no nosso site com base em crit\u00e9rios como o conte\u00fado exibido ou a frequ\u00eancia com que os an\u00fancios s\u00e3o exibidos.<\/p><p>Por exemplo, se o mesmo an\u00fancio lhe foi mostrado v\u00e1rias vezes no nosso site e n\u00e3o demonstrou interesse pessoal ao clicar nele, ele n\u00e3o aparecer\u00e1 novamente. Em resumo, ao ativar este tipo de cookies, a publicidade exibida no nosso site ser\u00e1 mais \u00fatil e diversificada, e menos repetitiva. <br \/>Voc\u00ea pode ativar ou desativar estes cookies marcando a caixa correspondente, sendo desativados por padr\u00e3o.<\/p><p><strong>Cookies de publicidade comportamental:<\/strong><br \/>Os cookies de publicidade comportamental permitem-nos obter informa\u00e7\u00e3o com base na observa\u00e7\u00e3o dos seus h\u00e1bitos e comportamentos de navega\u00e7\u00e3o na web, para podermos mostrar-lhe conte\u00fados publicit\u00e1rios que melhor se adaptem aos seus gostos e interesses pessoais.<\/p><p>Para que voc\u00ea entenda de uma forma muito simples, daremos um exemplo fict\u00edcio: se suas \u00faltimas pesquisas na web fossem relacionadas \u00e0 literatura de suspense, mostrar\u00edamos publicidade de livros de suspense.<\/p><p>Portanto, ao ativar este tipo de cookies, a publicidade que lhe mostramos no nosso site n\u00e3o ser\u00e1 gen\u00e9rica, mas estar\u00e1 orientada para as suas pesquisas, gostos e interesses, ajustando-se portanto exclusivamente a si.<\/p><p>Voc\u00ea pode ativar ou desativar estes cookies marcando a caixa correspondente, sendo desativados por padr\u00e3o.<\/p><\/div>\n\t\t\t\t<\/div>\n\t\t\t\t\t\t\t<div class=\"elementor-accordion-item\">\n\t\t\t\t\t<div id=\"elementor-tab-title-1603\" class=\"elementor-tab-title\" data-tab=\"3\" role=\"button\" aria-controls=\"elementor-tab-content-1603\" aria-expanded=\"false\">\n\t\t\t\t\t\t\t\t\t\t\t\t\t<span class=\"elementor-accordion-icon elementor-accordion-icon-left\" aria-hidden=\"true\">\n\t\t\t\t\t\t\t\t\t\t\t\t\t\t\t<span class=\"elementor-accordion-icon-closed\"><i class=\"fas fa-plus\"><\/i><\/span>\n\t\t\t\t\t\t\t\t<span class=\"elementor-accordion-icon-opened\"><i class=\"fas fa-minus\"><\/i><\/span>\n\t\t\t\t\t\t\t\t\t\t\t\t\t\t<\/span>\n\t\t\t\t\t\t\t\t\t\t\t\t<a class=\"elementor-accordion-title\" tabindex=\"0\">3. QUE TIPO DE COOKIES S\u00c3O UTILIZADOS ATUALMENTE NO NOSSO SITE?<\/a>\n\t\t\t\t\t<\/div>\n\t\t\t\t\t<div id=\"elementor-tab-content-1603\" class=\"elementor-tab-content elementor-clearfix\" data-tab=\"3\" role=\"region\" aria-labelledby=\"elementor-tab-title-1603\">A seguir, passamos a inform\u00e1-lo sobre todos os tipos de cookies que s\u00e3o atualmente utilizados no nosso site e a finalidade de cada um deles:\n\n<div class=\"cky-audit-table-element\"><\/div><\/div>\n\t\t\t\t<\/div>\n\t\t\t\t\t\t\t<div class=\"elementor-accordion-item\">\n\t\t\t\t\t<div id=\"elementor-tab-title-1604\" class=\"elementor-tab-title\" data-tab=\"4\" role=\"button\" aria-controls=\"elementor-tab-content-1604\" aria-expanded=\"false\">\n\t\t\t\t\t\t\t\t\t\t\t\t\t<span class=\"elementor-accordion-icon elementor-accordion-icon-left\" aria-hidden=\"true\">\n\t\t\t\t\t\t\t\t\t\t\t\t\t\t\t<span class=\"elementor-accordion-icon-closed\"><i class=\"fas fa-plus\"><\/i><\/span>\n\t\t\t\t\t\t\t\t<span class=\"elementor-accordion-icon-opened\"><i class=\"fas fa-minus\"><\/i><\/span>\n\t\t\t\t\t\t\t\t\t\t\t\t\t\t<\/span>\n\t\t\t\t\t\t\t\t\t\t\t\t<a class=\"elementor-accordion-title\" tabindex=\"0\">4. O QUE VOC\u00ca PODE FAZER COM OS COOKIES?<\/a>\n\t\t\t\t\t<\/div>\n\t\t\t\t\t<div id=\"elementor-tab-content-1604\" class=\"elementor-tab-content elementor-clearfix\" data-tab=\"4\" role=\"region\" aria-labelledby=\"elementor-tab-title-1604\"><p>Ao aceder ao nosso site pela primeira vez, \u00e9-lhe apresentada uma janela na qual informamos que os cookies podem ser de v\u00e1rios tipos:<\/p><ul><li>Os cookies t\u00e9cnicos s\u00e3o necess\u00e1rios para o funcionamento do nosso site, n\u00e3o requerem a sua autoriza\u00e7\u00e3o e s\u00e3o os \u00fanicos que ativamos por padr\u00e3o.<\/li><li>Os restantes cookies servem para melhorar a nossa p\u00e1gina, para personaliz\u00e1-la com base nas suas prefer\u00eancias ou para lhe mostrar publicidade adaptada \u00e0s suas pesquisas, gostos e interesses pessoais. Voc\u00ea pode aceitar todos esses cookies clicando no bot\u00e3o <strong>ACEITAR<\/strong>, rejeite-os pressionando o bot\u00e3o <strong>DECL\u00cdNIO<\/strong> ou configure-os clicando na se\u00e7\u00e3o <strong>CONFIGURA\u00c7\u00d5ES DE COOKIES<\/strong>.<\/li><\/ul><p>Informamos tamb\u00e9m que, uma vez ativado qualquer tipo de cookies, voc\u00ea tem a possibilidade de desativ\u00e1-los a qualquer momento que desejar, bastando desmarcar a caixa correspondente na se\u00e7\u00e3o <strong>CONFIGURA\u00c7\u00d5ES DE COOKIES<\/strong> do nosso site. Ser\u00e1 sempre t\u00e3o f\u00e1cil ativar os nossos pr\u00f3prios cookies como desativ\u00e1-los.<\/p><p>Lembramos tamb\u00e9m que, atrav\u00e9s da configura\u00e7\u00e3o do seu navegador, voc\u00ea pode bloquear ou alert\u00e1-lo sobre a presen\u00e7a de cookies, embora esse bloqueio possa afetar o correto funcionamento das diferentes funcionalidades do nosso site no caso de cookies t\u00e9cnicos necess\u00e1rios.<\/p><p>Finalmente, diga-lhe que, se voc\u00ea ativar <strong>cookies de terceiros<\/strong> (empresas externas que prestam servi\u00e7os ao nosso site) e posteriormente desejar desativ\u00e1-los, poder\u00e1 faz\u00ea-lo de duas formas: utilizando as ferramentas de desativa\u00e7\u00e3o de cookies do seu navegador ou atrav\u00e9s dos sistemas habilitados pelos referidos fornecedores externos.<\/p><p>Para tornar tudo mais f\u00e1cil para voc\u00ea, listamos abaixo uma s\u00e9rie de links para as diretrizes de desativa\u00e7\u00e3o de cookies para navegadores comumente usados:<\/p><p>Cromo, j\u00e1 que<br \/>http:\/\/support.google.com\/chrome\/bin\/answer.py?hl=es&amp;answer=95647<\/p><p>Explorador, de<br \/>http:\/\/windows.microsoft.com\/es-es\/windows7\/how-to-manage-cookies-in-internet-explorer-9<\/p><p>Raposa de fogo, desde<br \/>http:\/\/support.mozilla.org\/es\/kb\/habilitar-y-deshabilitar-cookies-que-los-sitios-we<\/p><p>Saf\u00e1ri, de<br \/>http:\/\/support.apple.com\/kb\/ph5042<\/p><p>Da mesma forma, disponibilizamos links para os pr\u00f3prios sistemas habilitados por cada um dos referidos fornecedores externos para desativar os seus cookies:<\/p><p>\u00a0<\/p><\/div>\n\t\t\t\t<\/div>\n\t\t\t\t\t\t\t\t<\/div>\n\t\t\t\t<\/div>\n\t\t\t\t<\/div>\n\t\t\t\t\t<\/div>\n\t\t<\/div>\n\t\t\t\t\t<\/div>\n\t\t<\/section>\n\t\t\t\t<\/div>","protected":false},"excerpt":{"rendered":"<p>POL\u00cdTICA DE COOKIES Bem-vindo \u00e0 POL\u00cdTICA DE COOKIES do site da entidade PINTURAS DECOLOR, SL, fornecido com NIF B02021459, onde explicaremos em linguagem clara e simples todas as quest\u00f5es necess\u00e1rias para que voc\u00ea possa ter controle sobre elas com base em suas decis\u00f5es pessoais. . 1. O QUE S\u00c3O COOKIES\u2026 <a class=\"more-link\" href=\"https:\/\/www.decolor.com\/pt\/politica-cookies\/\">continuar a ler <span class=\"screen-reader-text\">Pol\u00edtica de cookies<\/span><\/a><\/p>","protected":false},"author":1,"featured_media":0,"parent":0,"menu_order":0,"comment_status":"closed","ping_status":"closed","template":"elementor_header_footer","meta":{"_acf_changed":false,"footnotes":""},"class_list":["post-4771","page","type-page","status-publish","hentry","entry"],"acf":[],"yoast_head":"<!-- This site is optimized with the Yoast SEO plugin v23.4 - https:\/\/yoast.com\/wordpress\/plugins\/seo\/ -->\n<title>Pol\u00edtica de cookies - Decolor<\/title>\n<meta name=\"robots\" content=\"index, follow, max-snippet:-1, max-image-preview:large, max-video-preview:-1\" \/>\n<link rel=\"canonical\" href=\"https:\/\/www.decolor.com\/pt\/politica-cookies\/\" \/>\n<meta property=\"og:locale\" content=\"pt_PT\" \/>\n<meta property=\"og:type\" content=\"article\" \/>\n<meta property=\"og:title\" content=\"Pol\u00edtica de cookies - Decolor\" \/>\n<meta property=\"og:description\" content=\"POL\u00cdTICA DE COOKIES Bienvenida\/o a la POL\u00cdTICA DE COOKIES de la p\u00e1gina web de la entidad PINTURAS DECOLOR, S.L., provista de NIF B02021459, donde te explicaremos en un lenguaje claro y sencillo todas las cuestiones necesarias para que puedas tener el control sobre ellas en base a tus decisiones personales. 1. \u00bfQU\u00c9 SON LAS COOKIES&hellip; Continue a ler Pol\u00edtica de cookies\" \/>\n<meta property=\"og:url\" content=\"https:\/\/www.decolor.com\/pt\/politica-cookies\/\" \/>\n<meta property=\"og:site_name\" content=\"Decolor\" \/>\n<meta property=\"article:modified_time\" content=\"2024-10-30T10:43:35+00:00\" \/>\n<meta name=\"twitter:card\" content=\"summary_large_image\" \/>\n<meta name=\"twitter:label1\" content=\"Tempo estimado de leitura\" \/>\n\t<meta name=\"twitter:data1\" content=\"7 minutos\" \/>\n<script type=\"application\/ld+json\" class=\"yoast-schema-graph\">{\"@context\":\"https:\/\/schema.org\",\"@graph\":[{\"@type\":\"WebPage\",\"@id\":\"https:\/\/www.decolor.com\/fr\/politica-cookies\/\",\"url\":\"https:\/\/www.decolor.com\/fr\/politica-cookies\/\",\"name\":\"Pol\u00edtica de cookies - Decolor\",\"isPartOf\":{\"@id\":\"https:\/\/www.decolor.com\/it\/#website\"},\"datePublished\":\"2021-03-19T12:34:44+00:00\",\"dateModified\":\"2024-10-30T10:43:35+00:00\",\"breadcrumb\":{\"@id\":\"https:\/\/www.decolor.com\/fr\/politica-cookies\/#breadcrumb\"},\"inLanguage\":\"pt-PT\",\"potentialAction\":[{\"@type\":\"ReadAction\",\"target\":[\"https:\/\/www.decolor.com\/fr\/politica-cookies\/\"]}]},{\"@type\":\"BreadcrumbList\",\"@id\":\"https:\/\/www.decolor.com\/fr\/politica-cookies\/#breadcrumb\",\"itemListElement\":[{\"@type\":\"ListItem\",\"position\":1,\"name\":\"Home\",\"item\":\"https:\/\/www.decolor.com\/\"},{\"@type\":\"ListItem\",\"position\":2,\"name\":\"Pol\u00edtica de cookies\"}]},{\"@type\":\"WebSite\",\"@id\":\"https:\/\/www.decolor.com\/it\/#website\",\"url\":\"https:\/\/www.decolor.com\/it\/\",\"name\":\"Decolor\",\"description\":\"Web Decolor\",\"publisher\":{\"@id\":\"https:\/\/www.decolor.com\/it\/#organization\"},\"potentialAction\":[{\"@type\":\"SearchAction\",\"target\":{\"@type\":\"EntryPoint\",\"urlTemplate\":\"https:\/\/www.decolor.com\/it\/?s={search_term_string}\"},\"query-input\":{\"@type\":\"PropertyValueSpecification\",\"valueRequired\":true,\"valueName\":\"search_term_string\"}}],\"inLanguage\":\"pt-PT\"},{\"@type\":\"Organization\",\"@id\":\"https:\/\/www.decolor.com\/it\/#organization\",\"name\":\"Decolor\",\"url\":\"https:\/\/www.decolor.com\/it\/\",\"logo\":{\"@type\":\"ImageObject\",\"inLanguage\":\"pt-PT\",\"@id\":\"https:\/\/www.decolor.com\/it\/#\/schema\/logo\/image\/\",\"url\":\"https:\/\/www.decolor.com\/wp-content\/uploads\/2021\/02\/marca_principal_pinturas_decolor_color.png\",\"contentUrl\":\"https:\/\/www.decolor.com\/wp-content\/uploads\/2021\/02\/marca_principal_pinturas_decolor_color.png\",\"width\":1588,\"height\":421,\"caption\":\"Decolor\"},\"image\":{\"@id\":\"https:\/\/www.decolor.com\/it\/#\/schema\/logo\/image\/\"}}]}<\/script>\n<!-- \/ Yoast SEO plugin. -->","yoast_head_json":{"title":"Pol\u00edtica de cookies - Decolor","robots":{"index":"index","follow":"follow","max-snippet":"max-snippet:-1","max-image-preview":"max-image-preview:large","max-video-preview":"max-video-preview:-1"},"canonical":"https:\/\/www.decolor.com\/pt\/politica-cookies\/","og_locale":"pt_PT","og_type":"article","og_title":"Pol\u00edtica de cookies - Decolor","og_description":"POL\u00cdTICA DE COOKIES Bienvenida\/o a la POL\u00cdTICA DE COOKIES de la p\u00e1gina web de la entidad PINTURAS DECOLOR, S.L., provista de NIF B02021459, donde te explicaremos en un lenguaje claro y sencillo todas las cuestiones necesarias para que puedas tener el control sobre ellas en base a tus decisiones personales. 1. \u00bfQU\u00c9 SON LAS COOKIES&hellip; Continue a ler Pol\u00edtica de cookies","og_url":"https:\/\/www.decolor.com\/pt\/politica-cookies\/","og_site_name":"Decolor","article_modified_time":"2024-10-30T10:43:35+00:00","twitter_card":"summary_large_image","twitter_misc":{"Tempo estimado de leitura":"7 minutos"},"schema":{"@context":"https:\/\/schema.org","@graph":[{"@type":"WebPage","@id":"https:\/\/www.decolor.com\/fr\/politica-cookies\/","url":"https:\/\/www.decolor.com\/fr\/politica-cookies\/","name":"Pol\u00edtica de cookies - Decolor","isPartOf":{"@id":"https:\/\/www.decolor.com\/it\/#website"},"datePublished":"2021-03-19T12:34:44+00:00","dateModified":"2024-10-30T10:43:35+00:00","breadcrumb":{"@id":"https:\/\/www.decolor.com\/fr\/politica-cookies\/#breadcrumb"},"inLanguage":"pt-PT","potentialAction":[{"@type":"ReadAction","target":["https:\/\/www.decolor.com\/fr\/politica-cookies\/"]}]},{"@type":"BreadcrumbList","@id":"https:\/\/www.decolor.com\/fr\/politica-cookies\/#breadcrumb","itemListElement":[{"@type":"ListItem","position":1,"name":"Home","item":"https:\/\/www.decolor.com\/"},{"@type":"ListItem","position":2,"name":"Pol\u00edtica de cookies"}]},{"@type":"WebSite","@id":"https:\/\/www.decolor.com\/it\/#website","url":"https:\/\/www.decolor.com\/it\/","name":"De cor","description":"Web Decolor","publisher":{"@id":"https:\/\/www.decolor.com\/it\/#organization"},"potentialAction":[{"@type":"SearchAction","target":{"@type":"EntryPoint","urlTemplate":"https:\/\/www.decolor.com\/it\/?s={search_term_string}"},"query-input":{"@type":"PropertyValueSpecification","valueRequired":true,"valueName":"search_term_string"}}],"inLanguage":"pt-PT"},{"@type":"Organization","@id":"https:\/\/www.decolor.com\/it\/#organization","name":"De cor","url":"https:\/\/www.decolor.com\/it\/","logo":{"@type":"ImageObject","inLanguage":"pt-PT","@id":"https:\/\/www.decolor.com\/it\/#\/schema\/logo\/image\/","url":"https:\/\/www.decolor.com\/wp-content\/uploads\/2021\/02\/marca_principal_pinturas_decolor_color.png","contentUrl":"https:\/\/www.decolor.com\/wp-content\/uploads\/2021\/02\/marca_principal_pinturas_decolor_color.png","width":1588,"height":421,"caption":"Decolor"},"image":{"@id":"https:\/\/www.decolor.com\/it\/#\/schema\/logo\/image\/"}}]}},"_links":{"self":[{"href":"https:\/\/www.decolor.com\/pt\/wp-json\/wp\/v2\/pages\/4771"}],"collection":[{"href":"https:\/\/www.decolor.com\/pt\/wp-json\/wp\/v2\/pages"}],"about":[{"href":"https:\/\/www.decolor.com\/pt\/wp-json\/wp\/v2\/types\/page"}],"author":[{"embeddable":true,"href":"https:\/\/www.decolor.com\/pt\/wp-json\/wp\/v2\/users\/1"}],"replies":[{"embeddable":true,"href":"https:\/\/www.decolor.com\/pt\/wp-json\/wp\/v2\/comments?post=4771"}],"version-history":[{"count":18,"href":"https:\/\/www.decolor.com\/pt\/wp-json\/wp\/v2\/pages\/4771\/revisions"}],"predecessor-version":[{"id":149383,"href":"https:\/\/www.decolor.com\/pt\/wp-json\/wp\/v2\/pages\/4771\/revisions\/149383"}],"wp:attachment":[{"href":"https:\/\/www.decolor.com\/pt\/wp-json\/wp\/v2\/media?parent=4771"}],"curies":[{"name":"wp","href":"https:\/\/api.w.org\/{rel}","templated":true}]}}