{"id":136038,"date":"2022-02-18T10:25:16","date_gmt":"2022-02-18T10:25:16","guid":{"rendered":"https:\/\/www.decolor.com\/?page_id=136038"},"modified":"2026-02-24T07:51:58","modified_gmt":"2026-02-24T07:51:58","slug":"politica-de-calidad-y-gestion-ambiental","status":"publish","type":"page","link":"https:\/\/www.decolor.com\/zh\/politica-de-calidad-y-gestion-ambiental\/","title":{"rendered":"\u8d28\u91cf\u653f\u7b56\u548c\u73af\u5883\u7ba1\u7406"},"content":{"rendered":"<div data-elementor-type=\"wp-page\" data-elementor-id=\"136038\" class=\"elementor elementor-136038\" data-elementor-post-type=\"page\">\n\t\t\t\t\t\t<section data-particle_enable=\"false\" data-particle-mobile-disabled=\"false\" class=\"elementor-section elementor-top-section elementor-element elementor-element-525ac15 elementor-section-boxed elementor-section-height-default elementor-section-height-default\" data-id=\"525ac15\" data-element_type=\"section\">\n\t\t\t\t\t\t\t<div class=\"elementor-background-overlay\"><\/div>\n\t\t\t\t\t\t\t<div class=\"elementor-container elementor-column-gap-default\">\n\t\t\t\t\t<div class=\"elementor-column elementor-col-100 elementor-top-column elementor-element elementor-element-6d7f690\" data-id=\"6d7f690\" data-element_type=\"column\">\n\t\t\t<div class=\"elementor-widget-wrap elementor-element-populated\">\n\t\t\t\t\t\t<div class=\"elementor-element elementor-element-9d723b4 elementor-widget elementor-widget-heading\" data-id=\"9d723b4\" data-element_type=\"widget\" data-widget_type=\"heading.default\">\n\t\t\t\t<div class=\"elementor-widget-container\">\n\t\t\t<h2 class=\"elementor-heading-title elementor-size-default\">\u8d28\u91cf\u653f\u7b56\u548c\u73af\u5883\u7ba1\u7406<\/h2>\t\t<\/div>\n\t\t\t\t<\/div>\n\t\t\t\t\t<\/div>\n\t\t<\/div>\n\t\t\t\t\t<\/div>\n\t\t<\/section>\n\t\t\t\t<section data-particle_enable=\"false\" data-particle-mobile-disabled=\"false\" class=\"elementor-section elementor-top-section elementor-element elementor-element-ef710dc elementor-section-boxed elementor-section-height-default elementor-section-height-default\" data-id=\"ef710dc\" data-element_type=\"section\">\n\t\t\t\t\t\t<div class=\"elementor-container elementor-column-gap-default\">\n\t\t\t\t\t<div class=\"elementor-column elementor-col-100 elementor-top-column elementor-element elementor-element-e0e3317\" data-id=\"e0e3317\" data-element_type=\"column\">\n\t\t\t<div class=\"elementor-widget-wrap elementor-element-populated\">\n\t\t\t\t\t\t<div class=\"elementor-element elementor-element-a5f2b87 elementor-widget elementor-widget-text-editor\" data-id=\"a5f2b87\" data-element_type=\"widget\" data-widget_type=\"text-editor.default\">\n\t\t\t\t<div class=\"elementor-widget-container\">\n\t\t\t\t\t\t\t<p data-olk-copy-source=\"MessageBody\">\u603b\u5c40\u00a0<b>\u6cb9\u6f06<\/b>\u00a0<b>\u989c\u8272<\/b>\u00a0\u9274\u4e8e\u5f53\u4eca\u5e02\u573a\u4e0a\u6d88\u8d39\u8005\u5bf9\u5065\u5eb7\u548c\u4ea7\u54c1\u8d28\u91cf\u4ee5\u53ca\u9002\u5f53\u7684\u73af\u5883\u7ba1\u7406\u65e5\u76ca\u589e\u957f\u7684\u793e\u4f1a\u654f\u611f\u6027\uff0c\u672c\u516c\u53f8\u4f5c\u4e3a\u6cb9\u6f06\u3001\u6e05\u6f06\u3001\u6d82\u6599\u548c\u7279\u6b8a\u5904\u7406\u5242\u7684\u5236\u9020\u5546\uff0c\u81f4\u529b\u4e8e\u6309\u7167 UNE-EN ISO 9001:2015 \u548c UNE-EN ISO 14001:2015 \u6807\u51c6\u5b9e\u65bd\u548c\u6301\u7eed\u6539\u8fdb\u5176 GISCA\uff08\u7efc\u5408\u7cfb\u7edf\u8d28\u91cf\u548c\u73af\u5883\u4f53\u7cfb\uff09\u3002.<\/p><p aria-hidden=\"true\">\u00a0<\/p><p>\u8fd9\u4e00\u627f\u8bfa\u660e\u786e\u8868\u8ff0\u5982\u4e0b\uff1a\u00a0<b>\u8d28\u91cf\u548c\u826f\u597d\u7684\u73af\u5883\u7ba1\u7406<\/b>\u00a0\u5728\u6240\u6709\u65e8\u5728\u5b9e\u73b0\u4ee5\u4e0b\u76ee\u6807\u7684\u884c\u52a8\u4e2d\uff1a<\/p><p aria-hidden=\"true\">\u00a0<\/p><ul type=\"disc\"><li>\u4e0d\u65ad\u6539\u8fdb\u6211\u4eec\u7684\u4ea7\u54c1\u548c\u670d\u52a1\u3002<\/li><li>\u9075\u5b88\u5f71\u54cd\u6211\u4eec\u7ec4\u7ec7\u7684\u6cd5\u5f8b\u8981\u6c42\uff0c\u4ee5\u53ca\u7ec4\u7ec7\u8ba4\u53ef\u7684\u4e0e\u5176\u73af\u5883\u56e0\u7d20\u3001\u6211\u4eec\u7684\u5ba2\u6237\u3001\u5176\u4ed6\u76f8\u5173\u65b9\u548c\u6211\u4eec\u81ea\u5df1\u7684\u8981\u6c42\u76f8\u5173\u7684\u5176\u4ed6\u8981\u6c42\u3002<\/li><li>\u516c\u53f8\u4eba\u5458\u7684\u5145\u5206\u6c9f\u901a\u548c\u57f9\u8bad\uff0c\u4ee5\u53ca\u4ed6\u4eec\u7684\u5168\u9762\u534f\u4f5c\u3002<\/li><li>\u81f4\u529b\u4e8e\u901a\u8fc7\u5206\u6790\u3001\u5b66\u4e60\u548c\u514b\u670d\u5bfc\u81f4\u9519\u8bef\u7684\u539f\u56e0\uff0c\u5b9e\u73b0\u96f6\u9519\u8bef\u7684\u76ee\u6807\u3002.<\/li><li>\u53ef\u6301\u7eed\u53d1\u5c55\uff0c\u5c0a\u91cd\u73af\u5883\uff0c\u9884\u9632\u6c61\u67d3<\/li><li>\u6bcf\u4e2a\u4eba\u90fd\u5bf9\u5176\u5de5\u4f5c\u8d28\u91cf\u548c\u73af\u5883\u4fdd\u62a4\u8d1f\u8d23\uff0c\u5e76\u6839\u636e\u65e2\u5b9a\u8ba1\u5212\u5bf9\u5176\u8fdb\u884c\u9a8c\u8bc1\u3002<\/li><\/ul><p aria-hidden=\"true\">\u00a0<\/p><p>\u5982\u679c\u6211\u4eec\u80fd\u591f\u5728\u8fd9\u4e9b\u65b9\u9762\u8fdb\u884c\u6539\u8fdb\uff0c\u6211\u4eec\u5c31\u80fd\u66f4\u63a5\u8fd1\u6211\u4eec\u7684\u6839\u672c\u76ee\u6807\u3002\u201c<b>\u5145\u5206\u6ee1\u8db3\u5ba2\u6237\u7684\u8981\u6c42\u548c\u671f\u671b<\/b>\u201d.<\/p><p aria-hidden=\"true\">\u00a0<\/p><p>\u603b\u5c40\u00a0<b>\u6cb9\u6f06<\/b>\u00a0<b>\u989c\u8272<\/b>\u00a0\u8868\u793a\u575a\u5b9a\u627f\u8bfa\u6267\u884c\u5176\u8d28\u91cf\u548c\u73af\u5883\u7ba1\u7406\u653f\u7b56\uff0c\u5e76\u8fdb\u884c\u9002\u5f53\u7684\u4fee\u8ba2\u548c\u66f4\u65b0\u3002<\/p><p>\u00a0 \u00a0 \u00a0 \u00a0 \u00a0<\/p><p>\u62c9\u7f57\u8fbe\uff0c2021\u5e741\u67087\u65e5<\/p>\t\t\t\t\t\t<\/div>\n\t\t\t\t<\/div>\n\t\t\t\t\t<\/div>\n\t\t<\/div>\n\t\t\t\t\t<\/div>\n\t\t<\/section>\n\t\t\t\t<\/div>","protected":false},"excerpt":{"rendered":"<p>POLITICA DE CALIDAD Y GESTION AMBIENTAL La Direcci\u00f3n General de\u00a0PINTURAS\u00a0DECOLOR\u00a0consciente de la creciente importancia de la sensibilidad social relacionada con la salud y de la calidad de los productos a consumir en los mercados actuales y, a su vez, \u00a0la correcta gesti\u00f3n medioambiental, est\u00e1 plenamente comprometida con la implantaci\u00f3n y mejora continua de su G.I.S.C.A.&hellip; <a class=\"more-link\" href=\"https:\/\/www.decolor.com\/zh\/politica-de-calidad-y-gestion-ambiental\/\">\u7ee7\u7eed\u9605\u8bfb<span class=\"screen-reader-text\">\u8d28\u91cf\u653f\u7b56\u548c\u73af\u5883\u7ba1\u7406<\/span><\/a><\/p>","protected":false},"author":1,"featured_media":0,"parent":0,"menu_order":0,"comment_status":"closed","ping_status":"closed","template":"elementor_header_footer","meta":{"_acf_changed":false,"footnotes":""},"class_list":["post-136038","page","type-page","status-publish","hentry","entry"],"acf":[],"yoast_head":"<!-- This site is optimized with the Yoast SEO plugin v23.4 - https:\/\/yoast.com\/wordpress\/plugins\/seo\/ -->\n<title>POLITICA DE CALIDAD Y GESTION AMBIENTAL - Decolor<\/title>\n<meta name=\"robots\" content=\"index, follow, max-snippet:-1, max-image-preview:large, max-video-preview:-1\" \/>\n<link rel=\"canonical\" href=\"https:\/\/www.decolor.com\/zh\/politica-de-calidad-y-gestion-ambiental\/\" \/>\n<meta property=\"og:locale\" content=\"zh_CN\" \/>\n<meta property=\"og:type\" content=\"article\" \/>\n<meta property=\"og:title\" content=\"POLITICA DE CALIDAD Y GESTION AMBIENTAL - Decolor\" \/>\n<meta property=\"og:description\" content=\"POLITICA DE CALIDAD Y GESTION AMBIENTAL La Direcci\u00f3n General de\u00a0PINTURAS\u00a0DECOLOR\u00a0consciente de la creciente importancia de la sensibilidad social relacionada con la salud y de la calidad de los productos a consumir en los mercados actuales y, a su vez, \u00a0la correcta gesti\u00f3n medioambiental, est\u00e1 plenamente comprometida con la implantaci\u00f3n y mejora continua de su G.I.S.C.A.&hellip; \u7ee7\u7eed\u9605\u8bfbPOLITICA DE CALIDAD Y GESTION AMBIENTAL\" \/>\n<meta property=\"og:url\" content=\"https:\/\/www.decolor.com\/zh\/politica-de-calidad-y-gestion-ambiental\/\" \/>\n<meta property=\"og:site_name\" content=\"Decolor\" \/>\n<meta property=\"article:modified_time\" content=\"2026-02-24T07:51:58+00:00\" \/>\n<meta name=\"twitter:card\" content=\"summary_large_image\" \/>\n<meta name=\"twitter:label1\" content=\"\u9884\u8ba1\u9605\u8bfb\u65f6\u95f4\" \/>\n\t<meta name=\"twitter:data1\" content=\"2 \u5206\" \/>\n<script type=\"application\/ld+json\" class=\"yoast-schema-graph\">{\"@context\":\"https:\/\/schema.org\",\"@graph\":[{\"@type\":\"WebPage\",\"@id\":\"https:\/\/www.decolor.com\/es\/politica-de-calidad-y-gestion-ambiental\/\",\"url\":\"https:\/\/www.decolor.com\/es\/politica-de-calidad-y-gestion-ambiental\/\",\"name\":\"POLITICA DE CALIDAD Y GESTION AMBIENTAL - Decolor\",\"isPartOf\":{\"@id\":\"https:\/\/www.decolor.com\/it\/#website\"},\"datePublished\":\"2022-02-18T10:25:16+00:00\",\"dateModified\":\"2026-02-24T07:51:58+00:00\",\"breadcrumb\":{\"@id\":\"https:\/\/www.decolor.com\/es\/politica-de-calidad-y-gestion-ambiental\/#breadcrumb\"},\"inLanguage\":\"zh-Hans\",\"potentialAction\":[{\"@type\":\"ReadAction\",\"target\":[\"https:\/\/www.decolor.com\/es\/politica-de-calidad-y-gestion-ambiental\/\"]}]},{\"@type\":\"BreadcrumbList\",\"@id\":\"https:\/\/www.decolor.com\/es\/politica-de-calidad-y-gestion-ambiental\/#breadcrumb\",\"itemListElement\":[{\"@type\":\"ListItem\",\"position\":1,\"name\":\"Home\",\"item\":\"https:\/\/www.decolor.com\/\"},{\"@type\":\"ListItem\",\"position\":2,\"name\":\"POLITICA DE CALIDAD Y GESTION AMBIENTAL\"}]},{\"@type\":\"WebSite\",\"@id\":\"https:\/\/www.decolor.com\/it\/#website\",\"url\":\"https:\/\/www.decolor.com\/it\/\",\"name\":\"Decolor\",\"description\":\"Web Decolor\",\"publisher\":{\"@id\":\"https:\/\/www.decolor.com\/it\/#organization\"},\"potentialAction\":[{\"@type\":\"SearchAction\",\"target\":{\"@type\":\"EntryPoint\",\"urlTemplate\":\"https:\/\/www.decolor.com\/it\/?s={search_term_string}\"},\"query-input\":{\"@type\":\"PropertyValueSpecification\",\"valueRequired\":true,\"valueName\":\"search_term_string\"}}],\"inLanguage\":\"zh-Hans\"},{\"@type\":\"Organization\",\"@id\":\"https:\/\/www.decolor.com\/it\/#organization\",\"name\":\"Decolor\",\"url\":\"https:\/\/www.decolor.com\/it\/\",\"logo\":{\"@type\":\"ImageObject\",\"inLanguage\":\"zh-Hans\",\"@id\":\"https:\/\/www.decolor.com\/it\/#\/schema\/logo\/image\/\",\"url\":\"https:\/\/www.decolor.com\/wp-content\/uploads\/2021\/02\/marca_principal_pinturas_decolor_color.png\",\"contentUrl\":\"https:\/\/www.decolor.com\/wp-content\/uploads\/2021\/02\/marca_principal_pinturas_decolor_color.png\",\"width\":1588,\"height\":421,\"caption\":\"Decolor\"},\"image\":{\"@id\":\"https:\/\/www.decolor.com\/it\/#\/schema\/logo\/image\/\"}}]}<\/script>\n<!-- \/ Yoast SEO plugin. -->","yoast_head_json":{"title":"POLITICA DE CALIDAD Y GESTION AMBIENTAL - Decolor","robots":{"index":"index","follow":"follow","max-snippet":"max-snippet:-1","max-image-preview":"max-image-preview:large","max-video-preview":"max-video-preview:-1"},"canonical":"https:\/\/www.decolor.com\/zh\/politica-de-calidad-y-gestion-ambiental\/","og_locale":"zh_CN","og_type":"article","og_title":"POLITICA DE CALIDAD Y GESTION AMBIENTAL - Decolor","og_description":"POLITICA DE CALIDAD Y GESTION AMBIENTAL La Direcci\u00f3n General de\u00a0PINTURAS\u00a0DECOLOR\u00a0consciente de la creciente importancia de la sensibilidad social relacionada con la salud y de la calidad de los productos a consumir en los mercados actuales y, a su vez, \u00a0la correcta gesti\u00f3n medioambiental, est\u00e1 plenamente comprometida con la implantaci\u00f3n y mejora continua de su G.I.S.C.A.&hellip; \u7ee7\u7eed\u9605\u8bfbPOLITICA DE CALIDAD Y GESTION AMBIENTAL","og_url":"https:\/\/www.decolor.com\/zh\/politica-de-calidad-y-gestion-ambiental\/","og_site_name":"Decolor","article_modified_time":"2026-02-24T07:51:58+00:00","twitter_card":"summary_large_image","twitter_misc":{"\u9884\u8ba1\u9605\u8bfb\u65f6\u95f4":"2 \u5206"},"schema":{"@context":"https:\/\/schema.org","@graph":[{"@type":"WebPage","@id":"https:\/\/www.decolor.com\/es\/politica-de-calidad-y-gestion-ambiental\/","url":"https:\/\/www.decolor.com\/es\/politica-de-calidad-y-gestion-ambiental\/","name":"POLITICA DE CALIDAD Y GESTION AMBIENTAL - Decolor","isPartOf":{"@id":"https:\/\/www.decolor.com\/it\/#website"},"datePublished":"2022-02-18T10:25:16+00:00","dateModified":"2026-02-24T07:51:58+00:00","breadcrumb":{"@id":"https:\/\/www.decolor.com\/es\/politica-de-calidad-y-gestion-ambiental\/#breadcrumb"},"inLanguage":"zh-Hans","potentialAction":[{"@type":"ReadAction","target":["https:\/\/www.decolor.com\/es\/politica-de-calidad-y-gestion-ambiental\/"]}]},{"@type":"BreadcrumbList","@id":"https:\/\/www.decolor.com\/es\/politica-de-calidad-y-gestion-ambiental\/#breadcrumb","itemListElement":[{"@type":"ListItem","position":1,"name":"Home","item":"https:\/\/www.decolor.com\/"},{"@type":"ListItem","position":2,"name":"POLITICA DE CALIDAD Y GESTION AMBIENTAL"}]},{"@type":"WebSite","@id":"https:\/\/www.decolor.com\/it\/#website","url":"https:\/\/www.decolor.com\/it\/","name":"\u989c\u8272","description":"\u7f51\u9875\u8131\u8272","publisher":{"@id":"https:\/\/www.decolor.com\/it\/#organization"},"potentialAction":[{"@type":"SearchAction","target":{"@type":"EntryPoint","urlTemplate":"https:\/\/www.decolor.com\/it\/?s={search_term_string}"},"query-input":{"@type":"PropertyValueSpecification","valueRequired":true,"valueName":"search_term_string"}}],"inLanguage":"zh-Hans"},{"@type":"Organization","@id":"https:\/\/www.decolor.com\/it\/#organization","name":"\u989c\u8272","url":"https:\/\/www.decolor.com\/it\/","logo":{"@type":"ImageObject","inLanguage":"zh-Hans","@id":"https:\/\/www.decolor.com\/it\/#\/schema\/logo\/image\/","url":"https:\/\/www.decolor.com\/wp-content\/uploads\/2021\/02\/marca_principal_pinturas_decolor_color.png","contentUrl":"https:\/\/www.decolor.com\/wp-content\/uploads\/2021\/02\/marca_principal_pinturas_decolor_color.png","width":1588,"height":421,"caption":"Decolor"},"image":{"@id":"https:\/\/www.decolor.com\/it\/#\/schema\/logo\/image\/"}}]}},"_links":{"self":[{"href":"https:\/\/www.decolor.com\/zh\/wp-json\/wp\/v2\/pages\/136038"}],"collection":[{"href":"https:\/\/www.decolor.com\/zh\/wp-json\/wp\/v2\/pages"}],"about":[{"href":"https:\/\/www.decolor.com\/zh\/wp-json\/wp\/v2\/types\/page"}],"author":[{"embeddable":true,"href":"https:\/\/www.decolor.com\/zh\/wp-json\/wp\/v2\/users\/1"}],"replies":[{"embeddable":true,"href":"https:\/\/www.decolor.com\/zh\/wp-json\/wp\/v2\/comments?post=136038"}],"version-history":[{"count":3,"href":"https:\/\/www.decolor.com\/zh\/wp-json\/wp\/v2\/pages\/136038\/revisions"}],"predecessor-version":[{"id":151674,"href":"https:\/\/www.decolor.com\/zh\/wp-json\/wp\/v2\/pages\/136038\/revisions\/151674"}],"wp:attachment":[{"href":"https:\/\/www.decolor.com\/zh\/wp-json\/wp\/v2\/media?parent=136038"}],"curies":[{"name":"wp","href":"https:\/\/api.w.org\/{rel}","templated":true}]}}