{"id":142765,"date":"2023-12-19T18:41:28","date_gmt":"2023-12-19T18:41:28","guid":{"rendered":"https:\/\/www.decolor.com\/?page_id=142765"},"modified":"2023-12-19T20:11:59","modified_gmt":"2023-12-19T20:11:59","slug":"compromiso-con-la-proteccion-de-datos-personales","status":"publish","type":"page","link":"https:\/\/www.decolor.com\/zh\/compromiso-con-la-proteccion-de-datos-personales\/","title":{"rendered":"\u81f4\u529b\u4e8e\u4fdd\u62a4\u4e2a\u4eba\u6570\u636e"},"content":{"rendered":"<div data-elementor-type=\"wp-page\" data-elementor-id=\"142765\" class=\"elementor elementor-142765\" data-elementor-post-type=\"page\">\n\t\t\t\t\t\t<section data-particle_enable=\"false\" data-particle-mobile-disabled=\"false\" class=\"elementor-section elementor-top-section elementor-element elementor-element-525ac15 elementor-section-boxed elementor-section-height-default elementor-section-height-default\" data-id=\"525ac15\" data-element_type=\"section\">\n\t\t\t\t\t\t\t<div class=\"elementor-background-overlay\"><\/div>\n\t\t\t\t\t\t\t<div class=\"elementor-container elementor-column-gap-default\">\n\t\t\t\t\t<div class=\"elementor-column elementor-col-100 elementor-top-column elementor-element elementor-element-6d7f690\" data-id=\"6d7f690\" data-element_type=\"column\">\n\t\t\t<div class=\"elementor-widget-wrap elementor-element-populated\">\n\t\t\t\t\t\t<div class=\"elementor-element elementor-element-9d723b4 elementor-widget elementor-widget-heading\" data-id=\"9d723b4\" data-element_type=\"widget\" data-widget_type=\"heading.default\">\n\t\t\t\t<div class=\"elementor-widget-container\">\n\t\t\t<h2 class=\"elementor-heading-title elementor-size-default\">\u5bf9\u4fdd\u62a4\u4e2a\u4eba\u6570\u636e\u7684\u627f\u8bfa<\/h2>\t\t<\/div>\n\t\t\t\t<\/div>\n\t\t\t\t\t<\/div>\n\t\t<\/div>\n\t\t\t\t\t<\/div>\n\t\t<\/section>\n\t\t\t\t<section data-particle_enable=\"false\" data-particle-mobile-disabled=\"false\" class=\"elementor-section elementor-top-section elementor-element elementor-element-ef710dc txt-content elementor-section-boxed elementor-section-height-default elementor-section-height-default\" data-id=\"ef710dc\" data-element_type=\"section\">\n\t\t\t\t\t\t<div class=\"elementor-container elementor-column-gap-default\">\n\t\t\t\t\t<div class=\"elementor-column elementor-col-100 elementor-top-column elementor-element elementor-element-e0e3317\" data-id=\"e0e3317\" data-element_type=\"column\">\n\t\t\t<div class=\"elementor-widget-wrap elementor-element-populated\">\n\t\t\t\t\t\t<div class=\"elementor-element elementor-element-bc8b546 elementor-widget elementor-widget-heading\" data-id=\"bc8b546\" data-element_type=\"widget\" data-widget_type=\"heading.default\">\n\t\t\t\t<div class=\"elementor-widget-container\">\n\t\t\t<h2 class=\"elementor-heading-title elementor-size-large\">\u6211\u4eec\u5bf9\u4fdd\u62a4\u4e2a\u4eba\u6570\u636e\u7684\u627f\u8bfa\uff1a\u201c\u77e5\u60c5\u4eba\u58eb\u548c\u53d7\u4fdd\u62a4\u7684\u6570\u636e\u201d<\/h2>\t\t<\/div>\n\t\t\t\t<\/div>\n\t\t\t\t<div class=\"elementor-element elementor-element-504ae53 elementor-widget elementor-widget-text-editor\" data-id=\"504ae53\" data-element_type=\"widget\" data-widget_type=\"text-editor.default\">\n\t\t\t\t<div class=\"elementor-widget-container\">\n\t\t\t\t\t\t\t<p>\u7684\u7ba1\u7406\/\u7ba1\u7406\u673a\u6784 <strong>\u54c1\u56fe\u62c9\u65af\u88c5\u9970\u6709\u9650\u516c\u53f8<\/strong> \uff08\u4ee5\u4e0b\u7b80\u79f0\u6570\u636e\u63a7\u5236\u8005\uff09\u5bf9\u672c\u6570\u636e\u4fdd\u62a4\u653f\u7b56\u7684\u5236\u5b9a\u3001\u5b9e\u65bd\u548c\u7ef4\u62a4\u627f\u62c5\u6700\u5927\u8d23\u4efb\u548c\u627f\u8bfa\uff0c\u4fdd\u8bc1\u6570\u636e\u63a7\u5236\u8005\u7684\u6301\u7eed\u6539\u8fdb\uff0c\u4ee5\u671f\u5728\u9075\u5b88 2016 \u5e74\u6cd5\u89c4 (EU) \u65b9\u9762\u5b9e\u73b0\u5353\u8d8a\u6b27\u6d32\u8bae\u4f1a\u548c\u7406\u4e8b\u4f1a\u4e8e 2016 \u5e74 4 \u6708 27 \u65e5\u9881\u5e03\u7684\u7b2c \/679 \u53f7\u6cd5\u4ee4\uff0c\u6d89\u53ca\u5728\u4e2a\u4eba\u6570\u636e\u5904\u7406\u548c\u8fd9\u4e9b\u6570\u636e\u7684\u81ea\u7531\u6d41\u901a\u65b9\u9762\u4fdd\u62a4\u81ea\u7136\u4eba\uff0c\u56e0\u6b64\u5e9f\u9664\u4e86\u7b2c 95\/46\/EC \u53f7\u6307\u4ee4\uff08\u901a\u7528\u6570\u636e\u4fdd\u62a4\u6761\u4f8b\uff09\uff08OJEU L 119\/1, 05-04-2016\uff09\uff0c\u4ee5\u53ca\u897f\u73ed\u7259\u4e2a\u4eba\u6570\u636e\u4fdd\u62a4\u6761\u4f8b\uff08\u7ec4\u7ec7\u6cd5\u3001\u7279\u5b9a\u90e8\u95e8\u7acb\u6cd5\u53ca\u5176\u53d1\u5c55\u6807\u51c6\uff09\u3002<\/p><p>\u7684\u6570\u636e\u4fdd\u62a4\u653f\u7b56 <strong>\u54c1\u56fe\u62c9\u65af\u88c5\u9970\u6709\u9650\u516c\u53f8<\/strong> \u4f11\u606f\u5728 <span style=\"text-decoration: underline;\">\u4e3b\u52a8\u8d1f\u8d23\u539f\u5219<\/span>\uff0c\u6839\u636e\u8be5\u89c4\u5b9a\uff0c\u6570\u636e\u63a7\u5236\u8005\u6709\u8d23\u4efb\u9075\u5b88\u7ba1\u8f96\u8be5\u653f\u7b56\u7684\u76d1\u7ba1\u548c\u6cd5\u7406\u6846\u67b6\uff0c\u5e76\u80fd\u591f\u5411\u4e3b\u7ba1\u63a7\u5236\u673a\u6784\u8bc1\u660e\u8fd9\u4e00\u70b9\u3002<\/p><p>\u4ece\u8fd9\u4e2a\u610f\u4e49\u4e0a\u8bf4\uff0c\u6570\u636e\u63a7\u5236\u8005\u5c06\u53d7\u5230\u4ee5\u4e0b\u539f\u5219\u7684\u7ea6\u675f\uff0c\u8fd9\u4e9b\u539f\u5219\u5fc5\u987b\u4f5c\u4e3a\u5176\u6240\u6709\u5458\u5de5\u5728\u5904\u7406\u4e2a\u4eba\u6570\u636e\u65f6\u7684\u6307\u5357\u548c\u53c2\u8003\u6846\u67b6\uff1a<\/p><ol><li><span style=\"text-decoration: underline;\">\u901a\u8fc7\u8bbe\u8ba1\u4fdd\u62a4\u6570\u636e<\/span>\uff1a\u63a7\u5236\u8005\u5c06\u5728\u786e\u5b9a\u5904\u7406\u65b9\u5f0f\u548c\u5904\u7406\u672c\u8eab\u65f6\u91c7\u7528\u9002\u5f53\u7684\u6280\u672f\u548c\u7ec4\u7ec7\u63aa\u65bd\uff08\u4f8b\u5982\u5047\u540d\u5316\uff09\uff0c\u65e8\u5728\u6709\u6548\u5e94\u7528\u6570\u636e\u4fdd\u62a4\u539f\u5219\uff08\u4f8b\u5982\u6570\u636e\u6700\u5c0f\u5316\uff09\u5e76\u96c6\u6210\u6cbb\u7597\u4e2d\u7684\u5fc5\u8981\u4fdd\u969c\u3002<\/li><li><span style=\"text-decoration: underline;\">\u9ed8\u8ba4\u6570\u636e\u4fdd\u62a4<\/span>\uff1a\u63a7\u5236\u8005\u5c06\u91c7\u53d6\u9002\u5f53\u7684\u6280\u672f\u548c\u7ec4\u7ec7\u63aa\u65bd\uff0c\u4ee5\u786e\u4fdd\u9ed8\u8ba4\u60c5\u51b5\u4e0b\u4ec5\u5904\u7406\u6bcf\u4e2a\u7279\u5b9a\u5904\u7406\u76ee\u7684\u6240\u9700\u7684\u4e2a\u4eba\u6570\u636e\u3002<\/li><li><span style=\"text-decoration: underline;\">\u4fe1\u606f\u751f\u547d\u5468\u671f\u4e2d\u7684\u6570\u636e\u4fdd\u62a4<\/span>\uff1a\u4fdd\u8bc1\u4e2a\u4eba\u6570\u636e\u4fdd\u62a4\u7684\u63aa\u65bd\u5c06\u9002\u7528\u4e8e\u4fe1\u606f\u7684\u6574\u4e2a\u751f\u547d\u5468\u671f\u3002<\/li><li><span style=\"text-decoration: underline;\">\u5408\u6cd5\u3001\u5fe0\u8bda\u3001\u900f\u660e<\/span>\uff1a\u5bf9\u4e8e\u5229\u76ca\u76f8\u5173\u65b9\uff0c\u4e2a\u4eba\u6570\u636e\u5c06\u4ee5\u5408\u6cd5\u3001\u516c\u5e73\u548c\u900f\u660e\u7684\u65b9\u5f0f\u5904\u7406\u3002<\/li><li><span style=\"text-decoration: underline;\">\u76ee\u7684\u9650\u5236<\/span>\uff1a\u4e2a\u4eba\u6570\u636e\u5c06\u51fa\u4e8e\u7279\u5b9a\u3001\u660e\u786e\u548c\u5408\u6cd5\u7684\u76ee\u7684\u800c\u6536\u96c6\uff0c\u5e76\u4e14\u4e0d\u4f1a\u4ee5\u4e0e\u6240\u8ff0\u76ee\u7684\u4e0d\u76f8\u7b26\u7684\u65b9\u5f0f\u8fdb\u884c\u8fdb\u4e00\u6b65\u5904\u7406\u3002<\/li><li><span style=\"text-decoration: underline;\">\u6570\u636e\u6700\u5c0f\u5316<\/span>\uff1a\u4e2a\u4eba\u6570\u636e\u5c06\u662f\u5145\u5206\u7684\u3001\u76f8\u5173\u7684\uff0c\u5e76\u4e14\u4ec5\u9650\u4e8e\u4e0e\u5176\u5904\u7406\u76ee\u7684\u76f8\u5173\u7684\u5fc5\u8981\u6570\u636e\u3002<\/li><li><span style=\"text-decoration: underline;\">\u51c6\u786e\u6027<\/span>\uff1a\u4e2a\u4eba\u6570\u636e\u5c06\u662f\u51c6\u786e\u7684\uff0c\u5e76\u5728\u5fc5\u8981\u65f6\u8fdb\u884c\u66f4\u65b0\uff1b\u6211\u4eec\u5c06\u91c7\u53d6\u4e00\u5207\u5408\u7406\u63aa\u65bd\u7acb\u5373\u5220\u9664\u6216\u7ea0\u6b63\u4e0e\u5176\u5904\u7406\u76ee\u7684\u4e0d\u51c6\u786e\u7684\u4e2a\u4eba\u6570\u636e\u3002<\/li><li><span style=\"text-decoration: underline;\">\u4fdd\u5b58\u671f\u9650\u9650\u5236<\/span>\uff1a\u4e2a\u4eba\u6570\u636e\u7684\u4fdd\u5b58\u65b9\u5f0f\u5c06\u5141\u8bb8\u8bc6\u522b\u76f8\u5173\u65b9\u7684\u8eab\u4efd\uff0c\u65f6\u95f4\u4e0d\u8d85\u8fc7\u5904\u7406\u4e2a\u4eba\u6570\u636e\u6240\u9700\u7684\u65f6\u95f4\u3002<\/li><li><span style=\"text-decoration: underline;\">\u8bda\u4fe1\u548c\u4fdd\u5bc6<\/span>\uff1a\u4e2a\u4eba\u6570\u636e\u7684\u5904\u7406\u65b9\u5f0f\u5c06\u786e\u4fdd\u4e2a\u4eba\u6570\u636e\u7684\u5145\u5206\u5b89\u5168\uff0c\u5305\u62ec\u901a\u8fc7\u5e94\u7528\u9002\u5f53\u7684\u6280\u672f\u6216\u7ec4\u7ec7\u63aa\u65bd\u9632\u6b62\u672a\u7ecf\u6388\u6743\u6216\u975e\u6cd5\u5904\u7406\u4ee5\u53ca\u610f\u5916\u4e22\u5931\u3001\u6bc1\u574f\u6216\u635f\u574f\u3002<\/li><li><span style=\"text-decoration: underline;\">\u4fe1\u606f\u548c\u57f9\u8bad<\/span>\uff1a\u4fdd\u8bc1\u4e2a\u4eba\u6570\u636e\u4fdd\u62a4\u7684\u5173\u952e\u4e4b\u4e00\u662f\u5411\u53c2\u4e0e\u6570\u636e\u5904\u7406\u7684\u4eba\u5458\u63d0\u4f9b\u57f9\u8bad\u548c\u4fe1\u606f\u3002\u5728\u4fe1\u606f\u7684\u751f\u547d\u5468\u671f\u4e2d\uff0c\u6240\u6709\u6709\u6743\u8bbf\u95ee\u6570\u636e\u7684\u4eba\u5458\u90fd\u5c06\u63a5\u53d7\u9002\u5f53\u7684\u57f9\u8bad\uff0c\u5e76\u4e86\u89e3\u5176\u9075\u5b88\u6570\u636e\u4fdd\u62a4\u6cd5\u89c4\u7684\u4e49\u52a1\u3002<\/li><\/ol><p>\u7684\u6570\u636e\u4fdd\u62a4\u653f\u7b56 <strong>\u54c1\u56fe\u62c9\u65af\u88c5\u9970\u6709\u9650\u516c\u53f8<\/strong> \u8be5\u4fe1\u606f\u5c06\u4f20\u8fbe\u7ed9\u63a7\u5236\u8005\u7684\u6240\u6709\u5458\u5de5\uff0c\u5e76\u63d0\u4f9b\u7ed9\u6240\u6709\u76f8\u5173\u65b9\u3002<\/p><p>\u56e0\u6b64\uff0c\u672c\u6570\u636e\u4fdd\u62a4\u653f\u7b56\u6d89\u53ca\u6570\u636e\u63a7\u5236\u8005\u7684\u6240\u6709\u5458\u5de5\uff0c\u4ed6\u4eec\u5fc5\u987b\u4e86\u89e3\u5e76\u63a5\u53d7\u8be5\u653f\u7b56\uff0c\u5c06\u5176\u89c6\u4e3a\u81ea\u5df1\u7684\uff0c\u6bcf\u4e2a\u6210\u5458\u90fd\u6709\u8d23\u4efb\u5e94\u7528\u8be5\u653f\u7b56\u5e76\u9a8c\u8bc1\u9002\u7528\u4e8e\u5176\u6d3b\u52a8\u7684\u6570\u636e\u4fdd\u62a4\u6cd5\u89c4\u3002\u4ee5\u53ca\u8bc6\u522b\u5e76\u63d0\u4f9b\u5176\u8ba4\u4e3a\u9002\u5f53\u7684\u6539\u8fdb\u673a\u4f1a\uff0c\u4ee5\u671f\u5728\u5408\u89c4\u65b9\u9762\u5b9e\u73b0\u5353\u8d8a\u3002<\/p><p>\u672c\u653f\u7b56\u5c06\u7531\u7ba1\u7406\/\u7ba1\u7406\u673a\u6784\u5ba1\u67e5 <strong>\u54c1\u56fe\u62c9\u65af\u88c5\u9970\u6709\u9650\u516c\u53f8<\/strong>\uff0c\u6839\u636e\u9700\u8981\u591a\u6b21\uff0c\u4ee5\u59cb\u7ec8\u9002\u5e94\u6709\u5173\u4e2a\u4eba\u6570\u636e\u4fdd\u62a4\u7684\u73b0\u884c\u89c4\u5b9a\u3002<\/p>\t\t\t\t\t\t<\/div>\n\t\t\t\t<\/div>\n\t\t\t\t\t<\/div>\n\t\t<\/div>\n\t\t\t\t\t<\/div>\n\t\t<\/section>\n\t\t\t\t<\/div>","protected":false},"excerpt":{"rendered":"<p>\u5bf9\u4e2a\u4eba\u6570\u636e\u4fdd\u62a4\u7684\u627f\u8bfa\u6211\u4eec\u5bf9\u4e2a\u4eba\u6570\u636e\u4fdd\u62a4\u7684\u627f\u8bfa\uff1a\u201c\u77e5\u60c5\u7684\u4eba\u548c\u53d7\u4fdd\u62a4\u7684\u6570\u636e\u201dPINTURAS DECOLOR\uff0cSL\u7684\u7ba1\u7406\/\u7ba1\u7406\u673a\u6784\uff08\u4ee5\u4e0b\u7b80\u79f0\u4e3a\u6570\u636e\u63a7\u5236\u8005\uff09\u5bf9\u672c\u6570\u636e\u4fdd\u62a4\u653f\u7b56\u7684\u5236\u5b9a\u3001\u5b9e\u65bd\u548c\u7ef4\u62a4\u627f\u62c5\u6700\u5927\u8d23\u4efb\u548c\u627f\u8bfa\u2026\u2026 <a class=\"more-link\" href=\"https:\/\/www.decolor.com\/zh\/compromiso-con-la-proteccion-de-datos-personales\/\">\u7ee7\u7eed\u9605\u8bfb<span class=\"screen-reader-text\">\u81f4\u529b\u4e8e\u4fdd\u62a4\u4e2a\u4eba\u6570\u636e<\/span><\/a><\/p>","protected":false},"author":1,"featured_media":0,"parent":0,"menu_order":0,"comment_status":"closed","ping_status":"closed","template":"elementor_header_footer","meta":{"_acf_changed":false,"footnotes":""},"class_list":["post-142765","page","type-page","status-publish","hentry","entry"],"acf":[],"yoast_head":"<!-- This site is optimized with the Yoast SEO plugin v23.4 - https:\/\/yoast.com\/wordpress\/plugins\/seo\/ -->\n<title>Compromiso con la protecci\u00f3n de datos personales - Decolor<\/title>\n<meta name=\"robots\" content=\"index, follow, max-snippet:-1, max-image-preview:large, max-video-preview:-1\" \/>\n<link rel=\"canonical\" href=\"https:\/\/www.decolor.com\/zh\/compromiso-con-la-proteccion-de-datos-personales\/\" \/>\n<meta property=\"og:locale\" content=\"zh_CN\" \/>\n<meta property=\"og:type\" content=\"article\" \/>\n<meta property=\"og:title\" content=\"Compromiso con la protecci\u00f3n de datos personales - Decolor\" \/>\n<meta property=\"og:description\" content=\"COMPROMISO CON LA PROTECCI\u00d3N DE DATOS PERSONALES NUESTRO COMPROMISO CON LA PROTECCI\u00d3N DE DATOS PERSONALES: \u201cPERSONAS INFORMADAS Y DATOS PROTEGIDOS\u201d La Direcci\u00f3n \/ \u00d3rgano de Gobierno de PINTURAS DECOLOR, S.L. (en adelante, el responsable del tratamiento), asume la m\u00e1xima responsabilidad y compromiso con el establecimiento, implementaci\u00f3n y mantenimiento de la presente Pol\u00edtica de Protecci\u00f3n de&hellip; \u7ee7\u7eed\u9605\u8bfbCompromiso con la protecci\u00f3n de datos personales\" \/>\n<meta property=\"og:url\" content=\"https:\/\/www.decolor.com\/zh\/compromiso-con-la-proteccion-de-datos-personales\/\" \/>\n<meta property=\"og:site_name\" content=\"Decolor\" \/>\n<meta property=\"article:modified_time\" content=\"2023-12-19T20:11:59+00:00\" \/>\n<meta name=\"twitter:card\" content=\"summary_large_image\" \/>\n<meta name=\"twitter:label1\" content=\"\u9884\u8ba1\u9605\u8bfb\u65f6\u95f4\" \/>\n\t<meta name=\"twitter:data1\" content=\"4 \u5206\" \/>\n<script type=\"application\/ld+json\" class=\"yoast-schema-graph\">{\"@context\":\"https:\/\/schema.org\",\"@graph\":[{\"@type\":\"WebPage\",\"@id\":\"https:\/\/www.decolor.com\/ru\/compromiso-con-la-proteccion-de-datos-personales\/\",\"url\":\"https:\/\/www.decolor.com\/ru\/compromiso-con-la-proteccion-de-datos-personales\/\",\"name\":\"Compromiso con la protecci\u00f3n de datos personales - Decolor\",\"isPartOf\":{\"@id\":\"https:\/\/www.decolor.com\/it\/#website\"},\"datePublished\":\"2023-12-19T18:41:28+00:00\",\"dateModified\":\"2023-12-19T20:11:59+00:00\",\"breadcrumb\":{\"@id\":\"https:\/\/www.decolor.com\/ru\/compromiso-con-la-proteccion-de-datos-personales\/#breadcrumb\"},\"inLanguage\":\"zh-Hans\",\"potentialAction\":[{\"@type\":\"ReadAction\",\"target\":[\"https:\/\/www.decolor.com\/ru\/compromiso-con-la-proteccion-de-datos-personales\/\"]}]},{\"@type\":\"BreadcrumbList\",\"@id\":\"https:\/\/www.decolor.com\/ru\/compromiso-con-la-proteccion-de-datos-personales\/#breadcrumb\",\"itemListElement\":[{\"@type\":\"ListItem\",\"position\":1,\"name\":\"Home\",\"item\":\"https:\/\/www.decolor.com\/\"},{\"@type\":\"ListItem\",\"position\":2,\"name\":\"Compromiso con la protecci\u00f3n de datos personales\"}]},{\"@type\":\"WebSite\",\"@id\":\"https:\/\/www.decolor.com\/it\/#website\",\"url\":\"https:\/\/www.decolor.com\/it\/\",\"name\":\"Decolor\",\"description\":\"Web Decolor\",\"publisher\":{\"@id\":\"https:\/\/www.decolor.com\/it\/#organization\"},\"potentialAction\":[{\"@type\":\"SearchAction\",\"target\":{\"@type\":\"EntryPoint\",\"urlTemplate\":\"https:\/\/www.decolor.com\/it\/?s={search_term_string}\"},\"query-input\":{\"@type\":\"PropertyValueSpecification\",\"valueRequired\":true,\"valueName\":\"search_term_string\"}}],\"inLanguage\":\"zh-Hans\"},{\"@type\":\"Organization\",\"@id\":\"https:\/\/www.decolor.com\/it\/#organization\",\"name\":\"Decolor\",\"url\":\"https:\/\/www.decolor.com\/it\/\",\"logo\":{\"@type\":\"ImageObject\",\"inLanguage\":\"zh-Hans\",\"@id\":\"https:\/\/www.decolor.com\/it\/#\/schema\/logo\/image\/\",\"url\":\"https:\/\/www.decolor.com\/wp-content\/uploads\/2021\/02\/marca_principal_pinturas_decolor_color.png\",\"contentUrl\":\"https:\/\/www.decolor.com\/wp-content\/uploads\/2021\/02\/marca_principal_pinturas_decolor_color.png\",\"width\":1588,\"height\":421,\"caption\":\"Decolor\"},\"image\":{\"@id\":\"https:\/\/www.decolor.com\/it\/#\/schema\/logo\/image\/\"}}]}<\/script>\n<!-- \/ Yoast SEO plugin. -->","yoast_head_json":{"title":"Compromiso con la protecci\u00f3n de datos personales - Decolor","robots":{"index":"index","follow":"follow","max-snippet":"max-snippet:-1","max-image-preview":"max-image-preview:large","max-video-preview":"max-video-preview:-1"},"canonical":"https:\/\/www.decolor.com\/zh\/compromiso-con-la-proteccion-de-datos-personales\/","og_locale":"zh_CN","og_type":"article","og_title":"Compromiso con la protecci\u00f3n de datos personales - Decolor","og_description":"COMPROMISO CON LA PROTECCI\u00d3N DE DATOS PERSONALES NUESTRO COMPROMISO CON LA PROTECCI\u00d3N DE DATOS PERSONALES: \u201cPERSONAS INFORMADAS Y DATOS PROTEGIDOS\u201d La Direcci\u00f3n \/ \u00d3rgano de Gobierno de PINTURAS DECOLOR, S.L. (en adelante, el responsable del tratamiento), asume la m\u00e1xima responsabilidad y compromiso con el establecimiento, implementaci\u00f3n y mantenimiento de la presente Pol\u00edtica de Protecci\u00f3n de&hellip; \u7ee7\u7eed\u9605\u8bfbCompromiso con la protecci\u00f3n de datos personales","og_url":"https:\/\/www.decolor.com\/zh\/compromiso-con-la-proteccion-de-datos-personales\/","og_site_name":"Decolor","article_modified_time":"2023-12-19T20:11:59+00:00","twitter_card":"summary_large_image","twitter_misc":{"\u9884\u8ba1\u9605\u8bfb\u65f6\u95f4":"4 \u5206"},"schema":{"@context":"https:\/\/schema.org","@graph":[{"@type":"WebPage","@id":"https:\/\/www.decolor.com\/ru\/compromiso-con-la-proteccion-de-datos-personales\/","url":"https:\/\/www.decolor.com\/ru\/compromiso-con-la-proteccion-de-datos-personales\/","name":"Compromiso con la protecci\u00f3n de datos personales - Decolor","isPartOf":{"@id":"https:\/\/www.decolor.com\/it\/#website"},"datePublished":"2023-12-19T18:41:28+00:00","dateModified":"2023-12-19T20:11:59+00:00","breadcrumb":{"@id":"https:\/\/www.decolor.com\/ru\/compromiso-con-la-proteccion-de-datos-personales\/#breadcrumb"},"inLanguage":"zh-Hans","potentialAction":[{"@type":"ReadAction","target":["https:\/\/www.decolor.com\/ru\/compromiso-con-la-proteccion-de-datos-personales\/"]}]},{"@type":"BreadcrumbList","@id":"https:\/\/www.decolor.com\/ru\/compromiso-con-la-proteccion-de-datos-personales\/#breadcrumb","itemListElement":[{"@type":"ListItem","position":1,"name":"Home","item":"https:\/\/www.decolor.com\/"},{"@type":"ListItem","position":2,"name":"Compromiso con la protecci\u00f3n de datos personales"}]},{"@type":"WebSite","@id":"https:\/\/www.decolor.com\/it\/#website","url":"https:\/\/www.decolor.com\/it\/","name":"\u989c\u8272","description":"\u7f51\u9875\u8131\u8272","publisher":{"@id":"https:\/\/www.decolor.com\/it\/#organization"},"potentialAction":[{"@type":"SearchAction","target":{"@type":"EntryPoint","urlTemplate":"https:\/\/www.decolor.com\/it\/?s={search_term_string}"},"query-input":{"@type":"PropertyValueSpecification","valueRequired":true,"valueName":"search_term_string"}}],"inLanguage":"zh-Hans"},{"@type":"Organization","@id":"https:\/\/www.decolor.com\/it\/#organization","name":"\u989c\u8272","url":"https:\/\/www.decolor.com\/it\/","logo":{"@type":"ImageObject","inLanguage":"zh-Hans","@id":"https:\/\/www.decolor.com\/it\/#\/schema\/logo\/image\/","url":"https:\/\/www.decolor.com\/wp-content\/uploads\/2021\/02\/marca_principal_pinturas_decolor_color.png","contentUrl":"https:\/\/www.decolor.com\/wp-content\/uploads\/2021\/02\/marca_principal_pinturas_decolor_color.png","width":1588,"height":421,"caption":"Decolor"},"image":{"@id":"https:\/\/www.decolor.com\/it\/#\/schema\/logo\/image\/"}}]}},"_links":{"self":[{"href":"https:\/\/www.decolor.com\/zh\/wp-json\/wp\/v2\/pages\/142765"}],"collection":[{"href":"https:\/\/www.decolor.com\/zh\/wp-json\/wp\/v2\/pages"}],"about":[{"href":"https:\/\/www.decolor.com\/zh\/wp-json\/wp\/v2\/types\/page"}],"author":[{"embeddable":true,"href":"https:\/\/www.decolor.com\/zh\/wp-json\/wp\/v2\/users\/1"}],"replies":[{"embeddable":true,"href":"https:\/\/www.decolor.com\/zh\/wp-json\/wp\/v2\/comments?post=142765"}],"version-history":[{"count":0,"href":"https:\/\/www.decolor.com\/zh\/wp-json\/wp\/v2\/pages\/142765\/revisions"}],"wp:attachment":[{"href":"https:\/\/www.decolor.com\/zh\/wp-json\/wp\/v2\/media?parent=142765"}],"curies":[{"name":"wp","href":"https:\/\/api.w.org\/{rel}","templated":true}]}}