{"id":153,"date":"2021-02-05T08:32:30","date_gmt":"2021-02-05T08:32:30","guid":{"rendered":"https:\/\/desarrollo5.capazita.com\/?page_id=153"},"modified":"2024-08-29T08:10:27","modified_gmt":"2024-08-29T08:10:27","slug":"noticias","status":"publish","type":"page","link":"https:\/\/www.decolor.com\/zh\/noticias\/","title":{"rendered":"\u6d88\u606f"},"content":{"rendered":"<div data-elementor-type=\"wp-page\" data-elementor-id=\"153\" class=\"elementor elementor-153\" data-elementor-post-type=\"page\">\n\t\t\t\t\t\t<section data-particle_enable=\"false\" data-particle-mobile-disabled=\"false\" class=\"elementor-section elementor-top-section elementor-element elementor-element-257608be elementor-section-height-min-height elementor-section-items-stretch elementor-section-boxed elementor-section-height-default\" data-id=\"257608be\" data-element_type=\"section\" data-settings=\"{&quot;background_background&quot;:&quot;classic&quot;}\">\n\t\t\t\t\t\t\t<div class=\"elementor-background-overlay\"><\/div>\n\t\t\t\t\t\t\t<div class=\"elementor-container elementor-column-gap-default\">\n\t\t\t\t\t<div class=\"elementor-column elementor-col-50 elementor-top-column elementor-element elementor-element-5b98099c\" data-id=\"5b98099c\" data-element_type=\"column\">\n\t\t\t<div class=\"elementor-widget-wrap elementor-element-populated\">\n\t\t\t\t\t\t<div class=\"elementor-element elementor-element-37c428da elementor-widget elementor-widget-heading\" data-id=\"37c428da\" data-element_type=\"widget\" data-widget_type=\"heading.default\">\n\t\t\t\t<div class=\"elementor-widget-container\">\n\t\t\t<h1 class=\"elementor-heading-title elementor-size-default\">\u6d88\u606f<\/h1>\t\t<\/div>\n\t\t\t\t<\/div>\n\t\t\t\t<div class=\"elementor-element elementor-element-d3e9b80 elementor-widget elementor-widget-heading\" data-id=\"d3e9b80\" data-element_type=\"widget\" data-widget_type=\"heading.default\">\n\t\t\t\t<div class=\"elementor-widget-container\">\n\t\t\t<h4 class=\"elementor-heading-title elementor-size-default\">\u968f\u65f6\u4e86\u89e3 Decolor \u7684\u6240\u6709\u65b0\u95fb<\/h4>\t\t<\/div>\n\t\t\t\t<\/div>\n\t\t\t\t\t<\/div>\n\t\t<\/div>\n\t\t\t\t<div class=\"elementor-column elementor-col-50 elementor-top-column elementor-element elementor-element-7bf82d68 elementor-hidden-tablet elementor-hidden-phone\" data-id=\"7bf82d68\" data-element_type=\"column\">\n\t\t\t<div class=\"elementor-widget-wrap\">\n\t\t\t\t\t\t\t<\/div>\n\t\t<\/div>\n\t\t\t\t\t<\/div>\n\t\t<\/section>\n\t\t\t\t<section data-particle_enable=\"false\" data-particle-mobile-disabled=\"false\" class=\"elementor-section elementor-top-section elementor-element elementor-element-5c51d934 elementor-section-boxed elementor-section-height-default elementor-section-height-default\" data-id=\"5c51d934\" data-element_type=\"section\">\n\t\t\t\t\t\t<div class=\"elementor-container elementor-column-gap-default\">\n\t\t\t\t\t<div class=\"elementor-column elementor-col-100 elementor-top-column elementor-element elementor-element-46c305d6\" data-id=\"46c305d6\" data-element_type=\"column\">\n\t\t\t<div class=\"elementor-widget-wrap elementor-element-populated\">\n\t\t\t\t\t\t<section data-particle_enable=\"false\" data-particle-mobile-disabled=\"false\" class=\"elementor-section elementor-inner-section elementor-element elementor-element-74c282b elementor-section-full_width elementor-section-height-default elementor-section-height-default\" data-id=\"74c282b\" data-element_type=\"section\">\n\t\t\t\t\t\t<div class=\"elementor-container elementor-column-gap-default\">\n\t\t\t\t\t<div class=\"elementor-column elementor-col-50 elementor-inner-column elementor-element elementor-element-eb9f97e\" data-id=\"eb9f97e\" data-element_type=\"column\">\n\t\t\t<div class=\"elementor-widget-wrap\">\n\t\t\t\t\t\t\t<\/div>\n\t\t<\/div>\n\t\t\t\t<div class=\"elementor-column elementor-col-50 elementor-inner-column elementor-element elementor-element-6c86a7e\" data-id=\"6c86a7e\" data-element_type=\"column\">\n\t\t\t<div class=\"elementor-widget-wrap\">\n\t\t\t\t\t\t\t<\/div>\n\t\t<\/div>\n\t\t\t\t\t<\/div>\n\t\t<\/section>\n\t\t\t\t<div class=\"elementor-element elementor-element-3522bb60 elementor-posts__hover-none elementor-grid-4 elementor-posts--align-left elementor-grid-tablet-2 elementor-grid-mobile-1 elementor-posts--thumbnail-top elementor-widget elementor-widget-posts\" data-id=\"3522bb60\" data-element_type=\"widget\" data-settings=\"{&quot;cards_columns&quot;:&quot;4&quot;,&quot;cards_row_gap&quot;:{&quot;unit&quot;:&quot;px&quot;,&quot;size&quot;:50,&quot;sizes&quot;:[]},&quot;pagination_type&quot;:&quot;numbers&quot;,&quot;cards_columns_tablet&quot;:&quot;2&quot;,&quot;cards_columns_mobile&quot;:&quot;1&quot;,&quot;cards_row_gap_tablet&quot;:{&quot;unit&quot;:&quot;px&quot;,&quot;size&quot;:&quot;&quot;,&quot;sizes&quot;:[]},&quot;cards_row_gap_mobile&quot;:{&quot;unit&quot;:&quot;px&quot;,&quot;size&quot;:&quot;&quot;,&quot;sizes&quot;:[]}}\" data-widget_type=\"posts.cards\">\n\t\t\t\t<div class=\"elementor-widget-container\">\n\t\t\t\t\t<div class=\"elementor-posts-container elementor-posts elementor-posts--skin-cards elementor-grid\">\n\t\t\t\t<article class=\"elementor-post elementor-grid-item post-151654 post type-post status-publish format-standard has-post-thumbnail hentry category-decolor entry\">\n\t\t\t<div class=\"elementor-post__card\">\n\t\t\t\t<a class=\"elementor-post__thumbnail__link\" href=\"https:\/\/www.decolor.com\/zh\/2026\/03\/05\/empresa-de-pintura-profesional-como-trabajar-con-un-fabricante-fiable-como-distribuidor\/\" tabindex=\"-1\" target=\"_blank\"><div class=\"elementor-post__thumbnail\"><img fetchpriority=\"high\" decoding=\"async\" width=\"750\" height=\"422\" src=\"https:\/\/www.decolor.com\/wp-content\/uploads\/2026\/02\/portada_blog-1.jpg\" class=\"attachment-large size-large wp-image-151655\" alt=\"Empresa de pintura profesional: c\u00f3mo trabajar con un fabricante fiable como distribuidor\" style=\"width:100%;height:56.25%;max-width:1920px;\" \/><\/div><\/a>\n\t\t\t\t<div class=\"elementor-post__text\">\n\t\t\t\t<h3 class=\"elementor-post__title\">\n\t\t\t<a href=\"https:\/\/www.decolor.com\/zh\/2026\/03\/05\/empresa-de-pintura-profesional-como-trabajar-con-un-fabricante-fiable-como-distribuidor\/\" target=\"&quot;_blank&quot;\">\n\t\t\t\t\u4e13\u4e1a\u6cb9\u6f06\u516c\u53f8\uff1a\u5982\u4f55\u4e0e\u53ef\u9760\u7684\u5236\u9020\u5546\u5408\u4f5c\u5f00\u5c55\u5206\u9500\u4e1a\u52a1\t\t\t<\/a>\n\t\t<\/h3>\n\t\t\t\t<div class=\"elementor-post__excerpt\">\n\t\t\t<p>\u5728\u5efa\u7b51\u3001\u7ffb\u65b0\u548c\u5de5\u4e1a\u9886\u57df\uff0c\u9009\u62e9\u4e00\u5bb6\u4e13\u4e1a\u7684\u6cb9\u6f06\u516c\u53f8\u4e0d\u4ec5\u4ec5\u662f\u4ea7\u54c1\u7684\u95ee\u9898\uff0c\u800c\u662f\u2026\u2026<\/p>\n\t\t<\/div>\n\t\t\n\t\t<a class=\"elementor-post__read-more\" href=\"https:\/\/www.decolor.com\/zh\/2026\/03\/05\/empresa-de-pintura-profesional-como-trabajar-con-un-fabricante-fiable-como-distribuidor\/\" aria-label=\"Read more about Empresa de pintura profesional: c\u00f3mo trabajar con un fabricante fiable como distribuidor\" tabindex=\"-1\" target=\"_blank\">\n\t\t\t\u9605\u8bfb\u66f4\u591a\t\t<\/a>\n\n\t\t\t\t<\/div>\n\t\t\t\t<div class=\"elementor-post__meta-data\">\n\t\t\t\t\t<span class=\"elementor-post-date\">\n\t\t\t5 3 \u6708, 2026\t\t<\/span>\n\t\t\t\t<\/div>\n\t\t\t\t\t<\/div>\n\t\t<\/article>\n\t\t\t\t<article class=\"elementor-post elementor-grid-item post-151585 post type-post status-publish format-standard has-post-thumbnail hentry category-decolor entry\">\n\t\t\t<div class=\"elementor-post__card\">\n\t\t\t\t<a class=\"elementor-post__thumbnail__link\" href=\"https:\/\/www.decolor.com\/zh\/2026\/02\/16\/fabricantes-de-pinturas-industriales-en-espana-calidad-innovacion-y-soluciones-profesionales\/\" tabindex=\"-1\" target=\"_blank\"><div class=\"elementor-post__thumbnail\"><img decoding=\"async\" width=\"750\" height=\"422\" src=\"https:\/\/www.decolor.com\/wp-content\/uploads\/2026\/01\/portada_blog-1.jpg\" class=\"attachment-large size-large wp-image-151586\" alt=\"Fabricantes de pinturas industriales en Espa\u00f1a: calidad, innovaci\u00f3n y soluciones profesionales\" style=\"width:100%;height:56.25%;max-width:1920px;\" \/><\/div><\/a>\n\t\t\t\t<div class=\"elementor-post__text\">\n\t\t\t\t<h3 class=\"elementor-post__title\">\n\t\t\t<a href=\"https:\/\/www.decolor.com\/zh\/2026\/02\/16\/fabricantes-de-pinturas-industriales-en-espana-calidad-innovacion-y-soluciones-profesionales\/\" target=\"&quot;_blank&quot;\">\n\t\t\t\t\u897f\u73ed\u7259\u5de5\u4e1a\u6d82\u6599\u5236\u9020\u5546\uff1a\u54c1\u8d28\u3001\u521b\u65b0\u548c\u4e13\u4e1a\u89e3\u51b3\u65b9\u6848\t\t\t<\/a>\n\t\t<\/h3>\n\t\t\t\t<div class=\"elementor-post__excerpt\">\n\t\t\t<p>\u8fd1\u5e74\u6765\uff0c\u5728\u5bf9\u66f4\u8010\u7528\u3001\u66f4\u53ef\u6301\u7eed\u7684\u4ea7\u54c1\u7684\u9700\u6c42\u63a8\u52a8\u4e0b\uff0c\u6d82\u6599\u884c\u4e1a\u53d1\u751f\u4e86\u663e\u8457\u53d8\u5316\u3002<\/p>\n\t\t<\/div>\n\t\t\n\t\t<a class=\"elementor-post__read-more\" href=\"https:\/\/www.decolor.com\/zh\/2026\/02\/16\/fabricantes-de-pinturas-industriales-en-espana-calidad-innovacion-y-soluciones-profesionales\/\" aria-label=\"Read more about Fabricantes de pinturas industriales en Espa\u00f1a: calidad, innovaci\u00f3n y soluciones profesionales\" tabindex=\"-1\" target=\"_blank\">\n\t\t\t\u9605\u8bfb\u66f4\u591a\t\t<\/a>\n\n\t\t\t\t<\/div>\n\t\t\t\t<div class=\"elementor-post__meta-data\">\n\t\t\t\t\t<span class=\"elementor-post-date\">\n\t\t\t16 2 \u6708, 2026\t\t<\/span>\n\t\t\t\t<\/div>\n\t\t\t\t\t<\/div>\n\t\t<\/article>\n\t\t\t\t<article class=\"elementor-post elementor-grid-item post-151579 post type-post status-publish format-standard has-post-thumbnail hentry category-decolor entry\">\n\t\t\t<div class=\"elementor-post__card\">\n\t\t\t\t<a class=\"elementor-post__thumbnail__link\" href=\"https:\/\/www.decolor.com\/zh\/2026\/01\/26\/decolor-fabrica-de-pinturas-especializada-en-soluciones-profesionales\/\" tabindex=\"-1\" target=\"_blank\"><div class=\"elementor-post__thumbnail\"><img decoding=\"async\" width=\"750\" height=\"422\" src=\"https:\/\/www.decolor.com\/wp-content\/uploads\/2026\/01\/portada_blog.jpg\" class=\"attachment-large size-large wp-image-151580\" alt=\"Descubre DECOLOR, f\u00e1brica de pinturas especializada en soluciones profesionales para distribuidores y empresas. Calidad, innovaci\u00f3n y fabricaci\u00f3n responsable.\" style=\"width:100%;height:56.25%;max-width:1920px;\" \/><\/div><\/a>\n\t\t\t\t<div class=\"elementor-post__text\">\n\t\t\t\t<h3 class=\"elementor-post__title\">\n\t\t\t<a href=\"https:\/\/www.decolor.com\/zh\/2026\/01\/26\/decolor-fabrica-de-pinturas-especializada-en-soluciones-profesionales\/\" target=\"&quot;_blank&quot;\">\n\t\t\t\t\u8fea\u79d1\u6d1b\u5c14\uff1a\u4e13\u4e1a\u6d82\u6599\u89e3\u51b3\u65b9\u6848\u7684\u6cb9\u6f06\u5de5\u5382\t\t\t<\/a>\n\t\t<\/h3>\n\t\t\t\t<div class=\"elementor-post__excerpt\">\n\t\t\t<p>\u5728\u7ade\u4e89\u65e5\u76ca\u6fc0\u70c8\u7684\u884c\u4e1a\u4e2d\uff0c\u5bf9\u4e8e\u5206\u9500\u5546\u800c\u8a00\uff0c\u9009\u62e9\u4e00\u5bb6\u80fd\u591f\u4fdd\u8bc1\u8d28\u91cf\u3001\u53ef\u9760\u6027\u548c\u6301\u7eed\u4f9b\u5e94\u7684\u6cb9\u6f06\u5382\u81f3\u5173\u91cd\u8981\u3002<\/p>\n\t\t<\/div>\n\t\t\n\t\t<a class=\"elementor-post__read-more\" href=\"https:\/\/www.decolor.com\/zh\/2026\/01\/26\/decolor-fabrica-de-pinturas-especializada-en-soluciones-profesionales\/\" aria-label=\"Read more about DECOLOR: f\u00e1brica de pinturas especializada en soluciones profesionales\" tabindex=\"-1\" target=\"_blank\">\n\t\t\t\u9605\u8bfb\u66f4\u591a\t\t<\/a>\n\n\t\t\t\t<\/div>\n\t\t\t\t<div class=\"elementor-post__meta-data\">\n\t\t\t\t\t<span class=\"elementor-post-date\">\n\t\t\t26 1 \u6708, 2026\t\t<\/span>\n\t\t\t\t<\/div>\n\t\t\t\t\t<\/div>\n\t\t<\/article>\n\t\t\t\t<article class=\"elementor-post elementor-grid-item post-151548 post type-post status-publish format-standard has-post-thumbnail hentry category-decolor entry\">\n\t\t\t<div class=\"elementor-post__card\">\n\t\t\t\t<a class=\"elementor-post__thumbnail__link\" href=\"https:\/\/www.decolor.com\/zh\/2025\/12\/20\/fabricacion-de-pinturas-y-compromiso-sostenibilidad\/\" tabindex=\"-1\" target=\"_blank\"><div class=\"elementor-post__thumbnail\"><img loading=\"lazy\" decoding=\"async\" width=\"750\" height=\"422\" src=\"https:\/\/www.decolor.com\/wp-content\/uploads\/2025\/12\/portada_blog-1-1024x576.jpg\" class=\"attachment-large size-large wp-image-151549\" alt=\"DECOLOR y su compromiso con la sostenibilidad: innovaci\u00f3n responsable en la fabricaci\u00f3n de pinturas\" srcset=\"https:\/\/www.decolor.com\/wp-content\/uploads\/2025\/12\/portada_blog-1-1024x576.jpg 1024w, https:\/\/www.decolor.com\/wp-content\/uploads\/2025\/12\/portada_blog-1-300x169.jpg 300w, https:\/\/www.decolor.com\/wp-content\/uploads\/2025\/12\/portada_blog-1-768x432.jpg 768w, https:\/\/www.decolor.com\/wp-content\/uploads\/2025\/12\/portada_blog-1-1536x864.jpg 1536w, https:\/\/www.decolor.com\/wp-content\/uploads\/2025\/12\/portada_blog-1-18x10.jpg 18w, https:\/\/www.decolor.com\/wp-content\/uploads\/2025\/12\/portada_blog-1-1568x882.jpg 1568w, https:\/\/www.decolor.com\/wp-content\/uploads\/2025\/12\/portada_blog-1.jpg 1920w\" sizes=\"(max-width: 750px) 100vw, 750px\" style=\"width:100%;height:56.25%;max-width:1920px;\" \/><\/div><\/a>\n\t\t\t\t<div class=\"elementor-post__text\">\n\t\t\t\t<h3 class=\"elementor-post__title\">\n\t\t\t<a href=\"https:\/\/www.decolor.com\/zh\/2025\/12\/20\/fabricacion-de-pinturas-y-compromiso-sostenibilidad\/\" target=\"&quot;_blank&quot;\">\n\t\t\t\t\u8fea\u79d1\u4e50\u53ca\u5176\u5bf9\u53ef\u6301\u7eed\u53d1\u5c55\u7684\u627f\u8bfa\uff1a\u6d82\u6599\u5236\u9020\u9886\u57df\u7684\u8d1f\u8d23\u4efb\u521b\u65b0\t\t\t<\/a>\n\t\t<\/h3>\n\t\t\t\t<div class=\"elementor-post__excerpt\">\n\t\t\t<p>\u8fd1\u51e0\u5341\u5e74\u6765\uff0c\u6d82\u6599\u884c\u4e1a\u53d1\u751f\u4e86\u663e\u8457\u53d8\u5316\u3002\u5982\u4eca\uff0c\u4ec5\u4ec5\u63d0\u4f9b\u9ad8\u6027\u80fd\u4ea7\u54c1\u5df2\u7ecf\u8fdc\u8fdc\u4e0d\u591f\u4e86\uff1a<\/p>\n\t\t<\/div>\n\t\t\n\t\t<a class=\"elementor-post__read-more\" href=\"https:\/\/www.decolor.com\/zh\/2025\/12\/20\/fabricacion-de-pinturas-y-compromiso-sostenibilidad\/\" aria-label=\"Read more about DECOLOR y su compromiso con la sostenibilidad: innovaci\u00f3n responsable en la fabricaci\u00f3n de pinturas\" tabindex=\"-1\" target=\"_blank\">\n\t\t\t\u9605\u8bfb\u66f4\u591a\t\t<\/a>\n\n\t\t\t\t<\/div>\n\t\t\t\t<div class=\"elementor-post__meta-data\">\n\t\t\t\t\t<span class=\"elementor-post-date\">\n\t\t\t20 12 \u6708, 2025\t\t<\/span>\n\t\t\t\t<\/div>\n\t\t\t\t\t<\/div>\n\t\t<\/article>\n\t\t\t\t<\/div>\n\t\t\n\t\t\t\t<div class=\"e-load-more-anchor\" data-page=\"1\" data-max-page=\"14\" data-next-page=\"https:\/\/www.decolor.com\/zh\/wp-json\/wp\/v2\/pages\/153\/page\/2\/\"><\/div>\n\t\t\t\t<nav class=\"elementor-pagination\" aria-label=\"\u5206\u9875\">\n\t\t\t<span aria-current=\"page\" class=\"page-numbers current\"><span class=\"elementor-screen-only\">\u9875<\/span>1<\/span>\n<a class=\"page-numbers\" href=\"https:\/\/www.decolor.com\/zh\/wp-json\/wp\/v2\/pages\/153\/page\/2\/\"><span class=\"elementor-screen-only\">\u9875<\/span>2<\/a>\n<a class=\"page-numbers\" href=\"https:\/\/www.decolor.com\/zh\/wp-json\/wp\/v2\/pages\/153\/page\/3\/\"><span class=\"elementor-screen-only\">\u9875<\/span>3<\/a>\n<a class=\"page-numbers\" href=\"https:\/\/www.decolor.com\/zh\/wp-json\/wp\/v2\/pages\/153\/page\/4\/\"><span class=\"elementor-screen-only\">\u9875<\/span>4<\/a>\n<a class=\"page-numbers\" href=\"https:\/\/www.decolor.com\/zh\/wp-json\/wp\/v2\/pages\/153\/page\/5\/\"><span class=\"elementor-screen-only\">\u9875<\/span>5<\/a>\n<a class=\"page-numbers\" href=\"https:\/\/www.decolor.com\/zh\/wp-json\/wp\/v2\/pages\/153\/page\/6\/\"><span class=\"elementor-screen-only\">\u9875<\/span>6<\/a>\n<a class=\"page-numbers\" href=\"https:\/\/www.decolor.com\/zh\/wp-json\/wp\/v2\/pages\/153\/page\/7\/\"><span class=\"elementor-screen-only\">\u9875<\/span>7<\/a>\n<a class=\"page-numbers\" href=\"https:\/\/www.decolor.com\/zh\/wp-json\/wp\/v2\/pages\/153\/page\/8\/\"><span class=\"elementor-screen-only\">\u9875<\/span>8<\/a>\n<a class=\"page-numbers\" href=\"https:\/\/www.decolor.com\/zh\/wp-json\/wp\/v2\/pages\/153\/page\/9\/\"><span class=\"elementor-screen-only\">\u9875<\/span>9<\/a>\n<a class=\"page-numbers\" href=\"https:\/\/www.decolor.com\/zh\/wp-json\/wp\/v2\/pages\/153\/page\/10\/\"><span class=\"elementor-screen-only\">\u9875<\/span>10<\/a>\n<a class=\"page-numbers\" href=\"https:\/\/www.decolor.com\/zh\/wp-json\/wp\/v2\/pages\/153\/page\/11\/\"><span class=\"elementor-screen-only\">\u9875<\/span>11<\/a>\n<a class=\"page-numbers\" href=\"https:\/\/www.decolor.com\/zh\/wp-json\/wp\/v2\/pages\/153\/page\/12\/\"><span class=\"elementor-screen-only\">\u9875<\/span>12<\/a>\n<a class=\"page-numbers\" href=\"https:\/\/www.decolor.com\/zh\/wp-json\/wp\/v2\/pages\/153\/page\/13\/\"><span class=\"elementor-screen-only\">\u9875<\/span>13<\/a>\n<a class=\"page-numbers\" href=\"https:\/\/www.decolor.com\/zh\/wp-json\/wp\/v2\/pages\/153\/page\/14\/\"><span class=\"elementor-screen-only\">\u9875<\/span>14<\/a>\t\t<\/nav>\n\t\t\t\t<\/div>\n\t\t\t\t<\/div>\n\t\t\t\t<div class=\"elementor-element elementor-element-4ea058c0 elementor-widget__width-auto elementor-absolute elementor-view-default elementor-widget elementor-widget-icon\" data-id=\"4ea058c0\" data-element_type=\"widget\" data-settings=\"{&quot;_position&quot;:&quot;absolute&quot;}\" data-widget_type=\"icon.default\">\n\t\t\t\t<div class=\"elementor-widget-container\">\n\t\t\t\t\t<div class=\"elementor-icon-wrapper\">\n\t\t\t<div class=\"elementor-icon\">\n\t\t\t<svg xmlns=\"http:\/\/www.w3.org\/2000\/svg\" id=\"a72f1db4-4b9f-4cbc-ac4c-a54efeaf8336\" data-name=\"Layer 1\" width=\"100\" height=\"100\" viewbox=\"0 0 100 100\"><title>Shape<\/title><path id=\"aecdc5f9-a79f-465f-8b06-186d589ccd57\" data-name=\"Shape\" d=\"M0,100V0H50V50h50v50Z\" style=\"fill-rule:evenodd\"><\/path><\/svg>\t\t\t<\/div>\n\t\t<\/div>\n\t\t\t\t<\/div>\n\t\t\t\t<\/div>\n\t\t\t\t\t<\/div>\n\t\t<\/div>\n\t\t\t\t\t<\/div>\n\t\t<\/section>\n\t\t\t\t<\/div>","protected":false},"excerpt":{"rendered":"<p>\u65b0\u95fb \u968f\u65f6\u4e86\u89e3\u6709\u5173 Decolor Shape \u7684\u6240\u6709\u65b0\u95fb<\/p>","protected":false},"author":2,"featured_media":0,"parent":0,"menu_order":0,"comment_status":"closed","ping_status":"closed","template":"elementor_header_footer","meta":{"_acf_changed":false,"footnotes":""},"class_list":["post-153","page","type-page","status-publish","hentry","entry"],"acf":[],"yoast_head":"<!-- This site is optimized with the Yoast SEO plugin v23.4 - https:\/\/yoast.com\/wordpress\/plugins\/seo\/ -->\n<title>Noticias - Decolor<\/title>\n<meta name=\"robots\" content=\"index, follow, max-snippet:-1, max-image-preview:large, max-video-preview:-1\" \/>\n<link rel=\"canonical\" href=\"https:\/\/www.decolor.com\/zh\/noticias\/\" \/>\n<meta property=\"og:locale\" content=\"zh_CN\" \/>\n<meta property=\"og:type\" content=\"article\" \/>\n<meta property=\"og:title\" content=\"Noticias - Decolor\" \/>\n<meta property=\"og:description\" content=\"Noticias Mantente informado de todas las novedades de Decolor Shape\" \/>\n<meta property=\"og:url\" content=\"https:\/\/www.decolor.com\/zh\/noticias\/\" \/>\n<meta property=\"og:site_name\" content=\"Decolor\" \/>\n<meta property=\"article:modified_time\" content=\"2024-08-29T08:10:27+00:00\" \/>\n<meta name=\"twitter:card\" content=\"summary_large_image\" \/>\n<meta name=\"twitter:label1\" content=\"\u9884\u8ba1\u9605\u8bfb\u65f6\u95f4\" \/>\n\t<meta name=\"twitter:data1\" content=\"4 \u5206\" \/>\n<script type=\"application\/ld+json\" class=\"yoast-schema-graph\">{\"@context\":\"https:\/\/schema.org\",\"@graph\":[{\"@type\":\"WebPage\",\"@id\":\"https:\/\/www.decolor.com\/it\/noticias\/\",\"url\":\"https:\/\/www.decolor.com\/it\/noticias\/\",\"name\":\"Noticias - Decolor\",\"isPartOf\":{\"@id\":\"https:\/\/www.decolor.com\/it\/#website\"},\"datePublished\":\"2021-02-05T08:32:30+00:00\",\"dateModified\":\"2024-08-29T08:10:27+00:00\",\"breadcrumb\":{\"@id\":\"https:\/\/www.decolor.com\/it\/noticias\/#breadcrumb\"},\"inLanguage\":\"zh-Hans\",\"potentialAction\":[{\"@type\":\"ReadAction\",\"target\":[\"https:\/\/www.decolor.com\/it\/noticias\/\"]}]},{\"@type\":\"BreadcrumbList\",\"@id\":\"https:\/\/www.decolor.com\/it\/noticias\/#breadcrumb\",\"itemListElement\":[{\"@type\":\"ListItem\",\"position\":1,\"name\":\"Home\",\"item\":\"https:\/\/www.decolor.com\/\"},{\"@type\":\"ListItem\",\"position\":2,\"name\":\"Noticias\"}]},{\"@type\":\"WebSite\",\"@id\":\"https:\/\/www.decolor.com\/it\/#website\",\"url\":\"https:\/\/www.decolor.com\/it\/\",\"name\":\"Decolor\",\"description\":\"Web Decolor\",\"publisher\":{\"@id\":\"https:\/\/www.decolor.com\/it\/#organization\"},\"potentialAction\":[{\"@type\":\"SearchAction\",\"target\":{\"@type\":\"EntryPoint\",\"urlTemplate\":\"https:\/\/www.decolor.com\/it\/?s={search_term_string}\"},\"query-input\":{\"@type\":\"PropertyValueSpecification\",\"valueRequired\":true,\"valueName\":\"search_term_string\"}}],\"inLanguage\":\"zh-Hans\"},{\"@type\":\"Organization\",\"@id\":\"https:\/\/www.decolor.com\/it\/#organization\",\"name\":\"Decolor\",\"url\":\"https:\/\/www.decolor.com\/it\/\",\"logo\":{\"@type\":\"ImageObject\",\"inLanguage\":\"zh-Hans\",\"@id\":\"https:\/\/www.decolor.com\/it\/#\/schema\/logo\/image\/\",\"url\":\"https:\/\/www.decolor.com\/wp-content\/uploads\/2021\/02\/marca_principal_pinturas_decolor_color.png\",\"contentUrl\":\"https:\/\/www.decolor.com\/wp-content\/uploads\/2021\/02\/marca_principal_pinturas_decolor_color.png\",\"width\":1588,\"height\":421,\"caption\":\"Decolor\"},\"image\":{\"@id\":\"https:\/\/www.decolor.com\/it\/#\/schema\/logo\/image\/\"}}]}<\/script>\n<!-- \/ Yoast SEO plugin. -->","yoast_head_json":{"title":"Noticias - Decolor","robots":{"index":"index","follow":"follow","max-snippet":"max-snippet:-1","max-image-preview":"max-image-preview:large","max-video-preview":"max-video-preview:-1"},"canonical":"https:\/\/www.decolor.com\/zh\/noticias\/","og_locale":"zh_CN","og_type":"article","og_title":"Noticias - Decolor","og_description":"Noticias Mantente informado de todas las novedades de Decolor Shape","og_url":"https:\/\/www.decolor.com\/zh\/noticias\/","og_site_name":"Decolor","article_modified_time":"2024-08-29T08:10:27+00:00","twitter_card":"summary_large_image","twitter_misc":{"\u9884\u8ba1\u9605\u8bfb\u65f6\u95f4":"4 \u5206"},"schema":{"@context":"https:\/\/schema.org","@graph":[{"@type":"WebPage","@id":"https:\/\/www.decolor.com\/it\/noticias\/","url":"https:\/\/www.decolor.com\/it\/noticias\/","name":"Noticias - Decolor","isPartOf":{"@id":"https:\/\/www.decolor.com\/it\/#website"},"datePublished":"2021-02-05T08:32:30+00:00","dateModified":"2024-08-29T08:10:27+00:00","breadcrumb":{"@id":"https:\/\/www.decolor.com\/it\/noticias\/#breadcrumb"},"inLanguage":"zh-Hans","potentialAction":[{"@type":"ReadAction","target":["https:\/\/www.decolor.com\/it\/noticias\/"]}]},{"@type":"BreadcrumbList","@id":"https:\/\/www.decolor.com\/it\/noticias\/#breadcrumb","itemListElement":[{"@type":"ListItem","position":1,"name":"Home","item":"https:\/\/www.decolor.com\/"},{"@type":"ListItem","position":2,"name":"Noticias"}]},{"@type":"WebSite","@id":"https:\/\/www.decolor.com\/it\/#website","url":"https:\/\/www.decolor.com\/it\/","name":"\u989c\u8272","description":"\u7f51\u9875\u8131\u8272","publisher":{"@id":"https:\/\/www.decolor.com\/it\/#organization"},"potentialAction":[{"@type":"SearchAction","target":{"@type":"EntryPoint","urlTemplate":"https:\/\/www.decolor.com\/it\/?s={search_term_string}"},"query-input":{"@type":"PropertyValueSpecification","valueRequired":true,"valueName":"search_term_string"}}],"inLanguage":"zh-Hans"},{"@type":"Organization","@id":"https:\/\/www.decolor.com\/it\/#organization","name":"\u989c\u8272","url":"https:\/\/www.decolor.com\/it\/","logo":{"@type":"ImageObject","inLanguage":"zh-Hans","@id":"https:\/\/www.decolor.com\/it\/#\/schema\/logo\/image\/","url":"https:\/\/www.decolor.com\/wp-content\/uploads\/2021\/02\/marca_principal_pinturas_decolor_color.png","contentUrl":"https:\/\/www.decolor.com\/wp-content\/uploads\/2021\/02\/marca_principal_pinturas_decolor_color.png","width":1588,"height":421,"caption":"Decolor"},"image":{"@id":"https:\/\/www.decolor.com\/it\/#\/schema\/logo\/image\/"}}]}},"_links":{"self":[{"href":"https:\/\/www.decolor.com\/zh\/wp-json\/wp\/v2\/pages\/153"}],"collection":[{"href":"https:\/\/www.decolor.com\/zh\/wp-json\/wp\/v2\/pages"}],"about":[{"href":"https:\/\/www.decolor.com\/zh\/wp-json\/wp\/v2\/types\/page"}],"author":[{"embeddable":true,"href":"https:\/\/www.decolor.com\/zh\/wp-json\/wp\/v2\/users\/2"}],"replies":[{"embeddable":true,"href":"https:\/\/www.decolor.com\/zh\/wp-json\/wp\/v2\/comments?post=153"}],"version-history":[{"count":3,"href":"https:\/\/www.decolor.com\/zh\/wp-json\/wp\/v2\/pages\/153\/revisions"}],"predecessor-version":[{"id":148756,"href":"https:\/\/www.decolor.com\/zh\/wp-json\/wp\/v2\/pages\/153\/revisions\/148756"}],"wp:attachment":[{"href":"https:\/\/www.decolor.com\/zh\/wp-json\/wp\/v2\/media?parent=153"}],"curies":[{"name":"wp","href":"https:\/\/api.w.org\/{rel}","templated":true}]}}